{"id":82279,"date":"2025-03-16T15:56:50","date_gmt":"2025-03-16T15:56:50","guid":{"rendered":"https:\/\/vallizabban.com\/p\/asfaltival-special\/"},"modified":"2025-03-16T15:56:54","modified_gmt":"2025-03-16T15:56:54","slug":"asfaltival-special","status":"publish","type":"product","link":"https:\/\/vallizabban.com\/en\/p\/asfaltival-special\/","title":{"rendered":"ASFALTIVAL SPECIAL"},"content":{"rendered":"<h4>COMPOUND<\/h4>\n<p>ASFALTIVAL SPECIAL \u00e8 un conglomerato bituminoso lavorabile a temperatura ambiente. ASFALTIVAL  SPECIAL \u00e8 una miscela di aggregati selezionati (sabbie, graniglie di prima categoria). Il legante \u00e8 costituito  da bitume, oli vegetali ecocompatibili, plastificanti ed additivi che rendono la miscela facilmente lavorabile per  un lungo tempo (oltre sei mesi) dal confezionamento. ASFALTIVAL SPECIAL \u00e8 un prodotto disponibile in  due pezzature: 0\/10 mm e 0\/5 mm allo scopo di soddisfare le varie esigenze applicative. Esso ha un\u2019unica  formulazione estiva ed invernale. Il comportamento di ASFALTIVAL SPECIAL \u00e8 evolutivo nel tempo, diverso  dai conglomerati bituminosi lavorabili \u201ca caldo\u201d (150 \u00b0C) e dai conglomerati cementizi. 000<BR><BR><\/p>\n<h4>USE<\/h4>\n<p>Cold application bituminous conglomerate<\/p>\n","protected":false},"excerpt":{"rendered":"<p>Cold application bituminous conglomerate<\/p>\n","protected":false},"featured_media":0,"template":"","meta":[],"product_brand":[],"product_cat":[10668],"product_tag":[],"class_list":{"0":"post-82279","1":"product","2":"type-product","3":"status-publish","5":"product_cat-liquid-waterproofing-protective-paints-and-accessories","6":"pa_all-a-trazione-l-t-n-5cm-9409-fr","7":"pa_carico-a-trazione-l-t-n-5cm-9217-fr","8":"pa_carico-lacerazioni-l-t-9177-de","9":"pa_flessibilita-a-freddo-10448-en","10":"pa_metri-per-pezzo-0-015","11":"pa_metri-per-pezzo-0-02","12":"pa_metri-per-pezzo-0-025","13":"pa_metri-per-pezzo-0-03","14":"pa_modalita-di-posa-9242-fr","15":"pa_pallet-9204-de","16":"pa_peso-kg-mq-9192-de","17":"pa_pezzi-per-bancale-1-2","18":"pa_pezzi-per-bancale-1-35","19":"pa_pezzi-per-bancale-1-5","20":"pa_spessore-nominale-mm-9191-fr","21":"pa_superficie-inferiore-9174-fr","22":"pa_superficie-superiore-9201-de","23":"pa_tipologia-armatura-9203-de","25":"first","26":"instock","27":"product-type-variable"},"_links":{"self":[{"href":"https:\/\/vallizabban.com\/en\/wp-json\/wp\/v2\/product\/82279","targetHints":{"allow":["GET"]}}],"collection":[{"href":"https:\/\/vallizabban.com\/en\/wp-json\/wp\/v2\/product"}],"about":[{"href":"https:\/\/vallizabban.com\/en\/wp-json\/wp\/v2\/types\/product"}],"wp:attachment":[{"href":"https:\/\/vallizabban.com\/en\/wp-json\/wp\/v2\/media?parent=82279"}],"wp:term":[{"taxonomy":"product_brand","embeddable":true,"href":"https:\/\/vallizabban.com\/en\/wp-json\/wp\/v2\/product_brand?post=82279"},{"taxonomy":"product_cat","embeddable":true,"href":"https:\/\/vallizabban.com\/en\/wp-json\/wp\/v2\/product_cat?post=82279"},{"taxonomy":"product_tag","embeddable":true,"href":"https:\/\/vallizabban.com\/en\/wp-json\/wp\/v2\/product_tag?post=82279"}],"curies":[{"name":"wp","href":"https:\/\/api.w.org\/{rel}","templated":true}]}}