{"id":82602,"date":"2025-03-16T15:59:17","date_gmt":"2025-03-16T15:59:17","guid":{"rendered":"https:\/\/vallizabban.com\/p\/verval-primer-nero\/"},"modified":"2025-03-16T15:59:21","modified_gmt":"2025-03-16T15:59:21","slug":"verval-primer-nero","status":"publish","type":"product","link":"https:\/\/vallizabban.com\/en\/p\/verval-primer-nero\/","title":{"rendered":"VERVAL PRIMER NERO"},"content":{"rendered":"<h4>COMPOUND<\/h4>\n<p>Primer a base bitume e solventi organici rigenerati (mediante attivit\u00e0 in categoria R2).  VANTAGGI  &#8211; Blocca la polverosit\u00e0 e la porosit\u00e0 del calcestruzzo.  &#8211; Rapida essiccazione del film, assenza di appiccicosit\u00e0.  &#8211; Facilita la stesura di membrane bitume-polimero garantendo un valido ancoraggio.  &#8211; Ottima adesione e penetrazione su tutte le superfici cementizie asciutte.  &#8211; Non cola alle alte temperature e non infragilisce alle basse.  &#8211; Assenza di sostanze oleose superficiali residue.000<BR><BR><\/p>\n<h4>USE<\/h4>\n<p>Bituminous paint based on oxidized bi tumen and fast drying solvents with high covering and  protecting capacity<\/p>\n","protected":false},"excerpt":{"rendered":"<p>Bituminous paint based on oxidized bi tumen and fast drying solvents with high covering and<br \/>\nprotecting capacity<\/p>\n","protected":false},"featured_media":48934,"template":"","meta":[],"product_brand":[],"product_cat":[10668],"product_tag":[],"class_list":{"0":"post-82602","1":"product","2":"type-product","3":"status-publish","4":"has-post-thumbnail","6":"product_cat-liquid-waterproofing-protective-paints-and-accessories","7":"pa_all-a-trazione-l-t-n-5cm-9409-fr","8":"pa_carico-a-trazione-l-t-n-5cm-9217-fr","9":"pa_carico-lacerazioni-l-t-9177-de","10":"pa_flessibilita-a-freddo-10448-en","11":"pa_metri-per-pezzo-20-de","12":"pa_metri-per-pezzo-10735","13":"pa_modalita-di-posa-9242-fr","14":"pa_pallet-9204-de","15":"pa_peso-kg-mq-9192-de","16":"pa_pezzi-per-bancale-10709","17":"pa_pezzi-per-bancale-10755","18":"pa_pezzi-per-bancale-10754","19":"pa_spessore-nominale-mm-9191-fr","20":"pa_superficie-inferiore-9174-fr","21":"pa_superficie-superiore-9201-de","22":"pa_tipologia-armatura-9203-de","24":"first","25":"instock","26":"purchasable","27":"product-type-variable"},"_links":{"self":[{"href":"https:\/\/vallizabban.com\/en\/wp-json\/wp\/v2\/product\/82602","targetHints":{"allow":["GET"]}}],"collection":[{"href":"https:\/\/vallizabban.com\/en\/wp-json\/wp\/v2\/product"}],"about":[{"href":"https:\/\/vallizabban.com\/en\/wp-json\/wp\/v2\/types\/product"}],"wp:featuredmedia":[{"embeddable":true,"href":"https:\/\/vallizabban.com\/en\/wp-json\/wp\/v2\/media\/48934"}],"wp:attachment":[{"href":"https:\/\/vallizabban.com\/en\/wp-json\/wp\/v2\/media?parent=82602"}],"wp:term":[{"taxonomy":"product_brand","embeddable":true,"href":"https:\/\/vallizabban.com\/en\/wp-json\/wp\/v2\/product_brand?post=82602"},{"taxonomy":"product_cat","embeddable":true,"href":"https:\/\/vallizabban.com\/en\/wp-json\/wp\/v2\/product_cat?post=82602"},{"taxonomy":"product_tag","embeddable":true,"href":"https:\/\/vallizabban.com\/en\/wp-json\/wp\/v2\/product_tag?post=82602"}],"curies":[{"name":"wp","href":"https:\/\/api.w.org\/{rel}","templated":true}]}}