{"id":52057,"date":"2022-06-25T10:13:25","date_gmt":"2022-06-25T10:13:25","guid":{"rendered":"https:\/\/vallizabban.com\/productos\/"},"modified":"2022-07-04T10:13:43","modified_gmt":"2022-07-04T10:13:43","slug":"productos","status":"publish","type":"page","link":"https:\/\/vallizabban.com\/es\/productos\/","title":{"rendered":"Productos"},"content":{"rendered":"\t\t<div data-elementor-type=\"wp-page\" data-elementor-id=\"52057\" class=\"elementor elementor-52057 elementor-34076\" data-elementor-post-type=\"page\">\n\t\t\t\t\t\t<section class=\"elementor-section elementor-top-section elementor-element elementor-element-e1bb091 elementor-section-full_width elementor-section-height-min-height elementor-section-height-default elementor-section-items-middle\" data-id=\"e1bb091\" data-element_type=\"section\" data-e-type=\"section\" data-settings=\"{&quot;background_background&quot;:&quot;slideshow&quot;,&quot;background_slideshow_gallery&quot;:[{&quot;id&quot;:34069,&quot;url&quot;:&quot;https:\\\/\\\/vallizabban.com\\\/wp-content\\\/uploads\\\/2021\\\/11\\\/slide_strade.jpg&quot;},{&quot;id&quot;:32423,&quot;url&quot;:&quot;https:\\\/\\\/vallizabban.com\\\/wp-content\\\/uploads\\\/2021\\\/10\\\/1920x300_SISTEMI_IMPERMEABILIZZAZIONE-1024x160-1.jpg&quot;},{&quot;id&quot;:34057,&quot;url&quot;:&quot;https:\\\/\\\/vallizabban.com\\\/wp-content\\\/uploads\\\/2021\\\/11\\\/1200X400_ACUSTICA.jpg&quot;}],&quot;background_slideshow_slide_transition&quot;:&quot;slide_right&quot;,&quot;background_slideshow_loop&quot;:&quot;yes&quot;,&quot;background_slideshow_slide_duration&quot;:5000,&quot;background_slideshow_transition_duration&quot;:500}\">\n\t\t\t\t\t\t<div class=\"elementor-container elementor-column-gap-default\">\n\t\t\t\t\t<div class=\"elementor-column elementor-col-100 elementor-top-column elementor-element elementor-element-906883e\" data-id=\"906883e\" data-element_type=\"column\" data-e-type=\"column\">\n\t\t\t<div class=\"elementor-widget-wrap\">\n\t\t\t\t\t\t\t<\/div>\n\t\t<\/div>\n\t\t\t\t\t<\/div>\n\t\t<\/section>\n\t\t\t\t<section class=\"elementor-section elementor-top-section elementor-element elementor-element-d7ab510 elementor-section-boxed elementor-section-height-default elementor-section-height-default\" data-id=\"d7ab510\" data-element_type=\"section\" data-e-type=\"section\" data-settings=\"{&quot;background_background&quot;:&quot;classic&quot;}\">\n\t\t\t\t\t\t<div class=\"elementor-container elementor-column-gap-default\">\n\t\t\t\t\t<div class=\"elementor-column elementor-col-100 elementor-top-column elementor-element elementor-element-f5da936\" data-id=\"f5da936\" data-element_type=\"column\" data-e-type=\"column\">\n\t\t\t<div class=\"elementor-widget-wrap elementor-element-populated\">\n\t\t\t\t\t\t<div class=\"elementor-element elementor-element-344764a elementor-widget elementor-widget-heading\" data-id=\"344764a\" data-element_type=\"widget\" data-e-type=\"widget\" data-widget_type=\"heading.default\">\n\t\t\t\t<div class=\"elementor-widget-container\">\n\t\t\t\t\t<h3 class=\"elementor-heading-title elementor-size-default\">NUESTROS <b>PRODUCTOS<\/b><\/h3>\t\t\t\t<\/div>\n\t\t\t\t<\/div>\n\t\t\t\t\t<\/div>\n\t\t<\/div>\n\t\t\t\t\t<\/div>\n\t\t<\/section>\n\t\t\t\t<section class=\"elementor-section elementor-top-section elementor-element elementor-element-c5a9864 elementor-hidden-tablet elementor-hidden-mobile elementor-section-boxed elementor-section-height-default elementor-section-height-default\" data-id=\"c5a9864\" data-element_type=\"section\" data-e-type=\"section\">\n\t\t\t\t\t\t<div class=\"elementor-container elementor-column-gap-default\">\n\t\t\t\t\t<div class=\"elementor-column elementor-col-33 elementor-top-column elementor-element elementor-element-86ce9d6\" data-id=\"86ce9d6\" data-element_type=\"column\" data-e-type=\"column\">\n\t\t\t<div class=\"elementor-widget-wrap elementor-element-populated\">\n\t\t\t\t\t\t<div class=\"elementor-element elementor-element-95ad019 elementor-widget elementor-widget-image\" data-id=\"95ad019\" data-element_type=\"widget\" data-e-type=\"widget\" data-widget_type=\"image.default\">\n\t\t\t\t<div class=\"elementor-widget-container\">\n\t\t\t\t\t\t\t\t\t\t\t\t\t\t\t\t<a href=\"https:\/\/vallizabban.com\/es\/tecnologias-viales\/\">\n\t\t\t\t\t\t\t<img fetchpriority=\"high\" decoding=\"async\" width=\"379\" height=\"132\" src=\"https:\/\/vallizabban.com\/wp-content\/uploads\/2022\/07\/ico_tenologia_viales-1.png\" class=\"attachment-full size-full wp-image-57157\" alt=\"Tecnolog\u00ecas viales\" srcset=\"https:\/\/vallizabban.com\/wp-content\/uploads\/2022\/07\/ico_tenologia_viales-1.png 379w, https:\/\/vallizabban.com\/wp-content\/uploads\/2022\/07\/ico_tenologia_viales-1-300x104.png 300w\" sizes=\"(max-width: 379px) 100vw, 379px\" \/>\t\t\t\t\t\t\t\t<\/a>\n\t\t\t\t\t\t\t\t\t\t\t\t\t\t\t<\/div>\n\t\t\t\t<\/div>\n\t\t\t\t<div class=\"elementor-element elementor-element-d5f6db1 elementor-widget elementor-widget-text-editor\" data-id=\"d5f6db1\" data-element_type=\"widget\" data-e-type=\"widget\" data-widget_type=\"text-editor.default\">\n\t\t\t\t<div class=\"elementor-widget-container\">\n\t\t\t\t\t\t\t\t\t<div class=\"kc-elm kc-css-56151 kc_col-sm-4 kc_column_inner kc_col-sm-4\"><div class=\"kc_wrapper kc-col-inner-container\"><div class=\"kc-elm kc-css-556373 kc_text_block\"><p>El sector de <strong>Tecnolog\u00edas Viales<\/strong> se dedica a la transformaci\u00f3n del bet\u00fan para la construcci\u00f3n y el mantenimiento ordinario y extraordinario de carreteras seguras y medioambientalmente sostenibles<\/p><\/div><\/div><\/div><div class=\"kc-elm kc-css-856974 kc_col-sm-4 kc_column_inner kc_col-sm-4\"><div class=\"kc_wrapper kc-col-inner-container\"><div class=\"kc-elm kc-css-672751 kc_shortcode kc_single_image\"> <\/div><div class=\"kc-elm kc-css-672751 kc_shortcode kc_single_image\"> <\/div><div class=\"kc-elm kc-css-672751 kc_shortcode kc_single_image\"> <\/div><\/div><\/div>\t\t\t\t\t\t\t\t<\/div>\n\t\t\t\t<\/div>\n\t\t\t\t<div class=\"elementor-element elementor-element-0ccdb29 elementor-widget elementor-widget-button\" data-id=\"0ccdb29\" data-element_type=\"widget\" data-e-type=\"widget\" data-widget_type=\"button.default\">\n\t\t\t\t<div class=\"elementor-widget-container\">\n\t\t\t\t\t\t\t\t\t<div class=\"elementor-button-wrapper\">\n\t\t\t\t\t<a class=\"elementor-button elementor-button-link elementor-size-lg\" href=\"https:\/\/vallizabban.com\/es\/tecnologias-viales\/\">\n\t\t\t\t\t\t<span class=\"elementor-button-content-wrapper\">\n\t\t\t\t\t\t\t\t\t<span class=\"elementor-button-text\">IR A LOS PRODUCTOS<\/span>\n\t\t\t\t\t<\/span>\n\t\t\t\t\t<\/a>\n\t\t\t\t<\/div>\n\t\t\t\t\t\t\t\t<\/div>\n\t\t\t\t<\/div>\n\t\t\t\t\t<\/div>\n\t\t<\/div>\n\t\t\t\t<div class=\"elementor-column elementor-col-33 elementor-top-column elementor-element elementor-element-1dbd130\" data-id=\"1dbd130\" data-element_type=\"column\" data-e-type=\"column\">\n\t\t\t<div class=\"elementor-widget-wrap elementor-element-populated\">\n\t\t\t\t\t\t<div class=\"elementor-element elementor-element-ced1de8 elementor-widget elementor-widget-image\" data-id=\"ced1de8\" data-element_type=\"widget\" data-e-type=\"widget\" data-widget_type=\"image.default\">\n\t\t\t\t<div class=\"elementor-widget-container\">\n\t\t\t\t\t\t\t\t\t\t\t\t\t\t\t\t<a href=\"https:\/\/vallizabban.com\/es\/sistemas-de-impermeabilizacion\/\">\n\t\t\t\t\t\t\t<img decoding=\"async\" width=\"379\" height=\"132\" src=\"https:\/\/vallizabban.com\/wp-content\/uploads\/2022\/07\/ico_waterproofing_system_es-1.png\" class=\"attachment-full size-full wp-image-57162\" alt=\"Sistemas de impermeabilizaci\u00f2n\" srcset=\"https:\/\/vallizabban.com\/wp-content\/uploads\/2022\/07\/ico_waterproofing_system_es-1.png 379w, https:\/\/vallizabban.com\/wp-content\/uploads\/2022\/07\/ico_waterproofing_system_es-1-300x104.png 300w\" sizes=\"(max-width: 379px) 100vw, 379px\" \/>\t\t\t\t\t\t\t\t<\/a>\n\t\t\t\t\t\t\t\t\t\t\t\t\t\t\t<\/div>\n\t\t\t\t<\/div>\n\t\t\t\t<div class=\"elementor-element elementor-element-5f65941 elementor-widget elementor-widget-text-editor\" data-id=\"5f65941\" data-element_type=\"widget\" data-e-type=\"widget\" data-widget_type=\"text-editor.default\">\n\t\t\t\t<div class=\"elementor-widget-container\">\n\t\t\t\t\t\t\t\t\t<p>El sector de <strong>Sistemas de Impermeabilizaci\u00f3n<\/strong>, donde la empresa capitaliz\u00f3 en 1982 su cultura tecnol\u00f3gica en el conocimiento del bet\u00fan invirtiendo en un sector \u2014el de la impermeabilizaci\u00f3n en la construcci\u00f3n\u2014 donde pocos han alcanzado una posici\u00f3n de liderazgo.<\/p>\t\t\t\t\t\t\t\t<\/div>\n\t\t\t\t<\/div>\n\t\t\t\t<div class=\"elementor-element elementor-element-5e95ae9 elementor-align-center elementor-widget elementor-widget-button\" data-id=\"5e95ae9\" data-element_type=\"widget\" data-e-type=\"widget\" data-widget_type=\"button.default\">\n\t\t\t\t<div class=\"elementor-widget-container\">\n\t\t\t\t\t\t\t\t\t<div class=\"elementor-button-wrapper\">\n\t\t\t\t\t<a class=\"elementor-button elementor-button-link elementor-size-lg\" href=\"https:\/\/vallizabban.com\/es\/sistemas-de-impermeabilizacion\/\">\n\t\t\t\t\t\t<span class=\"elementor-button-content-wrapper\">\n\t\t\t\t\t\t\t\t\t<span class=\"elementor-button-text\">IR A LOS PRODUCTOS<\/span>\n\t\t\t\t\t<\/span>\n\t\t\t\t\t<\/a>\n\t\t\t\t<\/div>\n\t\t\t\t\t\t\t\t<\/div>\n\t\t\t\t<\/div>\n\t\t\t\t\t<\/div>\n\t\t<\/div>\n\t\t\t\t<div class=\"elementor-column elementor-col-33 elementor-top-column elementor-element elementor-element-4f1102f\" data-id=\"4f1102f\" data-element_type=\"column\" data-e-type=\"column\">\n\t\t\t<div class=\"elementor-widget-wrap elementor-element-populated\">\n\t\t\t\t\t\t<div class=\"elementor-element elementor-element-92c4646 elementor-widget elementor-widget-image\" data-id=\"92c4646\" data-element_type=\"widget\" data-e-type=\"widget\" data-widget_type=\"image.default\">\n\t\t\t\t<div class=\"elementor-widget-container\">\n\t\t\t\t\t\t\t\t\t\t\t\t\t\t\t\t<a href=\"https:\/\/aetoliavz.it\">\n\t\t\t\t\t\t\t<img decoding=\"async\" width=\"379\" height=\"132\" src=\"https:\/\/vallizabban.com\/wp-content\/uploads\/2022\/07\/ico_tenologia_del_gaucho-1.png\" class=\"attachment-full size-full wp-image-57152\" alt=\"Tecnolog\u00ecas del gaucho\" srcset=\"https:\/\/vallizabban.com\/wp-content\/uploads\/2022\/07\/ico_tenologia_del_gaucho-1.png 379w, https:\/\/vallizabban.com\/wp-content\/uploads\/2022\/07\/ico_tenologia_del_gaucho-1-300x104.png 300w\" sizes=\"(max-width: 379px) 100vw, 379px\" \/>\t\t\t\t\t\t\t\t<\/a>\n\t\t\t\t\t\t\t\t\t\t\t\t\t\t\t<\/div>\n\t\t\t\t<\/div>\n\t\t\t\t<div class=\"elementor-element elementor-element-1b362f1 elementor-widget elementor-widget-text-editor\" data-id=\"1b362f1\" data-element_type=\"widget\" data-e-type=\"widget\" data-widget_type=\"text-editor.default\">\n\t\t\t\t<div class=\"elementor-widget-container\">\n\t\t\t\t\t\t\t\t\t<p>El sector de <strong>Tecnolog\u00edas del Caucho<\/strong> naci\u00f3 en 2015 cuando Aetolia VZ, empresa l\u00edder en el reciclaje de caucho procedente de neum\u00e1ticos fuera de uso (NFU), especializada en el sector del aislamiento ac\u00fastico, pas\u00f3 a formar parte de Valli Zabban.<\/p>\t\t\t\t\t\t\t\t<\/div>\n\t\t\t\t<\/div>\n\t\t\t\t<div class=\"elementor-element elementor-element-3d3dd81 elementor-align-right elementor-widget elementor-widget-button\" data-id=\"3d3dd81\" data-element_type=\"widget\" data-e-type=\"widget\" data-widget_type=\"button.default\">\n\t\t\t\t<div class=\"elementor-widget-container\">\n\t\t\t\t\t\t\t\t\t<div class=\"elementor-button-wrapper\">\n\t\t\t\t\t<a class=\"elementor-button elementor-button-link elementor-size-lg\" href=\"https:\/\/aetoliavz.it\" target=\"_blank\">\n\t\t\t\t\t\t<span class=\"elementor-button-content-wrapper\">\n\t\t\t\t\t\t\t\t\t<span class=\"elementor-button-text\">IR A LOS PRODUCTOS<\/span>\n\t\t\t\t\t<\/span>\n\t\t\t\t\t<\/a>\n\t\t\t\t<\/div>\n\t\t\t\t\t\t\t\t<\/div>\n\t\t\t\t<\/div>\n\t\t\t\t\t<\/div>\n\t\t<\/div>\n\t\t\t\t\t<\/div>\n\t\t<\/section>\n\t\t\t\t<section class=\"elementor-section elementor-top-section elementor-element elementor-element-abc78c3 elementor-hidden-desktop elementor-section-boxed elementor-section-height-default elementor-section-height-default\" data-id=\"abc78c3\" data-element_type=\"section\" data-e-type=\"section\">\n\t\t\t\t\t\t<div class=\"elementor-container elementor-column-gap-default\">\n\t\t\t\t\t<div class=\"elementor-column elementor-col-33 elementor-top-column elementor-element elementor-element-3349f28\" data-id=\"3349f28\" data-element_type=\"column\" data-e-type=\"column\">\n\t\t\t<div class=\"elementor-widget-wrap elementor-element-populated\">\n\t\t\t\t\t\t<div class=\"elementor-element elementor-element-92acd21 elementor-widget elementor-widget-image\" data-id=\"92acd21\" data-element_type=\"widget\" data-e-type=\"widget\" data-widget_type=\"image.default\">\n\t\t\t\t<div class=\"elementor-widget-container\">\n\t\t\t\t\t\t\t\t\t\t\t\t\t\t\t\t<a href=\"https:\/\/vallizabban.com\/tecnologie-stradali\/\">\n\t\t\t\t\t\t\t<img fetchpriority=\"high\" decoding=\"async\" width=\"379\" height=\"132\" src=\"https:\/\/vallizabban.com\/wp-content\/uploads\/2022\/07\/ico_tenologia_viales-1.png\" class=\"attachment-full size-full wp-image-57157\" alt=\"Tecnolog\u00ecas viales\" srcset=\"https:\/\/vallizabban.com\/wp-content\/uploads\/2022\/07\/ico_tenologia_viales-1.png 379w, https:\/\/vallizabban.com\/wp-content\/uploads\/2022\/07\/ico_tenologia_viales-1-300x104.png 300w\" sizes=\"(max-width: 379px) 100vw, 379px\" \/>\t\t\t\t\t\t\t\t<\/a>\n\t\t\t\t\t\t\t\t\t\t\t\t\t\t\t<\/div>\n\t\t\t\t<\/div>\n\t\t\t\t<div class=\"elementor-element elementor-element-291ff31 elementor-widget elementor-widget-text-editor\" data-id=\"291ff31\" data-element_type=\"widget\" data-e-type=\"widget\" data-widget_type=\"text-editor.default\">\n\t\t\t\t<div class=\"elementor-widget-container\">\n\t\t\t\t\t\t\t\t\t<div class=\"kc-elm kc-css-56151 kc_col-sm-4 kc_column_inner kc_col-sm-4\"><div class=\"kc_wrapper kc-col-inner-container\"><div class=\"kc-elm kc-css-556373 kc_text_block\"><p>El sector de <strong>Tecnolog\u00edas Viales<\/strong> se dedica a la transformaci\u00f3n del bet\u00fan para la construcci\u00f3n y el mantenimiento ordinario y extraordinario de carreteras seguras y medioambientalmente sostenibles<\/p><\/div><\/div><\/div><div class=\"kc-elm kc-css-856974 kc_col-sm-4 kc_column_inner kc_col-sm-4\"><div class=\"kc_wrapper kc-col-inner-container\"><div class=\"kc-elm kc-css-672751 kc_shortcode kc_single_image\"> <\/div><div class=\"kc-elm kc-css-672751 kc_shortcode kc_single_image\"> <\/div><div class=\"kc-elm kc-css-672751 kc_shortcode kc_single_image\"> <\/div><\/div><\/div>\t\t\t\t\t\t\t\t<\/div>\n\t\t\t\t<\/div>\n\t\t\t\t<div class=\"elementor-element elementor-element-f09c549 elementor-mobile-align-center elementor-widget elementor-widget-button\" data-id=\"f09c549\" data-element_type=\"widget\" data-e-type=\"widget\" data-widget_type=\"button.default\">\n\t\t\t\t<div class=\"elementor-widget-container\">\n\t\t\t\t\t\t\t\t\t<div class=\"elementor-button-wrapper\">\n\t\t\t\t\t<a class=\"elementor-button elementor-button-link elementor-size-lg\" href=\"https:\/\/vallizabban.com\/tecnologie-stradali\/\">\n\t\t\t\t\t\t<span class=\"elementor-button-content-wrapper\">\n\t\t\t\t\t\t\t\t\t<span class=\"elementor-button-text\">IR A LOS PRODUCTOS<\/span>\n\t\t\t\t\t<\/span>\n\t\t\t\t\t<\/a>\n\t\t\t\t<\/div>\n\t\t\t\t\t\t\t\t<\/div>\n\t\t\t\t<\/div>\n\t\t\t\t\t<\/div>\n\t\t<\/div>\n\t\t\t\t<div class=\"elementor-column elementor-col-33 elementor-top-column elementor-element elementor-element-eced346\" data-id=\"eced346\" data-element_type=\"column\" data-e-type=\"column\">\n\t\t\t<div class=\"elementor-widget-wrap elementor-element-populated\">\n\t\t\t\t\t\t<div class=\"elementor-element elementor-element-6cf960e elementor-widget elementor-widget-image\" data-id=\"6cf960e\" data-element_type=\"widget\" data-e-type=\"widget\" data-widget_type=\"image.default\">\n\t\t\t\t<div class=\"elementor-widget-container\">\n\t\t\t\t\t\t\t\t\t\t\t\t\t\t\t\t<a href=\"https:\/\/vallizabban.com\/sistemi-di-impermeabilizzazione\/\">\n\t\t\t\t\t\t\t<img decoding=\"async\" width=\"379\" height=\"132\" src=\"https:\/\/vallizabban.com\/wp-content\/uploads\/2022\/07\/ico_waterproofing_system_es-1.png\" class=\"attachment-full size-full wp-image-57162\" alt=\"Sistemas de impermeabilizaci\u00f2n\" srcset=\"https:\/\/vallizabban.com\/wp-content\/uploads\/2022\/07\/ico_waterproofing_system_es-1.png 379w, https:\/\/vallizabban.com\/wp-content\/uploads\/2022\/07\/ico_waterproofing_system_es-1-300x104.png 300w\" sizes=\"(max-width: 379px) 100vw, 379px\" \/>\t\t\t\t\t\t\t\t<\/a>\n\t\t\t\t\t\t\t\t\t\t\t\t\t\t\t<\/div>\n\t\t\t\t<\/div>\n\t\t\t\t<div class=\"elementor-element elementor-element-1b12ef3 elementor-widget elementor-widget-text-editor\" data-id=\"1b12ef3\" data-element_type=\"widget\" data-e-type=\"widget\" data-widget_type=\"text-editor.default\">\n\t\t\t\t<div class=\"elementor-widget-container\">\n\t\t\t\t\t\t\t\t\t<p>El sector de <strong>Sistemas de Impermeabilizaci\u00f3n<\/strong>, donde la empresa capitaliz\u00f3 en 1982 su cultura tecnol\u00f3gica en el conocimiento del bet\u00fan invirtiendo en un sector \u2014el de la impermeabilizaci\u00f3n en la construcci\u00f3n\u2014 donde pocos han alcanzado una posici\u00f3n de liderazgo.<\/p>\t\t\t\t\t\t\t\t<\/div>\n\t\t\t\t<\/div>\n\t\t\t\t<div class=\"elementor-element elementor-element-cf97557 elementor-align-center elementor-widget elementor-widget-button\" data-id=\"cf97557\" data-element_type=\"widget\" data-e-type=\"widget\" data-widget_type=\"button.default\">\n\t\t\t\t<div class=\"elementor-widget-container\">\n\t\t\t\t\t\t\t\t\t<div class=\"elementor-button-wrapper\">\n\t\t\t\t\t<a class=\"elementor-button elementor-button-link elementor-size-lg\" href=\"https:\/\/vallizabban.com\/sistemi-di-impermeabilizzazione\/\">\n\t\t\t\t\t\t<span class=\"elementor-button-content-wrapper\">\n\t\t\t\t\t\t\t\t\t<span class=\"elementor-button-text\">IR A LOS PRODUCTOS<\/span>\n\t\t\t\t\t<\/span>\n\t\t\t\t\t<\/a>\n\t\t\t\t<\/div>\n\t\t\t\t\t\t\t\t<\/div>\n\t\t\t\t<\/div>\n\t\t\t\t\t<\/div>\n\t\t<\/div>\n\t\t\t\t<div class=\"elementor-column elementor-col-33 elementor-top-column elementor-element elementor-element-1b4ead9\" data-id=\"1b4ead9\" data-element_type=\"column\" data-e-type=\"column\">\n\t\t\t<div class=\"elementor-widget-wrap elementor-element-populated\">\n\t\t\t\t\t\t<div class=\"elementor-element elementor-element-9f6afa9 elementor-widget elementor-widget-image\" data-id=\"9f6afa9\" data-element_type=\"widget\" data-e-type=\"widget\" data-widget_type=\"image.default\">\n\t\t\t\t<div class=\"elementor-widget-container\">\n\t\t\t\t\t\t\t\t\t\t\t\t\t\t\t\t<a href=\"https:\/\/aetoliavz.it\">\n\t\t\t\t\t\t\t<img decoding=\"async\" width=\"379\" height=\"132\" src=\"https:\/\/vallizabban.com\/wp-content\/uploads\/2022\/07\/ico_tenologia_del_gaucho-1.png\" class=\"attachment-full size-full wp-image-57152\" alt=\"Tecnolog\u00ecas del gaucho\" srcset=\"https:\/\/vallizabban.com\/wp-content\/uploads\/2022\/07\/ico_tenologia_del_gaucho-1.png 379w, https:\/\/vallizabban.com\/wp-content\/uploads\/2022\/07\/ico_tenologia_del_gaucho-1-300x104.png 300w\" sizes=\"(max-width: 379px) 100vw, 379px\" \/>\t\t\t\t\t\t\t\t<\/a>\n\t\t\t\t\t\t\t\t\t\t\t\t\t\t\t<\/div>\n\t\t\t\t<\/div>\n\t\t\t\t<div class=\"elementor-element elementor-element-cafd109 elementor-widget elementor-widget-text-editor\" data-id=\"cafd109\" data-element_type=\"widget\" data-e-type=\"widget\" data-widget_type=\"text-editor.default\">\n\t\t\t\t<div class=\"elementor-widget-container\">\n\t\t\t\t\t\t\t\t\t<p>El sector de <strong>Tecnolog\u00edas del Caucho<\/strong> naci\u00f3 en 2015 cuando Aetolia VZ, empresa l\u00edder en el reciclaje de caucho procedente de neum\u00e1ticos fuera de uso (NFU), especializada en el sector del aislamiento ac\u00fastico, pas\u00f3 a formar parte de Valli Zabban.<\/p>\t\t\t\t\t\t\t\t<\/div>\n\t\t\t\t<\/div>\n\t\t\t\t<div class=\"elementor-element elementor-element-8db573b elementor-align-right elementor-mobile-align-center elementor-widget elementor-widget-button\" data-id=\"8db573b\" data-element_type=\"widget\" data-e-type=\"widget\" data-widget_type=\"button.default\">\n\t\t\t\t<div class=\"elementor-widget-container\">\n\t\t\t\t\t\t\t\t\t<div class=\"elementor-button-wrapper\">\n\t\t\t\t\t<a class=\"elementor-button elementor-button-link elementor-size-lg\" href=\"https:\/\/aetoliavz.it\" target=\"_blank\">\n\t\t\t\t\t\t<span class=\"elementor-button-content-wrapper\">\n\t\t\t\t\t\t\t\t\t<span class=\"elementor-button-text\">IR A LOS PRODUCTOS<\/span>\n\t\t\t\t\t<\/span>\n\t\t\t\t\t<\/a>\n\t\t\t\t<\/div>\n\t\t\t\t\t\t\t\t<\/div>\n\t\t\t\t<\/div>\n\t\t\t\t\t<\/div>\n\t\t<\/div>\n\t\t\t\t\t<\/div>\n\t\t<\/section>\n\t\t\t\t<\/div>\n\t\t","protected":false},"excerpt":{"rendered":"<p>NUESTROS PRODUCTOS El sector de Tecnolog\u00edas Viales se dedica a la transformaci\u00f3n del bet\u00fan para la construcci\u00f3n y el mantenimiento ordinario y extraordinario de carreteras seguras y medioambientalmente sostenibles IR A LOS PRODUCTOS El sector de Sistemas de Impermeabilizaci\u00f3n, donde la empresa capitaliz\u00f3 en 1982 su cultura tecnol\u00f3gica en el conocimiento del bet\u00fan invirtiendo en [&hellip;]<\/p>\n","protected":false},"author":1,"featured_media":0,"parent":0,"menu_order":0,"comment_status":"closed","ping_status":"closed","template":"","meta":{"footnotes":""},"class_list":["post-52057","page","type-page","status-publish","hentry"],"_links":{"self":[{"href":"https:\/\/vallizabban.com\/es\/wp-json\/wp\/v2\/pages\/52057","targetHints":{"allow":["GET"]}}],"collection":[{"href":"https:\/\/vallizabban.com\/es\/wp-json\/wp\/v2\/pages"}],"about":[{"href":"https:\/\/vallizabban.com\/es\/wp-json\/wp\/v2\/types\/page"}],"author":[{"embeddable":true,"href":"https:\/\/vallizabban.com\/es\/wp-json\/wp\/v2\/users\/1"}],"replies":[{"embeddable":true,"href":"https:\/\/vallizabban.com\/es\/wp-json\/wp\/v2\/comments?post=52057"}],"version-history":[{"count":9,"href":"https:\/\/vallizabban.com\/es\/wp-json\/wp\/v2\/pages\/52057\/revisions"}],"predecessor-version":[{"id":57172,"href":"https:\/\/vallizabban.com\/es\/wp-json\/wp\/v2\/pages\/52057\/revisions\/57172"}],"wp:attachment":[{"href":"https:\/\/vallizabban.com\/es\/wp-json\/wp\/v2\/media?parent=52057"}],"curies":[{"name":"wp","href":"https:\/\/api.w.org\/{rel}","templated":true}]}}