{"id":52063,"date":"2022-06-25T10:25:39","date_gmt":"2022-06-25T10:25:39","guid":{"rendered":"https:\/\/vallizabban.com\/tecnologias-viales\/geocompuestos\/"},"modified":"2022-06-25T10:25:40","modified_gmt":"2022-06-25T10:25:40","slug":"geocompuestos","status":"publish","type":"page","link":"https:\/\/vallizabban.com\/es\/tecnologias-viales\/geocompuestos\/","title":{"rendered":"Geocompuestos"},"content":{"rendered":"\t\t<div data-elementor-type=\"wp-page\" data-elementor-id=\"52063\" class=\"elementor elementor-52063 elementor-34865\" data-elementor-post-type=\"page\">\n\t\t\t\t\t\t<section class=\"elementor-section elementor-top-section elementor-element elementor-element-3ba9e27 elementor-section-boxed elementor-section-height-default elementor-section-height-default\" data-id=\"3ba9e27\" data-element_type=\"section\" data-e-type=\"section\">\n\t\t\t\t\t\t<div class=\"elementor-container elementor-column-gap-default\">\n\t\t\t\t\t<div class=\"elementor-column elementor-col-100 elementor-top-column elementor-element elementor-element-54d08ee\" data-id=\"54d08ee\" data-element_type=\"column\" data-e-type=\"column\">\n\t\t\t<div class=\"elementor-widget-wrap elementor-element-populated\">\n\t\t\t\t\t\t<div class=\"elementor-element elementor-element-1de188e elementor-widget elementor-widget-woocommerce-breadcrumb\" data-id=\"1de188e\" data-element_type=\"widget\" data-e-type=\"widget\" data-widget_type=\"woocommerce-breadcrumb.default\">\n\t\t\t\t<div class=\"elementor-widget-container\">\n\t\t\t\t\t<nav class=\"woocommerce-breadcrumb\" aria-label=\"Breadcrumb\">Inicio<\/nav>\t\t\t\t<\/div>\n\t\t\t\t<\/div>\n\t\t\t\t\t<\/div>\n\t\t<\/div>\n\t\t\t\t\t<\/div>\n\t\t<\/section>\n\t\t\t\t<section class=\"elementor-section elementor-top-section elementor-element elementor-element-c373680 elementor-section-boxed elementor-section-height-default elementor-section-height-default\" data-id=\"c373680\" data-element_type=\"section\" data-e-type=\"section\">\n\t\t\t\t\t\t<div class=\"elementor-container elementor-column-gap-default\">\n\t\t\t\t\t<div class=\"elementor-column elementor-col-33 elementor-top-column elementor-element elementor-element-f491f0e\" data-id=\"f491f0e\" data-element_type=\"column\" data-e-type=\"column\">\n\t\t\t<div class=\"elementor-widget-wrap elementor-element-populated\">\n\t\t\t\t\t\t<div class=\"elementor-element elementor-element-27ba5b8 elementor-widget elementor-widget-wp-widget-bellows_navigation_widget\" data-id=\"27ba5b8\" data-element_type=\"widget\" data-e-type=\"widget\" data-widget_type=\"wp-widget-bellows_navigation_widget.default\">\n\t\t\t\t<div class=\"elementor-widget-container\">\n\t\t\t\t\t<nav id=\"bellows-main-5521\" class=\"bellows bellows-nojs bellows-main bellows-source-menu bellows-align-full bellows-skin-vanilla bellows-type- bellows-expand-current\"><ul id=\"menu-prodotti_stradali\" class=\"bellows-nav\" data-bellows-config=\"main\"><li id=\"menu-item-33915\" class=\"bellows-menu-item bellows-menu-item-type-custom bellows-menu-item-object-custom bellows-menu-item-has-children bellows-menu-item-33915 bellows-item-level-0\"><a  class=\"bellows-target\"><span class=\"bellows-target-title bellows-target-text\">Bitumi Modificati<\/span><button class=\"bellows-subtoggle\" aria-label=\"Toggle Submenu\"><i class=\"bellows-subtoggle-icon-expand fa fa-chevron-down\"><\/i><i class=\"bellows-subtoggle-icon-collapse fa fa-chevron-up\"><\/i><\/button><\/a>\n<ul class=\"bellows-submenu\">\n\t<li id=\"menu-item-33927\" class=\"bellows-menu-item bellows-menu-item-type-post_type bellows-menu-item-object-page bellows-menu-item-33927 bellows-item-level-1\"><a  href=\"https:\/\/vallizabban.com\/tecnologie-stradali\/bitumi-modificati-drenoval\/\" class=\"bellows-target\"><span class=\"bellows-target-title bellows-target-text\">DRENOVAL<\/span><\/a><\/li>\n\t<li id=\"menu-item-33960\" class=\"bellows-menu-item bellows-menu-item-type-post_type bellows-menu-item-object-page bellows-menu-item-33960 bellows-item-level-1\"><a  href=\"https:\/\/vallizabban.com\/tecnologie-stradali\/bitumi-modificati-lowval\/\" class=\"bellows-target\"><span class=\"bellows-target-title bellows-target-text\">LOWAL<\/span><\/a><\/li>\n\t<li id=\"menu-item-33962\" class=\"bellows-menu-item bellows-menu-item-type-post_type bellows-menu-item-object-page bellows-menu-item-33962 bellows-item-level-1\"><a  href=\"https:\/\/vallizabban.com\/tecnologie-stradali\/bitumi-modificati-rigenerval\/\" class=\"bellows-target\"><span class=\"bellows-target-title bellows-target-text\">RIGENERVAL<\/span><\/a><\/li>\n<\/ul>\n<\/li>\n<li id=\"menu-item-74668\" class=\"bellows-menu-item bellows-menu-item-type-custom bellows-menu-item-object-custom bellows-menu-item-74668 bellows-item-level-0\"><a  href=\"#\" class=\"bellows-target\"><span class=\"bellows-target-title bellows-target-text\">Bitumi Migliorati<\/span><\/a><\/li>\n<li id=\"menu-item-33916\" class=\"bellows-menu-item bellows-menu-item-type-custom bellows-menu-item-object-custom bellows-menu-item-has-children bellows-menu-item-33916 bellows-item-level-0\"><a  class=\"bellows-target\"><span class=\"bellows-target-title bellows-target-text\">Conglomerati bituminosi<\/span><button class=\"bellows-subtoggle\" aria-label=\"Toggle Submenu\"><i class=\"bellows-subtoggle-icon-expand fa fa-chevron-down\"><\/i><i class=\"bellows-subtoggle-icon-collapse fa fa-chevron-up\"><\/i><\/button><\/a>\n<ul class=\"bellows-submenu\">\n\t<li id=\"menu-item-33928\" class=\"bellows-menu-item bellows-menu-item-type-custom bellows-menu-item-object-custom bellows-menu-item-has-children bellows-menu-item-33928 bellows-item-level-1\"><a  class=\"bellows-target\"><span class=\"bellows-target-title bellows-target-text\">TRADIZIONALI<\/span><button class=\"bellows-subtoggle\" aria-label=\"Toggle Submenu\"><i class=\"bellows-subtoggle-icon-expand fa fa-chevron-down\"><\/i><i class=\"bellows-subtoggle-icon-collapse fa fa-chevron-up\"><\/i><\/button><\/a>\n\t<ul class=\"bellows-submenu\">\n\t\t<li id=\"menu-item-33977\" class=\"bellows-menu-item bellows-menu-item-type-post_type bellows-menu-item-object-page bellows-menu-item-33977 bellows-item-level-2\"><a  href=\"https:\/\/vallizabban.com\/tecnologie-stradali\/conglomerati-bituminosi-tradizionali-usura\/\" class=\"bellows-target\"><span class=\"bellows-target-title bellows-target-text\">DESGASTE TRADICIONAL<\/span><\/a><\/li>\n\t\t<li id=\"menu-item-33978\" class=\"bellows-menu-item bellows-menu-item-type-post_type bellows-menu-item-object-page bellows-menu-item-33978 bellows-item-level-2\"><a  href=\"https:\/\/vallizabban.com\/tecnologie-stradali\/conglomerati-bituminosi-tradizionali-binder\/\" class=\"bellows-target\"><span class=\"bellows-target-title bellows-target-text\">TRADICIONALES BINDER<\/span><\/a><\/li>\n\t\t<li id=\"menu-item-33979\" class=\"bellows-menu-item bellows-menu-item-type-post_type bellows-menu-item-object-page bellows-menu-item-33979 bellows-item-level-2\"><a  href=\"https:\/\/vallizabban.com\/tecnologie-stradali\/conglomerati-bituminosi-tradizionali-base\/\" class=\"bellows-target\"><span class=\"bellows-target-title bellows-target-text\">TRADICIONALES BASE<\/span><\/a><\/li>\n\t<\/ul>\n<\/li>\n\t<li id=\"menu-item-33963\" class=\"bellows-menu-item bellows-menu-item-type-custom bellows-menu-item-object-custom bellows-menu-item-has-children bellows-menu-item-33963 bellows-item-level-1\"><a  class=\"bellows-target\"><span class=\"bellows-target-title bellows-target-text\">MODIFICATI<\/span><button class=\"bellows-subtoggle\" aria-label=\"Toggle Submenu\"><i class=\"bellows-subtoggle-icon-expand fa fa-chevron-down\"><\/i><i class=\"bellows-subtoggle-icon-collapse fa fa-chevron-up\"><\/i><\/button><\/a>\n\t<ul class=\"bellows-submenu\">\n\t\t<li id=\"menu-item-34001\" class=\"bellows-menu-item bellows-menu-item-type-post_type bellows-menu-item-object-page bellows-menu-item-34001 bellows-item-level-2\"><a  href=\"https:\/\/vallizabban.com\/tecnologie-stradali\/conglomerati-bituminosi-modificati-usura\/\" class=\"bellows-target\"><span class=\"bellows-target-title bellows-target-text\">MODIFICADOS DESGASTE<\/span><\/a><\/li>\n\t\t<li id=\"menu-item-34002\" class=\"bellows-menu-item bellows-menu-item-type-post_type bellows-menu-item-object-page bellows-menu-item-34002 bellows-item-level-2\"><a  href=\"https:\/\/vallizabban.com\/tecnologie-stradali\/conglomerati-bituminosi-modificati-binder\/\" class=\"bellows-target\"><span class=\"bellows-target-title bellows-target-text\">MODIFICADOS BINDER<\/span><\/a><\/li>\n\t\t<li id=\"menu-item-34003\" class=\"bellows-menu-item bellows-menu-item-type-post_type bellows-menu-item-object-page bellows-menu-item-34003 bellows-item-level-2\"><a  href=\"https:\/\/vallizabban.com\/tecnologie-stradali\/conglomerati-bituminosi-modificati-base\/\" class=\"bellows-target\"><span class=\"bellows-target-title bellows-target-text\">MODIFICADOS BASE<\/span><\/a><\/li>\n\t<\/ul>\n<\/li>\n\t<li id=\"menu-item-34000\" class=\"bellows-menu-item bellows-menu-item-type-post_type bellows-menu-item-object-page bellows-menu-item-34000 bellows-item-level-1\"><a  href=\"https:\/\/vallizabban.com\/tecnologie-stradali\/conglomerati-bituminosi-a-freddo\/\" class=\"bellows-target\"><span class=\"bellows-target-title bellows-target-text\">FR\u00cdO<\/span><\/a><\/li>\n<\/ul>\n<\/li>\n<li id=\"menu-item-33917\" class=\"bellows-menu-item bellows-menu-item-type-custom bellows-menu-item-object-custom bellows-menu-item-has-children bellows-menu-item-33917 bellows-item-level-0\"><a  class=\"bellows-target\"><span class=\"bellows-target-title bellows-target-text\">Emulsioni Bituminose<\/span><button class=\"bellows-subtoggle\" aria-label=\"Toggle Submenu\"><i class=\"bellows-subtoggle-icon-expand fa fa-chevron-down\"><\/i><i class=\"bellows-subtoggle-icon-collapse fa fa-chevron-up\"><\/i><\/button><\/a>\n<ul class=\"bellows-submenu\">\n\t<li id=\"menu-item-34032\" class=\"bellows-menu-item bellows-menu-item-type-post_type bellows-menu-item-object-page bellows-menu-item-34032 bellows-item-level-1\"><a  href=\"https:\/\/vallizabban.com\/tecnologie-stradali\/emulsioni-bituminose-eco-val\/\" class=\"bellows-target\"><span class=\"bellows-target-title bellows-target-text\">ECO VAL<\/span><\/a><\/li>\n\t<li id=\"menu-item-34033\" class=\"bellows-menu-item bellows-menu-item-type-post_type bellows-menu-item-object-page bellows-menu-item-34033 bellows-item-level-1\"><a  href=\"https:\/\/vallizabban.com\/tecnologie-stradali\/emulsioni-bituminose-microtappeti\/\" class=\"bellows-target\"><span class=\"bellows-target-title bellows-target-text\">MICRO ALFOMBRAS<\/span><\/a><\/li>\n\t<li id=\"menu-item-34034\" class=\"bellows-menu-item bellows-menu-item-type-post_type bellows-menu-item-object-page bellows-menu-item-34034 bellows-item-level-1\"><a  href=\"https:\/\/vallizabban.com\/tecnologie-stradali\/emulsioni-bituminose-rigeval\/\" class=\"bellows-target\"><span class=\"bellows-target-title bellows-target-text\">RIGEVAL<\/span><\/a><\/li>\n\t<li id=\"menu-item-34035\" class=\"bellows-menu-item bellows-menu-item-type-post_type bellows-menu-item-object-page bellows-menu-item-34035 bellows-item-level-1\"><a  href=\"https:\/\/vallizabban.com\/tecnologie-stradali\/emulsioni-bituminose-helastoflex\/\" class=\"bellows-target\"><span class=\"bellows-target-title bellows-target-text\">HELASTOFLEX<\/span><\/a><\/li>\n\t<li id=\"menu-item-34036\" class=\"bellows-menu-item bellows-menu-item-type-post_type bellows-menu-item-object-page bellows-menu-item-34036 bellows-item-level-1\"><a  href=\"https:\/\/vallizabban.com\/tecnologie-stradali\/emulsioni-bituminose-helastoval\/\" class=\"bellows-target\"><span class=\"bellows-target-title bellows-target-text\">HELASTOVAL<\/span><\/a><\/li>\n\t<li id=\"menu-item-34037\" class=\"bellows-menu-item bellows-menu-item-type-post_type bellows-menu-item-object-page bellows-menu-item-34037 bellows-item-level-1\"><a  href=\"https:\/\/vallizabban.com\/tecnologie-stradali\/emulsioni-bituminose-idrobit\/\" class=\"bellows-target\"><span class=\"bellows-target-title bellows-target-text\">IDROBIT<\/span><\/a><\/li>\n<\/ul>\n<\/li>\n<li id=\"menu-item-34870\" class=\"bellows-menu-item bellows-menu-item-type-post_type bellows-menu-item-object-page bellows-menu-item-34870 bellows-item-level-0\"><a  href=\"https:\/\/vallizabban.com\/tecnologie-stradali\/geocompositi-adesival-road\/\" class=\"bellows-target\"><span class=\"bellows-target-title bellows-target-text\">Geocompuestos<\/span><\/a><\/li>\n<\/ul><\/nav>\t\t\t\t<\/div>\n\t\t\t\t<\/div>\n\t\t\t\t\t<\/div>\n\t\t<\/div>\n\t\t\t\t<div class=\"elementor-column elementor-col-66 elementor-top-column elementor-element elementor-element-efd991b\" data-id=\"efd991b\" data-element_type=\"column\" data-e-type=\"column\">\n\t\t\t<div class=\"elementor-widget-wrap elementor-element-populated\">\n\t\t\t\t\t\t<div class=\"elementor-element elementor-element-56f11e6 elementor-widget elementor-widget-text-editor\" data-id=\"56f11e6\" data-element_type=\"widget\" data-e-type=\"widget\" data-widget_type=\"text-editor.default\">\n\t\t\t\t<div class=\"elementor-widget-container\">\n\t\t\t\t\t\t\t\t\t<div class=\"tab_tecnologie\">\n<h2><b>GEOCOMPUESTOS<\/b><\/h2>\nADESIVAL ROAD es un sistema de refuerzo autoadhesivo que consiste en un paquete de bet\u00fan modificado con elast\u00f3meros de rendimiento adecuado, con una geomalla de fibra de vidrio incrustada en su interior. El paquete bituminoso permite una adecuada impermeabilizaci\u00f3n de la superficie de colocaci\u00f3n y la adhesi\u00f3n entre las capas, y tiene la capacidad de absorber las tensiones causadas por la acci\u00f3n del tr\u00e1fico o los cambios de temperatura. En combinaci\u00f3n, la geomalla confiere una gran resistencia y rigidez interponi\u00e9ndose a la migraci\u00f3n de la fisuraci\u00f3n.\n<ul>\n \t<li>MEMBRANA AUTOTERMOADHESIVA ADESIVAL ROAD EVOLUTION\n<div align=\"right\"><a class=\"elementor-button-link elementor-button elementor-size-small\" href=\"https:\/\/vallizabban.com\/wp-content\/uploads\/2020\/12\/CAPITOLATO-MEMBRANA-AUTOTERMOADESIVA-ADESIVAL-ROAD-EVOLUTION.pdf\" target=\"_blank\">\n<span class=\"elementor-button-content-wrapper\">\n<span class=\"elementor-button-icon elementor-align-icon-left\">\n<i class=\"fas fa-file-alt\" aria-hidden=\"true\"><\/i>\n<\/span>\n<span class=\"elementor-button-text\">ESPECIFICACIONES<\/span>\n<\/span>\n<\/a>\n<a class=\"elementor-button-link elementor-button elementor-size-small\" href=\"https:\/\/vallizabban.com\/wp-content\/uploads\/2020\/11\/Adesival-Road-Evolution-02-20-1.pdf\" target=\"_blank\"><span class=\"elementor-button-content-wrapper\">\n<span class=\"elementor-button-icon elementor-align-icon-left\">\n<i class=\"fas fa-file-signature\" aria-hidden=\"true\"><\/i>\n<\/span>\n<span class=\"elementor-button-text\">FICHA T\u00c9CNICA<\/span>\n<\/span>\n<\/a><\/div><\/li>\n<\/ul>\n<ul>\n \t<li>MEMBRANA AUTOTERMOADHESIVA ADESIVAL ROAD RECYCLING\n<div align=\"right\"><a class=\"elementor-button-link elementor-button elementor-size-small\" href=\"https:\/\/vallizabban.com\/wp-content\/uploads\/2020\/12\/CAPITOLATO-MEMBRANA-AUTOTERMOADESIVA-ADESIVAL-ROAD-RECYCLING.pdf\" target=\"_blank\">\n<span class=\"elementor-button-content-wrapper\">\n<span class=\"elementor-button-icon elementor-align-icon-left\">\n<i class=\"fas fa-file-alt\" aria-hidden=\"true\"><\/i>\n<\/span>\n<span class=\"elementor-button-text\">ESPECIFICACIONES<\/span>\n<\/span>\n<\/a>\n<a class=\"elementor-button-link elementor-button elementor-size-small\" href=\"https:\/\/vallizabban.com\/wp-content\/uploads\/2021\/02\/Adesival-Road-Recycling-11-15.pdf\" target=\"_blank\"><span class=\"elementor-button-content-wrapper\">\n<span class=\"elementor-button-icon elementor-align-icon-left\">\n<i class=\"fas fa-file-signature\" aria-hidden=\"true\"><\/i>\n<\/span>\n<span class=\"elementor-button-text\">FICHA T\u00c9CNICA<\/span>\n<\/span>\n<\/a><\/div><\/li>\n<\/ul>\n<ul>\n \t<li>MEMBRANA AUTOTERMOADHESIVA ADESIVAL ROAD T\n<div align=\"right\"><a class=\"elementor-button-link elementor-button elementor-size-small\" href=\"https:\/\/vallizabban.com\/wp-content\/uploads\/2020\/12\/CAPITOLATO-MEMBRANA-AUTOTERMOADESIVA-ADESIVAL-ROAD-T.pdf\" target=\"_blank\">\n<span class=\"elementor-button-content-wrapper\">\n<span class=\"elementor-button-icon elementor-align-icon-left\">\n<i class=\"fas fa-file-alt\" aria-hidden=\"true\"><\/i>\n<\/span>\n<span class=\"elementor-button-text\">ESPECIFICACIONES<\/span>\n<\/span>\n<\/a>\n<a class=\"elementor-button-link elementor-button elementor-size-small\" href=\"https:\/\/vallizabban.com\/wp-content\/uploads\/2020\/12\/Adesival-Road-T-03-18.pdf\" target=\"_blank\"><span class=\"elementor-button-content-wrapper\">\n<span class=\"elementor-button-icon elementor-align-icon-left\">\n<i class=\"fas fa-file-signature\" aria-hidden=\"true\"><\/i>\n<\/span>\n<span class=\"elementor-button-text\">FICHA T\u00c9CNICA<\/span>\n<\/span>\n<\/a><\/div><\/li>\n<\/ul>\n<\/div>\t\t\t\t\t\t\t\t<\/div>\n\t\t\t\t<\/div>\n\t\t\t\t\t<\/div>\n\t\t<\/div>\n\t\t\t\t\t<\/div>\n\t\t<\/section>\n\t\t\t\t<\/div>\n\t\t","protected":false},"excerpt":{"rendered":"<p>GEOCOMPUESTOS ADESIVAL ROAD es un sistema de refuerzo autoadhesivo que consiste en un paquete de bet\u00fan modificado con elast\u00f3meros de rendimiento adecuado, con una geomalla de fibra de vidrio incrustada en su interior. El paquete bituminoso permite una adecuada impermeabilizaci\u00f3n de la superficie de colocaci\u00f3n y la adhesi\u00f3n entre las capas, y tiene la capacidad [&hellip;]<\/p>\n","protected":false},"author":1,"featured_media":0,"parent":52059,"menu_order":0,"comment_status":"closed","ping_status":"closed","template":"","meta":{"footnotes":""},"class_list":["post-52063","page","type-page","status-publish","hentry"],"_links":{"self":[{"href":"https:\/\/vallizabban.com\/es\/wp-json\/wp\/v2\/pages\/52063","targetHints":{"allow":["GET"]}}],"collection":[{"href":"https:\/\/vallizabban.com\/es\/wp-json\/wp\/v2\/pages"}],"about":[{"href":"https:\/\/vallizabban.com\/es\/wp-json\/wp\/v2\/types\/page"}],"author":[{"embeddable":true,"href":"https:\/\/vallizabban.com\/es\/wp-json\/wp\/v2\/users\/1"}],"replies":[{"embeddable":true,"href":"https:\/\/vallizabban.com\/es\/wp-json\/wp\/v2\/comments?post=52063"}],"version-history":[{"count":0,"href":"https:\/\/vallizabban.com\/es\/wp-json\/wp\/v2\/pages\/52063\/revisions"}],"up":[{"embeddable":true,"href":"https:\/\/vallizabban.com\/es\/wp-json\/wp\/v2\/pages\/52059"}],"wp:attachment":[{"href":"https:\/\/vallizabban.com\/es\/wp-json\/wp\/v2\/media?parent=52063"}],"curies":[{"name":"wp","href":"https:\/\/api.w.org\/{rel}","templated":true}]}}