{"id":52065,"date":"2022-06-25T10:34:56","date_gmt":"2022-06-25T10:34:56","guid":{"rendered":"https:\/\/vallizabban.com\/tecnologias-viales\/drenoval\/"},"modified":"2024-10-09T16:48:45","modified_gmt":"2024-10-09T16:48:45","slug":"drenoval","status":"publish","type":"page","link":"https:\/\/vallizabban.com\/es\/tecnologias-viales\/drenoval\/","title":{"rendered":"DRENOVAL"},"content":{"rendered":"\t\t<div data-elementor-type=\"wp-page\" data-elementor-id=\"52065\" class=\"elementor elementor-52065 elementor-33921\" data-elementor-post-type=\"page\">\n\t\t\t\t\t\t<section class=\"elementor-section elementor-top-section elementor-element elementor-element-cccd9a3 elementor-section-boxed elementor-section-height-default elementor-section-height-default\" data-id=\"cccd9a3\" data-element_type=\"section\" data-e-type=\"section\">\n\t\t\t\t\t\t<div class=\"elementor-container elementor-column-gap-default\">\n\t\t\t\t\t<div class=\"elementor-column elementor-col-33 elementor-top-column elementor-element elementor-element-595f2b0\" data-id=\"595f2b0\" data-element_type=\"column\" data-e-type=\"column\">\n\t\t\t<div class=\"elementor-widget-wrap elementor-element-populated\">\n\t\t\t\t\t\t<div class=\"elementor-element elementor-element-2a169c1 elementor-widget elementor-widget-wp-widget-bellows_navigation_widget\" data-id=\"2a169c1\" data-element_type=\"widget\" data-e-type=\"widget\" data-widget_type=\"wp-widget-bellows_navigation_widget.default\">\n\t\t\t\t<div class=\"elementor-widget-container\">\n\t\t\t\t\t<nav id=\"bellows-main-5521\" class=\"bellows bellows-nojs bellows-main bellows-source-menu bellows-align-full bellows-skin-vanilla bellows-type- bellows-expand-current\"><ul id=\"menu-prodotti_stradali\" class=\"bellows-nav\" data-bellows-config=\"main\"><li id=\"menu-item-33915\" class=\"bellows-menu-item bellows-menu-item-type-custom bellows-menu-item-object-custom bellows-menu-item-has-children bellows-menu-item-33915 bellows-item-level-0\"><a  class=\"bellows-target\"><span class=\"bellows-target-title bellows-target-text\">Bitumi Modificati<\/span><button class=\"bellows-subtoggle\" aria-label=\"Toggle Submenu\"><i class=\"bellows-subtoggle-icon-expand fa fa-chevron-down\"><\/i><i class=\"bellows-subtoggle-icon-collapse fa fa-chevron-up\"><\/i><\/button><\/a>\n<ul class=\"bellows-submenu\">\n\t<li id=\"menu-item-33927\" class=\"bellows-menu-item bellows-menu-item-type-post_type bellows-menu-item-object-page bellows-menu-item-33927 bellows-item-level-1\"><a  href=\"https:\/\/vallizabban.com\/tecnologie-stradali\/bitumi-modificati-drenoval\/\" class=\"bellows-target\"><span class=\"bellows-target-title bellows-target-text\">DRENOVAL<\/span><\/a><\/li>\n\t<li id=\"menu-item-33960\" class=\"bellows-menu-item bellows-menu-item-type-post_type bellows-menu-item-object-page bellows-menu-item-33960 bellows-item-level-1\"><a  href=\"https:\/\/vallizabban.com\/tecnologie-stradali\/bitumi-modificati-lowval\/\" class=\"bellows-target\"><span class=\"bellows-target-title bellows-target-text\">LOWAL<\/span><\/a><\/li>\n\t<li id=\"menu-item-33962\" class=\"bellows-menu-item bellows-menu-item-type-post_type bellows-menu-item-object-page bellows-menu-item-33962 bellows-item-level-1\"><a  href=\"https:\/\/vallizabban.com\/tecnologie-stradali\/bitumi-modificati-rigenerval\/\" class=\"bellows-target\"><span class=\"bellows-target-title bellows-target-text\">RIGENERVAL<\/span><\/a><\/li>\n<\/ul>\n<\/li>\n<li id=\"menu-item-74668\" class=\"bellows-menu-item bellows-menu-item-type-custom bellows-menu-item-object-custom bellows-menu-item-74668 bellows-item-level-0\"><a  href=\"#\" class=\"bellows-target\"><span class=\"bellows-target-title bellows-target-text\">Bitumi Migliorati<\/span><\/a><\/li>\n<li id=\"menu-item-33916\" class=\"bellows-menu-item bellows-menu-item-type-custom bellows-menu-item-object-custom bellows-menu-item-has-children bellows-menu-item-33916 bellows-item-level-0\"><a  class=\"bellows-target\"><span class=\"bellows-target-title bellows-target-text\">Conglomerati bituminosi<\/span><button class=\"bellows-subtoggle\" aria-label=\"Toggle Submenu\"><i class=\"bellows-subtoggle-icon-expand fa fa-chevron-down\"><\/i><i class=\"bellows-subtoggle-icon-collapse fa fa-chevron-up\"><\/i><\/button><\/a>\n<ul class=\"bellows-submenu\">\n\t<li id=\"menu-item-33928\" class=\"bellows-menu-item bellows-menu-item-type-custom bellows-menu-item-object-custom bellows-menu-item-has-children bellows-menu-item-33928 bellows-item-level-1\"><a  class=\"bellows-target\"><span class=\"bellows-target-title bellows-target-text\">TRADIZIONALI<\/span><button class=\"bellows-subtoggle\" aria-label=\"Toggle Submenu\"><i class=\"bellows-subtoggle-icon-expand fa fa-chevron-down\"><\/i><i class=\"bellows-subtoggle-icon-collapse fa fa-chevron-up\"><\/i><\/button><\/a>\n\t<ul class=\"bellows-submenu\">\n\t\t<li id=\"menu-item-33977\" class=\"bellows-menu-item bellows-menu-item-type-post_type bellows-menu-item-object-page bellows-menu-item-33977 bellows-item-level-2\"><a  href=\"https:\/\/vallizabban.com\/tecnologie-stradali\/conglomerati-bituminosi-tradizionali-usura\/\" class=\"bellows-target\"><span class=\"bellows-target-title bellows-target-text\">DESGASTE TRADICIONAL<\/span><\/a><\/li>\n\t\t<li id=\"menu-item-33978\" class=\"bellows-menu-item bellows-menu-item-type-post_type bellows-menu-item-object-page bellows-menu-item-33978 bellows-item-level-2\"><a  href=\"https:\/\/vallizabban.com\/tecnologie-stradali\/conglomerati-bituminosi-tradizionali-binder\/\" class=\"bellows-target\"><span class=\"bellows-target-title bellows-target-text\">TRADICIONALES BINDER<\/span><\/a><\/li>\n\t\t<li id=\"menu-item-33979\" class=\"bellows-menu-item bellows-menu-item-type-post_type bellows-menu-item-object-page bellows-menu-item-33979 bellows-item-level-2\"><a  href=\"https:\/\/vallizabban.com\/tecnologie-stradali\/conglomerati-bituminosi-tradizionali-base\/\" class=\"bellows-target\"><span class=\"bellows-target-title bellows-target-text\">TRADICIONALES BASE<\/span><\/a><\/li>\n\t<\/ul>\n<\/li>\n\t<li id=\"menu-item-33963\" class=\"bellows-menu-item bellows-menu-item-type-custom bellows-menu-item-object-custom bellows-menu-item-has-children bellows-menu-item-33963 bellows-item-level-1\"><a  class=\"bellows-target\"><span class=\"bellows-target-title bellows-target-text\">MODIFICATI<\/span><button class=\"bellows-subtoggle\" aria-label=\"Toggle Submenu\"><i class=\"bellows-subtoggle-icon-expand fa fa-chevron-down\"><\/i><i class=\"bellows-subtoggle-icon-collapse fa fa-chevron-up\"><\/i><\/button><\/a>\n\t<ul class=\"bellows-submenu\">\n\t\t<li id=\"menu-item-34001\" class=\"bellows-menu-item bellows-menu-item-type-post_type bellows-menu-item-object-page bellows-menu-item-34001 bellows-item-level-2\"><a  href=\"https:\/\/vallizabban.com\/tecnologie-stradali\/conglomerati-bituminosi-modificati-usura\/\" class=\"bellows-target\"><span class=\"bellows-target-title bellows-target-text\">MODIFICADOS DESGASTE<\/span><\/a><\/li>\n\t\t<li id=\"menu-item-34002\" class=\"bellows-menu-item bellows-menu-item-type-post_type bellows-menu-item-object-page bellows-menu-item-34002 bellows-item-level-2\"><a  href=\"https:\/\/vallizabban.com\/tecnologie-stradali\/conglomerati-bituminosi-modificati-binder\/\" class=\"bellows-target\"><span class=\"bellows-target-title bellows-target-text\">MODIFICADOS BINDER<\/span><\/a><\/li>\n\t\t<li id=\"menu-item-34003\" class=\"bellows-menu-item bellows-menu-item-type-post_type bellows-menu-item-object-page bellows-menu-item-34003 bellows-item-level-2\"><a  href=\"https:\/\/vallizabban.com\/tecnologie-stradali\/conglomerati-bituminosi-modificati-base\/\" class=\"bellows-target\"><span class=\"bellows-target-title bellows-target-text\">MODIFICADOS BASE<\/span><\/a><\/li>\n\t<\/ul>\n<\/li>\n\t<li id=\"menu-item-34000\" class=\"bellows-menu-item bellows-menu-item-type-post_type bellows-menu-item-object-page bellows-menu-item-34000 bellows-item-level-1\"><a  href=\"https:\/\/vallizabban.com\/tecnologie-stradali\/conglomerati-bituminosi-a-freddo\/\" class=\"bellows-target\"><span class=\"bellows-target-title bellows-target-text\">FR\u00cdO<\/span><\/a><\/li>\n<\/ul>\n<\/li>\n<li id=\"menu-item-33917\" class=\"bellows-menu-item bellows-menu-item-type-custom bellows-menu-item-object-custom bellows-menu-item-has-children bellows-menu-item-33917 bellows-item-level-0\"><a  class=\"bellows-target\"><span class=\"bellows-target-title bellows-target-text\">Emulsioni Bituminose<\/span><button class=\"bellows-subtoggle\" aria-label=\"Toggle Submenu\"><i class=\"bellows-subtoggle-icon-expand fa fa-chevron-down\"><\/i><i class=\"bellows-subtoggle-icon-collapse fa fa-chevron-up\"><\/i><\/button><\/a>\n<ul class=\"bellows-submenu\">\n\t<li id=\"menu-item-34032\" class=\"bellows-menu-item bellows-menu-item-type-post_type bellows-menu-item-object-page bellows-menu-item-34032 bellows-item-level-1\"><a  href=\"https:\/\/vallizabban.com\/tecnologie-stradali\/emulsioni-bituminose-eco-val\/\" class=\"bellows-target\"><span class=\"bellows-target-title bellows-target-text\">ECO VAL<\/span><\/a><\/li>\n\t<li id=\"menu-item-34033\" class=\"bellows-menu-item bellows-menu-item-type-post_type bellows-menu-item-object-page bellows-menu-item-34033 bellows-item-level-1\"><a  href=\"https:\/\/vallizabban.com\/tecnologie-stradali\/emulsioni-bituminose-microtappeti\/\" class=\"bellows-target\"><span class=\"bellows-target-title bellows-target-text\">MICRO ALFOMBRAS<\/span><\/a><\/li>\n\t<li id=\"menu-item-34034\" class=\"bellows-menu-item bellows-menu-item-type-post_type bellows-menu-item-object-page bellows-menu-item-34034 bellows-item-level-1\"><a  href=\"https:\/\/vallizabban.com\/tecnologie-stradali\/emulsioni-bituminose-rigeval\/\" class=\"bellows-target\"><span class=\"bellows-target-title bellows-target-text\">RIGEVAL<\/span><\/a><\/li>\n\t<li id=\"menu-item-34035\" class=\"bellows-menu-item bellows-menu-item-type-post_type bellows-menu-item-object-page bellows-menu-item-34035 bellows-item-level-1\"><a  href=\"https:\/\/vallizabban.com\/tecnologie-stradali\/emulsioni-bituminose-helastoflex\/\" class=\"bellows-target\"><span class=\"bellows-target-title bellows-target-text\">HELASTOFLEX<\/span><\/a><\/li>\n\t<li id=\"menu-item-34036\" class=\"bellows-menu-item bellows-menu-item-type-post_type bellows-menu-item-object-page bellows-menu-item-34036 bellows-item-level-1\"><a  href=\"https:\/\/vallizabban.com\/tecnologie-stradali\/emulsioni-bituminose-helastoval\/\" class=\"bellows-target\"><span class=\"bellows-target-title bellows-target-text\">HELASTOVAL<\/span><\/a><\/li>\n\t<li id=\"menu-item-34037\" class=\"bellows-menu-item bellows-menu-item-type-post_type bellows-menu-item-object-page bellows-menu-item-34037 bellows-item-level-1\"><a  href=\"https:\/\/vallizabban.com\/tecnologie-stradali\/emulsioni-bituminose-idrobit\/\" class=\"bellows-target\"><span class=\"bellows-target-title bellows-target-text\">IDROBIT<\/span><\/a><\/li>\n<\/ul>\n<\/li>\n<li id=\"menu-item-34870\" class=\"bellows-menu-item bellows-menu-item-type-post_type bellows-menu-item-object-page bellows-menu-item-34870 bellows-item-level-0\"><a  href=\"https:\/\/vallizabban.com\/tecnologie-stradali\/geocompositi-adesival-road\/\" class=\"bellows-target\"><span class=\"bellows-target-title bellows-target-text\">Geocompuestos<\/span><\/a><\/li>\n<\/ul><\/nav>\t\t\t\t<\/div>\n\t\t\t\t<\/div>\n\t\t\t\t\t<\/div>\n\t\t<\/div>\n\t\t\t\t<div class=\"elementor-column elementor-col-66 elementor-top-column elementor-element elementor-element-193ecb1\" data-id=\"193ecb1\" data-element_type=\"column\" data-e-type=\"column\">\n\t\t\t<div class=\"elementor-widget-wrap elementor-element-populated\">\n\t\t\t\t\t\t<div class=\"elementor-element elementor-element-4e28d45 elementor-widget elementor-widget-text-editor\" data-id=\"4e28d45\" data-element_type=\"widget\" data-e-type=\"widget\" data-widget_type=\"text-editor.default\">\n\t\t\t\t<div class=\"elementor-widget-container\">\n\t\t\t\t\t\t\t\t\t<div class=\"tab_tecnologie\">\n<h2>BETUNES MODIFICADOS <b>DRENOVAL<\/b><\/h2>\n<h3>DRENOVAL SOFT<\/h3>\n<h6>PmB 40\/100-55<\/h6>\nPolymer Modified Bitumen tipo SOFT para hormig\u00f3n asf\u00e1ltico impermeable de base, aglutinantes y estratos de desgaste\n<div align=\"right\"><a class=\"elementor-button-link elementor-button elementor-size-small\" href=\"https:\/\/vallizabban.com\/wp-content\/uploads\/2020\/09\/DoP_20-DRENOVAL-SOFT.pdf\" target=\"_blank\" rel=\"noopener\">\n<span class=\"elementor-button-content-wrapper\">\n<span class=\"elementor-button-icon elementor-align-icon-left\">\n<i class=\"fas fa-file-alt\" aria-hidden=\"true\"><\/i>\n<\/span>\n<span class=\"elementor-button-text\">DOP<\/span>\n<\/span>\n<\/a>\n<a class=\"elementor-button-link elementor-button elementor-size-small\" href=\"https:\/\/vallizabban.com\/wp-content\/uploads\/2021\/05\/ITA_SS_BITUMI_MODIFICATI_05-2021.pdf\" target=\"_blank\" rel=\"noopener\"><span class=\"elementor-button-content-wrapper\">\n<span class=\"elementor-button-icon elementor-align-icon-left\">\n<i class=\"fas fa-file-signature\" aria-hidden=\"true\"><\/i>\n<\/span>\n<span class=\"elementor-button-text\">FICHA T\u00c9CNICA<\/span>\n<\/span>\n<\/a>\n<\/div>\n<h3>DRENOVAL SOFT tipo ANAS<\/h3>\n<h6>PmB 45\/80-60<\/h6>\nPolymer Modified Bitumen tipo SOFT conforme a las especificaciones ANAS para realizar mezclas asf\u00e1lticas de base, aglutinantes y estratos de desgaste.\n<div align=\"right\"><a class=\"elementor-button-link elementor-button elementor-size-small\" href=\"https:\/\/vallizabban.com\/wp-content\/uploads\/2020\/09\/DoP_20-DRENOVAL-SOFT-tipo-ANAS.pdf\" target=\"_blank\" rel=\"noopener\">\n<span class=\"elementor-button-content-wrapper\">\n<span class=\"elementor-button-icon elementor-align-icon-left\">\n<i class=\"fas fa-file-alt\" aria-hidden=\"true\"><\/i>\n<\/span>\n<span class=\"elementor-button-text\">DOP<\/span>\n<\/span>\n<\/a>\n<a class=\"elementor-button-link elementor-button elementor-size-small\" href=\"https:\/\/vallizabban.com\/wp-content\/uploads\/2020\/09\/ST_20-DRENOVAL-SOFT-tipo-ANAS.pdf\" target=\"_blank\" rel=\"noopener\"><span class=\"elementor-button-content-wrapper\">\n<span class=\"elementor-button-icon elementor-align-icon-left\">\n<i class=\"fas fa-file-signature\" aria-hidden=\"true\"><\/i>\n<\/span>\n<span class=\"elementor-button-text\">FICHA T\u00c9CNICA<\/span>\n<\/span>\n<\/a>\n<\/div>\n<h3>DRENOVAL HARD M<\/h3>\n<h6>PmB 45\/80-70<\/h6>\nPolymer Modified Bitumen tipo HARD para realizar mezclas asf\u00e1lticas de base, aglutinantes, estratos de desgaste impermeables, drenantes y membranas S.A.M.I.\n<div align=\"right\"><a class=\"elementor-button-link elementor-button elementor-size-small\" href=\"https:\/\/vallizabban.com\/wp-content\/uploads\/2020\/09\/DoP_20-DRENOVAL-HARD-M.pdf\" target=\"_blank\" rel=\"noopener\">\n<span class=\"elementor-button-content-wrapper\">\n<span class=\"elementor-button-icon elementor-align-icon-left\">\n<i class=\"fas fa-file-alt\" aria-hidden=\"true\"><\/i>\n<\/span>\n<span class=\"elementor-button-text\">DOP<\/span>\n<\/span>\n<\/a>\n<a class=\"elementor-button-link elementor-button elementor-size-small\" href=\"https:\/\/vallizabban.com\/wp-content\/uploads\/2020\/09\/ST_20-DRENOVAL-HARD-M.pdf\" target=\"_blank\" rel=\"noopener\"><span class=\"elementor-button-content-wrapper\">\n<span class=\"elementor-button-icon elementor-align-icon-left\">\n<i class=\"fas fa-file-signature\" aria-hidden=\"true\"><\/i>\n<\/span>\n<span class=\"elementor-button-text\">FICHA T\u00c9CNICA<\/span>\n<\/span>\n<\/a>\n<\/div>\n<h3>DRENOVAL DDL<\/h3>\n<h6>PmB 40\/80-80<\/h6>\nPolymer Modified Bitumen con alto contenido de pol\u00edmero SBS para pavimentaciones de alto rendimiento y doble capa drenante (Double Draining Layer \u2014 DDL).\n<div align=\"right\"><a class=\"elementor-button-link elementor-button elementor-size-small\" href=\"https:\/\/vallizabban.com\/wp-content\/uploads\/2020\/09\/DoP_20-DRENOVAL-DDL.pdf\" target=\"_blank\" rel=\"noopener\">\n<span class=\"elementor-button-content-wrapper\">\n<span class=\"elementor-button-icon elementor-align-icon-left\">\n<i class=\"fas fa-file-alt\" aria-hidden=\"true\"><\/i>\n<\/span>\n<span class=\"elementor-button-text\">DOP<\/span>\n<\/span>\n<\/a>\n<a class=\"elementor-button-link elementor-button elementor-size-small\" href=\"https:\/\/vallizabban.com\/wp-content\/uploads\/2020\/09\/ST_20-DRENOVAL-DDL-super-Hard.pdf\" target=\"_blank\" rel=\"noopener\"><span class=\"elementor-button-content-wrapper\">\n<span class=\"elementor-button-icon elementor-align-icon-left\">\n<i class=\"fas fa-file-signature\" aria-hidden=\"true\"><\/i>\n<\/span>\n<span class=\"elementor-button-text\">FICHA T\u00c9CNICA<\/span>\n<\/span>\n<\/a>\n<\/div>\n<h3>DRENOVAL HM<\/h3>\n<h6>PmB 10\/40-70<\/h6>\nPolymer Modified Bitumen para realizar mezclas asf\u00e1lticas de alto m\u00f3dulo complejo.\n<div align=\"right\"><a class=\"elementor-button-link elementor-button elementor-size-small\" href=\"https:\/\/vallizabban.com\/wp-content\/uploads\/2020\/09\/DoP_20-DRENOVAL-HM.pdf\" target=\"_blank\" rel=\"noopener\">\n<span class=\"elementor-button-content-wrapper\">\n<span class=\"elementor-button-icon elementor-align-icon-left\">\n<i class=\"fas fa-file-alt\" aria-hidden=\"true\"><\/i>\n<\/span>\n<span class=\"elementor-button-text\">DOP<\/span>\n<\/span>\n<\/a>\n<a class=\"elementor-button-link elementor-button elementor-size-small\" href=\"https:\/\/vallizabban.com\/wp-content\/uploads\/2020\/09\/ST_20-DRENOVAL-HM.pdf\" target=\"_blank\" rel=\"noopener\"><span class=\"elementor-button-content-wrapper\">\n<span class=\"elementor-button-icon elementor-align-icon-left\">\n<i class=\"fas fa-file-signature\" aria-hidden=\"true\"><\/i>\n<\/span>\n<span class=\"elementor-button-text\">FICHA T\u00c9CNICA<\/span>\n<\/span>\n<\/a>\n<\/div>\n<h3>DRENOVAL HM-AV<\/h3>\n<h6>PmB 10\/40-70<\/h6>\nPolymer Modified Bitumen con elevado contenido de pol\u00edmero SBS para realizar mezclas asf\u00e1lticas de base y aglutinantes de alto m\u00f3dulo complejo.\n<div align=\"right\"><a class=\"elementor-button-link elementor-button elementor-size-small\" href=\"https:\/\/vallizabban.com\/wp-content\/uploads\/2020\/09\/DoP_20-DRENOVAL-HM-AV.pdf\" target=\"_blank\" rel=\"noopener\">\n<span class=\"elementor-button-content-wrapper\">\n<span class=\"elementor-button-icon elementor-align-icon-left\">\n<i class=\"fas fa-file-alt\" aria-hidden=\"true\"><\/i>\n<\/span>\n<span class=\"elementor-button-text\">DOP<\/span>\n<\/span>\n<\/a>\n<a class=\"elementor-button-link elementor-button elementor-size-small\" href=\"https:\/\/vallizabban.com\/wp-content\/uploads\/2020\/09\/ST_20-DRENOVAL-HM-AV-cap-AUTOVIE-VENETE.pdf\" target=\"_blank\" rel=\"noopener\"><span class=\"elementor-button-content-wrapper\">\n<span class=\"elementor-button-icon elementor-align-icon-left\">\n<i class=\"fas fa-file-signature\" aria-hidden=\"true\"><\/i>\n<\/span>\n<span class=\"elementor-button-text\">ST AUTOVIE VENETE<\/span>\n<\/span>\n<\/a>\n<\/div>\n<h3>DRENOVAL GM<\/h3>\n<h6>PmB 25\/55-70<\/h6>\nPolymer Modified Bitumen para realizar mezclas asf\u00e1lticas de alto rendimiento como pistas de aeropuertos y aut\u00f3dromos.\n<div align=\"right\"><a class=\"elementor-button-link elementor-button elementor-size-small\" href=\"https:\/\/vallizabban.com\/wp-content\/uploads\/2020\/09\/DoP_20-DRENOVAL-GM.pdf\" target=\"_blank\" rel=\"noopener\">\n<span class=\"elementor-button-content-wrapper\">\n<span class=\"elementor-button-icon elementor-align-icon-left\">\n<i class=\"fas fa-file-alt\" aria-hidden=\"true\"><\/i>\n<\/span>\n<span class=\"elementor-button-text\">DOP<\/span>\n<\/span>\n<\/a>\n<a class=\"elementor-button-link elementor-button elementor-size-small\" href=\"https:\/\/vallizabban.com\/wp-content\/uploads\/2020\/09\/ST_20-DRENOVAL-GM.pdf\" target=\"_blank\" rel=\"noopener\"><span class=\"elementor-button-content-wrapper\">\n<span class=\"elementor-button-icon elementor-align-icon-left\">\n<i class=\"fas fa-file-signature\" aria-hidden=\"true\"><\/i>\n<\/span>\n<span class=\"elementor-button-text\">FICHA T\u00c9CNICA<\/span>\n<\/span>\n<\/a>\n<\/div>\n<h3>DRENOVAL RUBBER<\/h3>\n<h6>PmB 25\/55-70<\/h6>\nPolymer Modified Bitumen para realizar mezclas asf\u00e1lticas de desgaste de baja emisi\u00f3n sonora que contienen PFU.\n<div align=\"right\"><a class=\"elementor-button-link elementor-button elementor-size-small\" href=\"https:\/\/vallizabban.com\/wp-content\/uploads\/2020\/09\/DoP_20-DRENOVAL-RUBBER.pdf\" target=\"_blank\" rel=\"noopener\">\n<span class=\"elementor-button-content-wrapper\">\n<span class=\"elementor-button-icon elementor-align-icon-left\">\n<i class=\"fas fa-file-alt\" aria-hidden=\"true\"><\/i>\n<\/span>\n<span class=\"elementor-button-text\">DOP<\/span>\n<\/span>\n<\/a>\n<a class=\"elementor-button-link elementor-button elementor-size-small\" href=\"https:\/\/vallizabban.com\/wp-content\/uploads\/2020\/09\/ST_BO-DRENOVAL-RUBBER.pdf\" target=\"_blank\" rel=\"noopener\"><span class=\"elementor-button-content-wrapper\">\n<span class=\"elementor-button-icon elementor-align-icon-left\">\n<i class=\"fas fa-file-signature\" aria-hidden=\"true\"><\/i>\n<\/span>\n<span class=\"elementor-button-text\">FICHA T\u00c9CNICA<\/span>\n<\/span>\n<\/a>\n<\/div>\n<h3>DRENOVAL HARD SLO<\/h3>\n<h6>PmB 45\/80-65<\/h6>\nPolymer Modified Bitumen tipo HARD conforme a las especificaciones de la norma eslovena.\n<div align=\"right\"><a class=\"elementor-button-link elementor-button elementor-size-small\" href=\"https:\/\/vallizabban.com\/wp-content\/uploads\/2020\/09\/DoP_20-DRENOVAL-HARD-SLO.pdf\" target=\"_blank\" rel=\"noopener\">\n<span class=\"elementor-button-content-wrapper\">\n<span class=\"elementor-button-icon elementor-align-icon-left\">\n<i class=\"fas fa-file-alt\" aria-hidden=\"true\"><\/i>\n<\/span>\n<span class=\"elementor-button-text\">DOP<\/span>\n<\/span>\n<\/a>\n<a class=\"elementor-button-link elementor-button elementor-size-small\" href=\"https:\/\/vallizabban.com\/wp-content\/uploads\/2022\/05\/ST_BO-DRENOVAL-HARD-SLO-eng.pdf\" target=\"_blank\" rel=\"noopener\"><span class=\"elementor-button-content-wrapper\">\n<span class=\"elementor-button-icon elementor-align-icon-left\">\n<i class=\"fas fa-file-signature\" aria-hidden=\"true\"><\/i>\n<\/span>\n<span class=\"elementor-button-text\">FICHA T\u00c9CNICA<\/span>\n<\/span>\n<\/a>\n<\/div>\n<h3>DRENOVAL 60-CH<\/h3>\n<h6>PmB 45\/80-65<\/h6>\nPolymer Modified Bitumen tipo HARD conforme a las especificaciones de la norma suiza.\n<div align=\"right\"><a class=\"elementor-button-link elementor-button elementor-size-small\" href=\"https:\/\/vallizabban.com\/wp-content\/uploads\/2020\/09\/DoP_20-DRENOVAL-60-CH.pdf\" target=\"_blank\" rel=\"noopener\">\n<span class=\"elementor-button-content-wrapper\">\n<span class=\"elementor-button-icon elementor-align-icon-left\">\n<i class=\"fas fa-file-alt\" aria-hidden=\"true\"><\/i>\n<\/span>\n<span class=\"elementor-button-text\">DOP<\/span>\n<\/span>\n<\/a>\n<a class=\"elementor-button-link elementor-button elementor-size-small\" href=\"https:\/\/vallizabban.com\/wp-content\/uploads\/2020\/09\/ST_20-DRENOVAL-60-CH.pdf\" target=\"_blank\" rel=\"noopener\"><span class=\"elementor-button-content-wrapper\">\n<span class=\"elementor-button-icon elementor-align-icon-left\">\n<i class=\"fas fa-file-signature\" aria-hidden=\"true\"><\/i>\n<\/span>\n<span class=\"elementor-button-text\">FICHA T\u00c9CNICA<\/span>\n<\/span>\n<\/a>\n<\/div>\n<\/div>\t\t\t\t\t\t\t\t<\/div>\n\t\t\t\t<\/div>\n\t\t\t\t\t<\/div>\n\t\t<\/div>\n\t\t\t\t\t<\/div>\n\t\t<\/section>\n\t\t\t\t<\/div>\n\t\t","protected":false},"excerpt":{"rendered":"<p>BETUNES MODIFICADOS DRENOVAL DRENOVAL SOFT PmB 40\/100-55 Polymer Modified Bitumen tipo SOFT para hormig\u00f3n asf\u00e1ltico impermeable de base, aglutinantes y estratos de desgaste DOP FICHA T\u00c9CNICA DRENOVAL SOFT tipo ANAS PmB 45\/80-60 Polymer Modified Bitumen tipo SOFT conforme a las especificaciones ANAS para realizar mezclas asf\u00e1lticas de base, aglutinantes y estratos de desgaste. DOP FICHA [&hellip;]<\/p>\n","protected":false},"author":1,"featured_media":0,"parent":52059,"menu_order":0,"comment_status":"closed","ping_status":"closed","template":"","meta":{"footnotes":""},"class_list":["post-52065","page","type-page","status-publish","hentry"],"_links":{"self":[{"href":"https:\/\/vallizabban.com\/es\/wp-json\/wp\/v2\/pages\/52065","targetHints":{"allow":["GET"]}}],"collection":[{"href":"https:\/\/vallizabban.com\/es\/wp-json\/wp\/v2\/pages"}],"about":[{"href":"https:\/\/vallizabban.com\/es\/wp-json\/wp\/v2\/types\/page"}],"author":[{"embeddable":true,"href":"https:\/\/vallizabban.com\/es\/wp-json\/wp\/v2\/users\/1"}],"replies":[{"embeddable":true,"href":"https:\/\/vallizabban.com\/es\/wp-json\/wp\/v2\/comments?post=52065"}],"version-history":[{"count":3,"href":"https:\/\/vallizabban.com\/es\/wp-json\/wp\/v2\/pages\/52065\/revisions"}],"predecessor-version":[{"id":75707,"href":"https:\/\/vallizabban.com\/es\/wp-json\/wp\/v2\/pages\/52065\/revisions\/75707"}],"up":[{"embeddable":true,"href":"https:\/\/vallizabban.com\/es\/wp-json\/wp\/v2\/pages\/52059"}],"wp:attachment":[{"href":"https:\/\/vallizabban.com\/es\/wp-json\/wp\/v2\/media?parent=52065"}],"curies":[{"name":"wp","href":"https:\/\/api.w.org\/{rel}","templated":true}]}}