{"id":52091,"date":"2022-06-26T10:20:49","date_gmt":"2022-06-26T10:20:49","guid":{"rendered":"https:\/\/vallizabban.com\/tecnologias-viales\/tecnologias-ecologicas-intervenciones-superficiales\/"},"modified":"2022-06-26T10:20:49","modified_gmt":"2022-06-26T10:20:49","slug":"tecnologias-ecologicas-intervenciones-superficiales","status":"publish","type":"page","link":"https:\/\/vallizabban.com\/es\/tecnologias-viales\/tecnologias-ecologicas-intervenciones-superficiales\/","title":{"rendered":"Tecnolog\u00edas ecol\u00f3gicas intervenciones superficiales"},"content":{"rendered":"\t\t<div data-elementor-type=\"wp-page\" data-elementor-id=\"52091\" class=\"elementor elementor-52091 elementor-34801\" data-elementor-post-type=\"page\">\n\t\t\t\t\t\t<section class=\"elementor-section elementor-top-section elementor-element elementor-element-d3d7ce2 elementor-section-boxed elementor-section-height-default elementor-section-height-default\" data-id=\"d3d7ce2\" data-element_type=\"section\" data-e-type=\"section\">\n\t\t\t\t\t\t<div class=\"elementor-container elementor-column-gap-default\">\n\t\t\t\t\t<div class=\"elementor-column elementor-col-100 elementor-top-column elementor-element elementor-element-b41bef4\" data-id=\"b41bef4\" data-element_type=\"column\" data-e-type=\"column\">\n\t\t\t<div class=\"elementor-widget-wrap elementor-element-populated\">\n\t\t\t\t\t\t<div class=\"elementor-element elementor-element-ba9853b elementor-widget elementor-widget-woocommerce-breadcrumb\" data-id=\"ba9853b\" data-element_type=\"widget\" data-e-type=\"widget\" data-widget_type=\"woocommerce-breadcrumb.default\">\n\t\t\t\t<div class=\"elementor-widget-container\">\n\t\t\t\t\t<nav class=\"woocommerce-breadcrumb\" aria-label=\"Breadcrumb\">Inicio<\/nav>\t\t\t\t<\/div>\n\t\t\t\t<\/div>\n\t\t\t\t\t<\/div>\n\t\t<\/div>\n\t\t\t\t\t<\/div>\n\t\t<\/section>\n\t\t\t\t<section class=\"elementor-section elementor-top-section elementor-element elementor-element-c373680 elementor-section-boxed elementor-section-height-default elementor-section-height-default\" data-id=\"c373680\" data-element_type=\"section\" data-e-type=\"section\">\n\t\t\t\t\t\t<div class=\"elementor-container elementor-column-gap-default\">\n\t\t\t\t\t<div class=\"elementor-column elementor-col-33 elementor-top-column elementor-element elementor-element-f491f0e\" data-id=\"f491f0e\" data-element_type=\"column\" data-e-type=\"column\">\n\t\t\t<div class=\"elementor-widget-wrap elementor-element-populated\">\n\t\t\t\t\t\t<div class=\"elementor-element elementor-element-27ba5b8 elementor-widget elementor-widget-wp-widget-bellows_navigation_widget\" data-id=\"27ba5b8\" data-element_type=\"widget\" data-e-type=\"widget\" data-widget_type=\"wp-widget-bellows_navigation_widget.default\">\n\t\t\t\t<div class=\"elementor-widget-container\">\n\t\t\t\t\t<nav id=\"bellows-main-5522\" class=\"bellows bellows-nojs bellows-main bellows-source-menu bellows-align-full bellows-skin-vanilla bellows-type- bellows-expand-current\"><ul id=\"menu-tecnologie\" class=\"bellows-nav\" data-bellows-config=\"main\"><li id=\"menu-item-34802\" class=\"bellows-menu-item bellows-menu-item-type-custom bellows-menu-item-object-custom bellows-menu-item-has-children bellows-menu-item-34802 bellows-item-level-0\"><a  class=\"bellows-target\"><span class=\"bellows-target-title bellows-target-text\">Tradizionali<\/span><button class=\"bellows-subtoggle\" aria-label=\"Toggle Submenu\"><i class=\"bellows-subtoggle-icon-expand fa fa-chevron-down\"><\/i><i class=\"bellows-subtoggle-icon-collapse fa fa-chevron-up\"><\/i><\/button><\/a>\n<ul class=\"bellows-submenu\">\n\t<li id=\"menu-item-37830\" class=\"bellows-menu-item bellows-menu-item-type-post_type bellows-menu-item-object-page bellows-menu-item-37830 bellows-item-level-1\"><a  href=\"https:\/\/vallizabban.com\/tecnologie-stradali\/tecnologie-tradizionali-interventi-superficiali\/\" class=\"bellows-target\"><span class=\"bellows-target-title bellows-target-text\">Tecnolog\u00edas Tradicionales intervenciones superficiales<\/span><\/a><\/li>\n\t<li id=\"menu-item-37829\" class=\"bellows-menu-item bellows-menu-item-type-post_type bellows-menu-item-object-page bellows-menu-item-37829 bellows-item-level-1\"><a  href=\"https:\/\/vallizabban.com\/tecnologie-stradali\/tecnologie-tradizionali-interventi-profondi\/\" class=\"bellows-target\"><span class=\"bellows-target-title bellows-target-text\">Tecnolog\u00edas Tradicionales Intervenciones Profundas<\/span><\/a><\/li>\n<\/ul>\n<\/li>\n<li id=\"menu-item-34803\" class=\"bellows-menu-item bellows-menu-item-type-custom bellows-menu-item-object-custom bellows-menu-item-has-children bellows-menu-item-34803 bellows-item-level-0\"><a  class=\"bellows-target\"><span class=\"bellows-target-title bellows-target-text\">Ecocompatibili<\/span><button class=\"bellows-subtoggle\" aria-label=\"Toggle Submenu\"><i class=\"bellows-subtoggle-icon-expand fa fa-chevron-down\"><\/i><i class=\"bellows-subtoggle-icon-collapse fa fa-chevron-up\"><\/i><\/button><\/a>\n<ul class=\"bellows-submenu\">\n\t<li id=\"menu-item-34858\" class=\"bellows-menu-item bellows-menu-item-type-post_type bellows-menu-item-object-page bellows-menu-item-34858 bellows-item-level-1\"><a  href=\"https:\/\/vallizabban.com\/tecnologie-stradali\/tecnologie-ecocompatibili-interventi-superficiali\/\" class=\"bellows-target\"><span class=\"bellows-target-title bellows-target-text\">Tecnolog\u00edas ecol\u00f3gicas intervenciones superficiales<\/span><\/a><\/li>\n\t<li id=\"menu-item-34857\" class=\"bellows-menu-item bellows-menu-item-type-post_type bellows-menu-item-object-page bellows-menu-item-34857 bellows-item-level-1\"><a  href=\"https:\/\/vallizabban.com\/tecnologie-stradali\/tecnologie-ecocompatibili-interventi-profondi\/\" class=\"bellows-target\"><span class=\"bellows-target-title bellows-target-text\">Tecnolog\u00ecas eco-compatibles intervenciones profundas<\/span><\/a><\/li>\n<\/ul>\n<\/li>\n<li id=\"menu-item-34855\" class=\"bellows-menu-item bellows-menu-item-type-post_type bellows-menu-item-object-page bellows-menu-item-34855 bellows-item-level-0\"><a  href=\"https:\/\/vallizabban.com\/tecnologie-stradali\/impermealizzazione\/\" class=\"bellows-target\"><span class=\"bellows-target-title bellows-target-text\">Impermeabilizaci\u00f3n<\/span><\/a><\/li>\n<li id=\"menu-item-34853\" class=\"bellows-menu-item bellows-menu-item-type-post_type bellows-menu-item-object-page bellows-menu-item-34853 bellows-item-level-0\"><a  href=\"https:\/\/vallizabban.com\/tecnologie-stradali\/trattamenti-buche\/\" class=\"bellows-target\"><span class=\"bellows-target-title bellows-target-text\">Tratamiento de Baches<\/span><\/a><\/li>\n<\/ul><\/nav>\t\t\t\t<\/div>\n\t\t\t\t<\/div>\n\t\t\t\t\t<\/div>\n\t\t<\/div>\n\t\t\t\t<div class=\"elementor-column elementor-col-66 elementor-top-column elementor-element elementor-element-efd991b\" data-id=\"efd991b\" data-element_type=\"column\" data-e-type=\"column\">\n\t\t\t<div class=\"elementor-widget-wrap elementor-element-populated\">\n\t\t\t\t\t\t<div class=\"elementor-element elementor-element-56f11e6 elementor-widget elementor-widget-text-editor\" data-id=\"56f11e6\" data-element_type=\"widget\" data-e-type=\"widget\" data-widget_type=\"text-editor.default\">\n\t\t\t\t<div class=\"elementor-widget-container\">\n\t\t\t\t\t\t\t\t\t<div class=\"tab_tecnologie\">\n<h2>TECNOLOG\u00cdAS ECOL\u00d3GICAS: <b>INTERVENCIONES SUPERFICIALES<\/b><\/h2>\n<h6>TRATAMIENTOS SUPERFICIALES CON EMULSI\u00d3N BITUMINOSA<\/h6>\n<p>Los tratamientos superficiales son intervenciones ordinarias de mantenimiento que permiten alargar la vida \u00fatil de un pavimento, posponiendo una intervenci\u00f3n de reconstrucci\u00f3n. Representan una intervenci\u00f3n eficaz en caso de determinados fallos, especialmente microgrietas ramificadas, rezumantes de bet\u00fan, \u00e1ridos lisos y el principio de descascarillado y aseguran el restablecimiento de las condiciones necesarias para garantizar la seguridad y la conservaci\u00f3n de las caracter\u00edsticas estructurales. Los tratamientos superficiales con emulsi\u00f3n bituminosa se realizan proyectando una pel\u00edcula de emulsi\u00f3n bituminosa sobre el pavimento previamente limpiado, depositando una capa de arena y procediendo a la compactaci\u00f3n con rodillo de goma. Las operaciones descritas pueden repetirse para obtener una intervenci\u00f3n multicapa.\n<\/p>\n\n \t<h3>TRATAMIENTO DE UNA SOLA CAPA<\/h3>\n  <p>\n Bet\u00fan modificado con pol\u00edmeros SBS en emulsi\u00f3n acuosa al 69% y grano 4\/8 mm<\/p>\n<div align=\"right\"><a class=\"elementor-button-link elementor-button elementor-size-small\" href=\"https:\/\/vallizabban.com\/wp-content\/uploads\/2020\/12\/CAPITOLATO-TRATTAMENTO-MONOSTRATO.pdf\" target=\"_blank\">\n<span class=\"elementor-button-content-wrapper\">\n<span class=\"elementor-button-icon elementor-align-icon-left\">\n<i class=\"fas fa-file-alt\" aria-hidden=\"true\"><\/i>\n<\/span>\n<span class=\"elementor-button-text\">ESPECIFICACIONES<\/span>\n<\/span>\n<\/a>\n<a class=\"elementor-button-link elementor-button elementor-size-small\" href=\"https:\/\/vallizabban.com\/wp-content\/uploads\/2020\/10\/ST_20-HELASTOVAL-70.pdf\" target=\"_blank\"><span class=\"elementor-button-content-wrapper\">\n<span class=\"elementor-button-icon elementor-align-icon-left\">\n<i class=\"fas fa-file-signature\" aria-hidden=\"true\"><\/i>\n<\/span>\n<span class=\"elementor-button-text\">FICHA T\u00c9CNICA<\/span>\n<\/span>\n<\/a><\/div>\n\n\n \t<h3>TRATAMIENTO DOBLE CAPA<\/h3>\n  <p>Primera mano de bet\u00fan modificado con pol\u00edmeros SBS en emulsi\u00f3n bituminosa y grano 8\/12 mm <\/p>\n<div align=\"right\"><a class=\"elementor-button-link elementor-button elementor-size-small\" href=\"https:\/\/vallizabban.com\/wp-content\/uploads\/2020\/12\/CAPITOLATO-TRATTAMENTO-DOPPIO-STRATO.pdf\" target=\"_blank\">\n<span class=\"elementor-button-content-wrapper\">\n<span class=\"elementor-button-icon elementor-align-icon-left\">\n<i class=\"fas fa-file-alt\" aria-hidden=\"true\"><\/i>\n<\/span>\n<span class=\"elementor-button-text\">ESPECIFICACIONES<\/span>\n<\/span>\n<\/a>\n<a class=\"elementor-button-link elementor-button elementor-size-small\" href=\"https:\/\/vallizabban.com\/wp-content\/uploads\/2020\/10\/ST_20-HELASTOVAL-70.pdf\" target=\"_blank\"><span class=\"elementor-button-content-wrapper\">\n<span class=\"elementor-button-icon elementor-align-icon-left\">\n<i class=\"fas fa-file-signature\" aria-hidden=\"true\"><\/i>\n<\/span>\n<span class=\"elementor-button-text\">FICHA T\u00c9CNICA<\/span>\n<\/span>\n<\/a><\/div>\n\n\n \t<h3>PISOS ECOVAL\u00ae<\/h3>\n  <p>\n Pavimento ecol\u00f3gico: impregnaci\u00f3n del soporte con emulsi\u00f3n bituminosa ECOIMPREVAL, proyecci\u00f3n en varias manos de emulsi\u00f3n bituminosa modificada ECOHELASTOVAL y colocaci\u00f3n de granulados de 8\/12 mm, 4\/8 mm<\/p>\n<div align=\"right\"><a class=\"elementor-button-link elementor-button elementor-size-small\" href=\"https:\/\/vallizabban.com\/wp-content\/uploads\/2020\/12\/CAPITOLATO-TRATTAMENTO-PAVIMENTAZIONE-ECOLOGICA-ECOVAL.pdf\" target=\"_blank\">\n<span class=\"elementor-button-content-wrapper\">\n<span class=\"elementor-button-icon elementor-align-icon-left\">\n<i class=\"fas fa-file-alt\" aria-hidden=\"true\"><\/i>\n<\/span>\n<span class=\"elementor-button-text\">ESPECIFICACIONES<\/span>\n<\/span>\n<\/a>\n<a class=\"elementor-button-link elementor-button elementor-size-small\" href=\"https:\/\/vallizabban.com\/wp-content\/uploads\/2020\/12\/ST_BO20-ECOIMPREVAL.pdf\" target=\"_blank\"><span class=\"elementor-button-content-wrapper\">\n<span class=\"elementor-button-icon elementor-align-icon-left\">\n<i class=\"fas fa-file-signature\" aria-hidden=\"true\"><\/i>\n<\/span>\n<span class=\"elementor-button-text\">FICHA T\u00c9CNICA ECO IMPREVAL<\/span>\n<\/span>\n<\/a>\n<a class=\"elementor-button-link elementor-button elementor-size-small\" href=\"https:\/\/vallizabban.com\/wp-content\/uploads\/2020\/12\/ST_BO20-ECOHELASTOVAL.pdf\" target=\"_blank\"><span class=\"elementor-button-content-wrapper\">\n<span class=\"elementor-button-icon elementor-align-icon-left\">\n<i class=\"fas fa-file-signature\" aria-hidden=\"true\"><\/i>\n<\/span>\n<span class=\"elementor-button-text\">FICHA T\u00c9CNICA ECO HELASTOVAL<\/span>\n<\/span>\n<\/a><\/div>\n\n\n \t<h3> SLURRY SEAL<\/h3>\n  <p>\n Micromoqueta en fr\u00edo con mortero bituminoso compuesto por emulsi\u00f3n bituminosa modificada con pol\u00edmeros SBR con rotura calibrada SLURRYVAL y mezcla bas\u00e1ltica 0\/6 o 0\/8 mm\n  <\/p>\n<div align=\"right\"><a class=\"elementor-button-link elementor-button elementor-size-small\" href=\"https:\/\/vallizabban.com\/wp-content\/uploads\/2020\/12\/CAPITOLATO-MICROTAPPETO-a-FREDDO-con-MALTA-BITUMINOSA.pdf\" target=\"_blank\">\n<span class=\"elementor-button-content-wrapper\">\n<span class=\"elementor-button-icon elementor-align-icon-left\">\n<i class=\"fas fa-file-alt\" aria-hidden=\"true\"><\/i>\n<\/span>\n<span class=\"elementor-button-text\">ESPECIFICACIONES<\/span>\n<\/span>\n<\/a>\n<a class=\"elementor-button-link elementor-button elementor-size-small\" href=\"https:\/\/vallizabban.com\/wp-content\/uploads\/2020\/12\/ST_BO20-SLURRY-VAL.pdf\" target=\"_blank\"><span class=\"elementor-button-content-wrapper\">\n<span class=\"elementor-button-icon elementor-align-icon-left\">\n<i class=\"fas fa-file-signature\" aria-hidden=\"true\"><\/i>\n<\/span>\n<span class=\"elementor-button-text\">FICHA T\u00c9CNICA<\/span>\n<\/span>\n<\/a><\/div>\n\n<div>\n<h6>MEZCLAS ASF\u00c1LTICAS TIBIAS (Warm Mix Asphalt)<\/h6>\n<p>Las mezclas asf\u00e1lticas tibias (Warm Mix Asphalt \u2013 WMA) son mezclas bituminosas elaboradas con betunes modificados de alta laborabilidad, que permiten disminuir las temperaturas de producci\u00f3n, sin dejar de garantizar la homogeneidad de la pavimentaci\u00f3n y un adecuado grado de compactaci\u00f3n hasta los 100 \u00b0C. En las mezclas asf\u00e1lticas tibias, las temperaturas de producci\u00f3n est\u00e1n comprendidas entre 120 y 150 \u00b0C con una reducci\u00f3n de consumo de combustible de aproximadamente 1,5 kg combustible\/T y de di\u00f3xido de carbono emitido en atm\u00f3sfera de 5 kg CO2\/T. Estos conglomerados, adem\u00e1s de representar una soluci\u00f3n tecnol\u00f3gica ecosostenible, para evitar y minimizar los impactos negativos sobre las personas, las comunidades y los ecosistemas, permiten aumentar la durabilidad, ya que se reduce la oxidaci\u00f3n del bet\u00fan y se facilita la compactaci\u00f3n, aumentando la vida \u00fatil del pavimento y disminuyendo el mantenimiento extraordinario a realizar.<\/p>\n<\/div>\n\n \t<h3>DESGASTE DE DRENAJE WMA TIPO DURO CON PmB LOWVAL<\/h3>\n  <p>\n Conglomerado poroso para mejorar la seguridad vial (eliminaci\u00f3n del efecto aquaplaning y fuerte reducci\u00f3n del efecto spray de los neum\u00e1ticos) y reducir la contaminaci\u00f3n ac\u00fastica (reducci\u00f3n del rozamiento tangencial de los neum\u00e1ticos sobre el asfalto)\n  <\/p>\n<div align=\"right\"><a class=\"elementor-button-link elementor-button elementor-size-small\" href=\"https:\/\/vallizabban.com\/wp-content\/uploads\/2020\/12\/CAPITOLATO-USURA-DRENANTE-HARD-PMB-LOWVAL.pdf\" target=\"_blank\">\n<span class=\"elementor-button-content-wrapper\">\n<span class=\"elementor-button-icon elementor-align-icon-left\">\n<i class=\"fas fa-file-alt\" aria-hidden=\"true\"><\/i>\n<\/span>\n<span class=\"elementor-button-text\">ESPECIFICACIONES<\/span>\n<\/span>\n<\/a>\n<a class=\"elementor-button-link elementor-button elementor-size-small\" href=\"https:\/\/vallizabban.com\/wp-content\/uploads\/2020\/10\/ST_20-LOWVAL.pdf\" target=\"_blank\"><span class=\"elementor-button-content-wrapper\">\n<span class=\"elementor-button-icon elementor-align-icon-left\">\n<i class=\"fas fa-file-signature\" aria-hidden=\"true\"><\/i>\n<\/span>\n<span class=\"elementor-button-text\">FICHA T\u00c9CNICA<\/span>\n<\/span>\n<\/a>\n<\/div>\n\n\n \t<h3>DESGASTE DE TIPO DURO WMA CON PmB LOWVAL<\/h3>\n<div align=\"right\"><a class=\"elementor-button-link elementor-button elementor-size-small\" href=\"https:\/\/vallizabban.com\/wp-content\/uploads\/2020\/12\/CAPITOLATO-USURA-HARD-PMB-LOWVAL.pdf\" target=\"_blank\">\n<span class=\"elementor-button-content-wrapper\">\n<span class=\"elementor-button-icon elementor-align-icon-left\">\n<i class=\"fas fa-file-alt\" aria-hidden=\"true\"><\/i>\n<\/span>\n<span class=\"elementor-button-text\">ESPECIFICACIONES<\/span>\n<\/span>\n<\/a>\n<a class=\"elementor-button-link elementor-button elementor-size-small\" href=\"https:\/\/vallizabban.com\/wp-content\/uploads\/2020\/10\/ST_20-LOWVAL.pdf\" target=\"_blank\"><span class=\"elementor-button-content-wrapper\">\n<span class=\"elementor-button-icon elementor-align-icon-left\">\n<i class=\"fas fa-file-signature\" aria-hidden=\"true\"><\/i>\n<\/span>\n<span class=\"elementor-button-text\">FICHA T\u00c9CNICA<\/span>\n<\/span>\n<\/a>\n<\/div>\n<h3>WMA SMA DESGASTE DE TIPO DURO CON PmB LOWVAL<\/h3>\n<p>Conglomerado macrorrugoso para mejorar la seguridad vial (eliminaci\u00f3n del efecto aquaplaning y fuerte reducci\u00f3n del efecto spray de los neum\u00e1ticos) y reducir la contaminaci\u00f3n ac\u00fastica (reducci\u00f3n del rozamiento tangencial de los neum\u00e1ticos sobre el asfalto)\n<\/p>\n<div align=\"right\"><a class=\"elementor-button-link elementor-button elementor-size-small\" href=\"https:\/\/vallizabban.com\/wp-content\/uploads\/2020\/12\/CAPITOLATO-USURA-SMA-HARD-PMB-LOWVAL.pdf\" target=\"_blank\">\n<span class=\"elementor-button-content-wrapper\">\n<span class=\"elementor-button-icon elementor-align-icon-left\">\n<i class=\"fas fa-file-alt\" aria-hidden=\"true\"><\/i>\n<\/span>\n<span class=\"elementor-button-text\">ESPECIFICACIONES<\/span>\n<\/span>\n<\/a>\n<a class=\"elementor-button-link elementor-button elementor-size-small\" href=\"https:\/\/vallizabban.com\/wp-content\/uploads\/2020\/10\/ST_20-LOWVAL.pdf\" target=\"_blank\"><span class=\"elementor-button-content-wrapper\">\n<span class=\"elementor-button-icon elementor-align-icon-left\">\n<i class=\"fas fa-file-signature\" aria-hidden=\"true\"><\/i>\n<\/span>\n<span class=\"elementor-button-text\">FICHA T\u00c9CNICA<\/span>\n<\/span>\n<\/a>\n<\/div>\n<h3>WMA SOFT WEAR CON PmB LOWVAL SF<\/h3>\n<p>Conglomerado macrorrugoso para mejorar la seguridad vial (eliminaci\u00f3n del efecto aquaplaning y fuerte reducci\u00f3n del efecto spray de los neum\u00e1ticos) y reducir la contaminaci\u00f3n ac\u00fastica (reducci\u00f3n del rozamiento tangencial de los neum\u00e1ticos sobre el asfalto)\n<\/p>\n<div align=\"right\"><a class=\"elementor-button-link elementor-button elementor-size-small\" href=\"https:\/\/vallizabban.com\/wp-content\/uploads\/2020\/12\/CAPITOLATO-USURA-SOFT-PMB-LOWVAL-SF.pdf\" target=\"_blank\">\n<span class=\"elementor-button-content-wrapper\">\n<span class=\"elementor-button-icon elementor-align-icon-left\">\n<i class=\"fas fa-file-alt\" aria-hidden=\"true\"><\/i>\n<\/span>\n<span class=\"elementor-button-text\">ESPECIFICACIONES<\/span>\n<\/span>\n<\/a>\n<a class=\"elementor-button-link elementor-button elementor-size-small\" href=\"https:\/\/vallizabban.com\/wp-content\/uploads\/2020\/10\/ST_20-LOWVAL-SF.pdf\" target=\"_blank\"><span class=\"elementor-button-content-wrapper\">\n<span class=\"elementor-button-icon elementor-align-icon-left\">\n<i class=\"fas fa-file-signature\" aria-hidden=\"true\"><\/i>\n<\/span>\n<span class=\"elementor-button-text\">FICHA T\u00c9CNICA<\/span>\n<\/span>\n<\/a>\n<\/div>\n<\/div>\t\t\t\t\t\t\t\t<\/div>\n\t\t\t\t<\/div>\n\t\t\t\t\t<\/div>\n\t\t<\/div>\n\t\t\t\t\t<\/div>\n\t\t<\/section>\n\t\t\t\t<\/div>\n\t\t","protected":false},"excerpt":{"rendered":"<p>TECNOLOG\u00cdAS ECOL\u00d3GICAS: INTERVENCIONES SUPERFICIALES TRATAMIENTOS SUPERFICIALES CON EMULSI\u00d3N BITUMINOSA Los tratamientos superficiales son intervenciones ordinarias de mantenimiento que permiten alargar la vida \u00fatil de un pavimento, posponiendo una intervenci\u00f3n de reconstrucci\u00f3n. Representan una intervenci\u00f3n eficaz en caso de determinados fallos, especialmente microgrietas ramificadas, rezumantes de bet\u00fan, \u00e1ridos lisos y el principio de descascarillado y aseguran [&hellip;]<\/p>\n","protected":false},"author":1,"featured_media":0,"parent":52059,"menu_order":0,"comment_status":"closed","ping_status":"closed","template":"","meta":{"footnotes":""},"class_list":["post-52091","page","type-page","status-publish","hentry"],"_links":{"self":[{"href":"https:\/\/vallizabban.com\/es\/wp-json\/wp\/v2\/pages\/52091","targetHints":{"allow":["GET"]}}],"collection":[{"href":"https:\/\/vallizabban.com\/es\/wp-json\/wp\/v2\/pages"}],"about":[{"href":"https:\/\/vallizabban.com\/es\/wp-json\/wp\/v2\/types\/page"}],"author":[{"embeddable":true,"href":"https:\/\/vallizabban.com\/es\/wp-json\/wp\/v2\/users\/1"}],"replies":[{"embeddable":true,"href":"https:\/\/vallizabban.com\/es\/wp-json\/wp\/v2\/comments?post=52091"}],"version-history":[{"count":0,"href":"https:\/\/vallizabban.com\/es\/wp-json\/wp\/v2\/pages\/52091\/revisions"}],"up":[{"embeddable":true,"href":"https:\/\/vallizabban.com\/es\/wp-json\/wp\/v2\/pages\/52059"}],"wp:attachment":[{"href":"https:\/\/vallizabban.com\/es\/wp-json\/wp\/v2\/media?parent=52091"}],"curies":[{"name":"wp","href":"https:\/\/api.w.org\/{rel}","templated":true}]}}