{"id":52099,"date":"2022-06-26T10:40:26","date_gmt":"2022-06-26T10:40:26","guid":{"rendered":"https:\/\/vallizabban.com\/tecnologias-viales\/modificados-desgaste\/"},"modified":"2024-10-09T16:37:19","modified_gmt":"2024-10-09T16:37:19","slug":"modificados-desgaste","status":"publish","type":"page","link":"https:\/\/vallizabban.com\/es\/tecnologias-viales\/modificados-desgaste\/","title":{"rendered":"MODIFICADOS DESGASTE"},"content":{"rendered":"\t\t<div data-elementor-type=\"wp-page\" data-elementor-id=\"52099\" class=\"elementor elementor-52099 elementor-33980\" data-elementor-post-type=\"page\">\n\t\t\t\t\t\t<section class=\"elementor-section elementor-top-section elementor-element elementor-element-cccd9a3 elementor-section-boxed elementor-section-height-default elementor-section-height-default\" data-id=\"cccd9a3\" data-element_type=\"section\" data-e-type=\"section\">\n\t\t\t\t\t\t<div class=\"elementor-container elementor-column-gap-default\">\n\t\t\t\t\t<div class=\"elementor-column elementor-col-33 elementor-top-column elementor-element elementor-element-595f2b0\" data-id=\"595f2b0\" data-element_type=\"column\" data-e-type=\"column\">\n\t\t\t<div class=\"elementor-widget-wrap elementor-element-populated\">\n\t\t\t\t\t\t<div class=\"elementor-element elementor-element-2a169c1 elementor-widget elementor-widget-wp-widget-bellows_navigation_widget\" data-id=\"2a169c1\" data-element_type=\"widget\" data-e-type=\"widget\" data-widget_type=\"wp-widget-bellows_navigation_widget.default\">\n\t\t\t\t<div class=\"elementor-widget-container\">\n\t\t\t\t\t<nav id=\"bellows-main-5521\" class=\"bellows bellows-nojs bellows-main bellows-source-menu bellows-align-full bellows-skin-vanilla bellows-type- bellows-expand-current\"><ul id=\"menu-prodotti_stradali\" class=\"bellows-nav\" data-bellows-config=\"main\"><li id=\"menu-item-33915\" class=\"bellows-menu-item bellows-menu-item-type-custom bellows-menu-item-object-custom bellows-menu-item-has-children bellows-menu-item-33915 bellows-item-level-0\"><a  class=\"bellows-target\"><span class=\"bellows-target-title bellows-target-text\">Bitumi Modificati<\/span><button class=\"bellows-subtoggle\" aria-label=\"Toggle Submenu\"><i class=\"bellows-subtoggle-icon-expand fa fa-chevron-down\"><\/i><i class=\"bellows-subtoggle-icon-collapse fa fa-chevron-up\"><\/i><\/button><\/a>\n<ul class=\"bellows-submenu\">\n\t<li id=\"menu-item-33927\" class=\"bellows-menu-item bellows-menu-item-type-post_type bellows-menu-item-object-page bellows-menu-item-33927 bellows-item-level-1\"><a  href=\"https:\/\/vallizabban.com\/tecnologie-stradali\/bitumi-modificati-drenoval\/\" class=\"bellows-target\"><span class=\"bellows-target-title bellows-target-text\">DRENOVAL<\/span><\/a><\/li>\n\t<li id=\"menu-item-33960\" class=\"bellows-menu-item bellows-menu-item-type-post_type bellows-menu-item-object-page bellows-menu-item-33960 bellows-item-level-1\"><a  href=\"https:\/\/vallizabban.com\/tecnologie-stradali\/bitumi-modificati-lowval\/\" class=\"bellows-target\"><span class=\"bellows-target-title bellows-target-text\">LOWAL<\/span><\/a><\/li>\n\t<li id=\"menu-item-33962\" class=\"bellows-menu-item bellows-menu-item-type-post_type bellows-menu-item-object-page bellows-menu-item-33962 bellows-item-level-1\"><a  href=\"https:\/\/vallizabban.com\/tecnologie-stradali\/bitumi-modificati-rigenerval\/\" class=\"bellows-target\"><span class=\"bellows-target-title bellows-target-text\">RIGENERVAL<\/span><\/a><\/li>\n<\/ul>\n<\/li>\n<li id=\"menu-item-74668\" class=\"bellows-menu-item bellows-menu-item-type-custom bellows-menu-item-object-custom bellows-menu-item-74668 bellows-item-level-0\"><a  href=\"#\" class=\"bellows-target\"><span class=\"bellows-target-title bellows-target-text\">Bitumi Migliorati<\/span><\/a><\/li>\n<li id=\"menu-item-33916\" class=\"bellows-menu-item bellows-menu-item-type-custom bellows-menu-item-object-custom bellows-menu-item-has-children bellows-menu-item-33916 bellows-item-level-0\"><a  class=\"bellows-target\"><span class=\"bellows-target-title bellows-target-text\">Conglomerati bituminosi<\/span><button class=\"bellows-subtoggle\" aria-label=\"Toggle Submenu\"><i class=\"bellows-subtoggle-icon-expand fa fa-chevron-down\"><\/i><i class=\"bellows-subtoggle-icon-collapse fa fa-chevron-up\"><\/i><\/button><\/a>\n<ul class=\"bellows-submenu\">\n\t<li id=\"menu-item-33928\" class=\"bellows-menu-item bellows-menu-item-type-custom bellows-menu-item-object-custom bellows-menu-item-has-children bellows-menu-item-33928 bellows-item-level-1\"><a  class=\"bellows-target\"><span class=\"bellows-target-title bellows-target-text\">TRADIZIONALI<\/span><button class=\"bellows-subtoggle\" aria-label=\"Toggle Submenu\"><i class=\"bellows-subtoggle-icon-expand fa fa-chevron-down\"><\/i><i class=\"bellows-subtoggle-icon-collapse fa fa-chevron-up\"><\/i><\/button><\/a>\n\t<ul class=\"bellows-submenu\">\n\t\t<li id=\"menu-item-33977\" class=\"bellows-menu-item bellows-menu-item-type-post_type bellows-menu-item-object-page bellows-menu-item-33977 bellows-item-level-2\"><a  href=\"https:\/\/vallizabban.com\/tecnologie-stradali\/conglomerati-bituminosi-tradizionali-usura\/\" class=\"bellows-target\"><span class=\"bellows-target-title bellows-target-text\">DESGASTE TRADICIONAL<\/span><\/a><\/li>\n\t\t<li id=\"menu-item-33978\" class=\"bellows-menu-item bellows-menu-item-type-post_type bellows-menu-item-object-page bellows-menu-item-33978 bellows-item-level-2\"><a  href=\"https:\/\/vallizabban.com\/tecnologie-stradali\/conglomerati-bituminosi-tradizionali-binder\/\" class=\"bellows-target\"><span class=\"bellows-target-title bellows-target-text\">TRADICIONALES BINDER<\/span><\/a><\/li>\n\t\t<li id=\"menu-item-33979\" class=\"bellows-menu-item bellows-menu-item-type-post_type bellows-menu-item-object-page bellows-menu-item-33979 bellows-item-level-2\"><a  href=\"https:\/\/vallizabban.com\/tecnologie-stradali\/conglomerati-bituminosi-tradizionali-base\/\" class=\"bellows-target\"><span class=\"bellows-target-title bellows-target-text\">TRADICIONALES BASE<\/span><\/a><\/li>\n\t<\/ul>\n<\/li>\n\t<li id=\"menu-item-33963\" class=\"bellows-menu-item bellows-menu-item-type-custom bellows-menu-item-object-custom bellows-menu-item-has-children bellows-menu-item-33963 bellows-item-level-1\"><a  class=\"bellows-target\"><span class=\"bellows-target-title bellows-target-text\">MODIFICATI<\/span><button class=\"bellows-subtoggle\" aria-label=\"Toggle Submenu\"><i class=\"bellows-subtoggle-icon-expand fa fa-chevron-down\"><\/i><i class=\"bellows-subtoggle-icon-collapse fa fa-chevron-up\"><\/i><\/button><\/a>\n\t<ul class=\"bellows-submenu\">\n\t\t<li id=\"menu-item-34001\" class=\"bellows-menu-item bellows-menu-item-type-post_type bellows-menu-item-object-page bellows-menu-item-34001 bellows-item-level-2\"><a  href=\"https:\/\/vallizabban.com\/tecnologie-stradali\/conglomerati-bituminosi-modificati-usura\/\" class=\"bellows-target\"><span class=\"bellows-target-title bellows-target-text\">MODIFICADOS DESGASTE<\/span><\/a><\/li>\n\t\t<li id=\"menu-item-34002\" class=\"bellows-menu-item bellows-menu-item-type-post_type bellows-menu-item-object-page bellows-menu-item-34002 bellows-item-level-2\"><a  href=\"https:\/\/vallizabban.com\/tecnologie-stradali\/conglomerati-bituminosi-modificati-binder\/\" class=\"bellows-target\"><span class=\"bellows-target-title bellows-target-text\">MODIFICADOS BINDER<\/span><\/a><\/li>\n\t\t<li id=\"menu-item-34003\" class=\"bellows-menu-item bellows-menu-item-type-post_type bellows-menu-item-object-page bellows-menu-item-34003 bellows-item-level-2\"><a  href=\"https:\/\/vallizabban.com\/tecnologie-stradali\/conglomerati-bituminosi-modificati-base\/\" class=\"bellows-target\"><span class=\"bellows-target-title bellows-target-text\">MODIFICADOS BASE<\/span><\/a><\/li>\n\t<\/ul>\n<\/li>\n\t<li id=\"menu-item-34000\" class=\"bellows-menu-item bellows-menu-item-type-post_type bellows-menu-item-object-page bellows-menu-item-34000 bellows-item-level-1\"><a  href=\"https:\/\/vallizabban.com\/tecnologie-stradali\/conglomerati-bituminosi-a-freddo\/\" class=\"bellows-target\"><span class=\"bellows-target-title bellows-target-text\">FR\u00cdO<\/span><\/a><\/li>\n<\/ul>\n<\/li>\n<li id=\"menu-item-33917\" class=\"bellows-menu-item bellows-menu-item-type-custom bellows-menu-item-object-custom bellows-menu-item-has-children bellows-menu-item-33917 bellows-item-level-0\"><a  class=\"bellows-target\"><span class=\"bellows-target-title bellows-target-text\">Emulsioni Bituminose<\/span><button class=\"bellows-subtoggle\" aria-label=\"Toggle Submenu\"><i class=\"bellows-subtoggle-icon-expand fa fa-chevron-down\"><\/i><i class=\"bellows-subtoggle-icon-collapse fa fa-chevron-up\"><\/i><\/button><\/a>\n<ul class=\"bellows-submenu\">\n\t<li id=\"menu-item-34032\" class=\"bellows-menu-item bellows-menu-item-type-post_type bellows-menu-item-object-page bellows-menu-item-34032 bellows-item-level-1\"><a  href=\"https:\/\/vallizabban.com\/tecnologie-stradali\/emulsioni-bituminose-eco-val\/\" class=\"bellows-target\"><span class=\"bellows-target-title bellows-target-text\">ECO VAL<\/span><\/a><\/li>\n\t<li id=\"menu-item-34033\" class=\"bellows-menu-item bellows-menu-item-type-post_type bellows-menu-item-object-page bellows-menu-item-34033 bellows-item-level-1\"><a  href=\"https:\/\/vallizabban.com\/tecnologie-stradali\/emulsioni-bituminose-microtappeti\/\" class=\"bellows-target\"><span class=\"bellows-target-title bellows-target-text\">MICRO ALFOMBRAS<\/span><\/a><\/li>\n\t<li id=\"menu-item-34034\" class=\"bellows-menu-item bellows-menu-item-type-post_type bellows-menu-item-object-page bellows-menu-item-34034 bellows-item-level-1\"><a  href=\"https:\/\/vallizabban.com\/tecnologie-stradali\/emulsioni-bituminose-rigeval\/\" class=\"bellows-target\"><span class=\"bellows-target-title bellows-target-text\">RIGEVAL<\/span><\/a><\/li>\n\t<li id=\"menu-item-34035\" class=\"bellows-menu-item bellows-menu-item-type-post_type bellows-menu-item-object-page bellows-menu-item-34035 bellows-item-level-1\"><a  href=\"https:\/\/vallizabban.com\/tecnologie-stradali\/emulsioni-bituminose-helastoflex\/\" class=\"bellows-target\"><span class=\"bellows-target-title bellows-target-text\">HELASTOFLEX<\/span><\/a><\/li>\n\t<li id=\"menu-item-34036\" class=\"bellows-menu-item bellows-menu-item-type-post_type bellows-menu-item-object-page bellows-menu-item-34036 bellows-item-level-1\"><a  href=\"https:\/\/vallizabban.com\/tecnologie-stradali\/emulsioni-bituminose-helastoval\/\" class=\"bellows-target\"><span class=\"bellows-target-title bellows-target-text\">HELASTOVAL<\/span><\/a><\/li>\n\t<li id=\"menu-item-34037\" class=\"bellows-menu-item bellows-menu-item-type-post_type bellows-menu-item-object-page bellows-menu-item-34037 bellows-item-level-1\"><a  href=\"https:\/\/vallizabban.com\/tecnologie-stradali\/emulsioni-bituminose-idrobit\/\" class=\"bellows-target\"><span class=\"bellows-target-title bellows-target-text\">IDROBIT<\/span><\/a><\/li>\n<\/ul>\n<\/li>\n<li id=\"menu-item-34870\" class=\"bellows-menu-item bellows-menu-item-type-post_type bellows-menu-item-object-page bellows-menu-item-34870 bellows-item-level-0\"><a  href=\"https:\/\/vallizabban.com\/tecnologie-stradali\/geocompositi-adesival-road\/\" class=\"bellows-target\"><span class=\"bellows-target-title bellows-target-text\">Geocompuestos<\/span><\/a><\/li>\n<\/ul><\/nav>\t\t\t\t<\/div>\n\t\t\t\t<\/div>\n\t\t\t\t\t<\/div>\n\t\t<\/div>\n\t\t\t\t<div class=\"elementor-column elementor-col-66 elementor-top-column elementor-element elementor-element-193ecb1\" data-id=\"193ecb1\" data-element_type=\"column\" data-e-type=\"column\">\n\t\t\t<div class=\"elementor-widget-wrap elementor-element-populated\">\n\t\t\t\t\t\t<div class=\"elementor-element elementor-element-4e28d45 elementor-widget elementor-widget-text-editor\" data-id=\"4e28d45\" data-element_type=\"widget\" data-e-type=\"widget\" data-widget_type=\"text-editor.default\">\n\t\t\t\t<div class=\"elementor-widget-container\">\n\t\t\t\t\t\t\t\t\t<div class=\"tab_tecnologie\">\n<h2>CONGLOMERADOS BITUMINOSOS <b>MODIFICADOS<\/b>: DESGASTE<\/h2>\n<h3>DESGASTE 0\/10 PMB HARD<\/h3>\n<h6>AC 8 SURF PMB 45\/80-70<\/h6>\nHormig\u00f3n asf\u00e1ltico para carreteras, pistas de aeropuertos y otras \u00e1reas traficadas\n<div align=\"right\"><a class=\"elementor-button-link elementor-button elementor-size-small\" href=\"https:\/\/vallizabban.com\/wp-content\/uploads\/2020\/10\/DoP_USURA-mm-010-PMB-HARD-03010108-9-20.pdf\" target=\"_blank\" rel=\"noopener\">\n<span class=\"elementor-button-content-wrapper\">\n<span class=\"elementor-button-icon elementor-align-icon-left\">\n<i class=\"fas fa-file-alt\" aria-hidden=\"true\"><\/i>\n<\/span>\n<span class=\"elementor-button-text\">DOP<\/span>\n<\/span>\n<\/a>\n<a class=\"elementor-button-link elementor-button elementor-size-small\" href=\"https:\/\/vallizabban.com\/wp-content\/uploads\/2020\/10\/USURA-mm-010-PMB-HARD-scheda-tecnica-di-conformit%C3%A0-9-15.pdf\" target=\"_blank\" rel=\"noopener\"><span class=\"elementor-button-content-wrapper\">\n<span class=\"elementor-button-icon elementor-align-icon-left\">\n<i class=\"fas fa-file-signature\" aria-hidden=\"true\"><\/i>\n<\/span>\n<span class=\"elementor-button-text\">FICHA T\u00c9CNICA<\/span>\n<\/span>\n<\/a>\n<\/div>\n<h3>DESGASTE 0\/10 SF<\/h3>\n<h6>AC 8 SURF PMB 40\/100-55<\/h6>\nHormig\u00f3n asf\u00e1ltico para carreteras, pistas de aeropuertos y otras \u00e1reas traficadas\n<div align=\"right\"><a class=\"elementor-button-link elementor-button elementor-size-small\" href=\"https:\/\/vallizabban.com\/wp-content\/uploads\/2020\/10\/DoP_USURA-mm-010-SF-03010075-9-20.pdf\" target=\"_blank\" rel=\"noopener\">\n<span class=\"elementor-button-content-wrapper\">\n<span class=\"elementor-button-icon elementor-align-icon-left\">\n<i class=\"fas fa-file-alt\" aria-hidden=\"true\"><\/i>\n<\/span>\n<span class=\"elementor-button-text\">DOP<\/span>\n<\/span>\n<\/a>\n<a class=\"elementor-button-link elementor-button elementor-size-small\" href=\"https:\/\/vallizabban.com\/wp-content\/uploads\/2020\/10\/USURA-mm-010-SF-scheda-tecnica-di-conformit%C3%A0-9-15.pdf\" target=\"_blank\" rel=\"noopener\"><span class=\"elementor-button-content-wrapper\">\n<span class=\"elementor-button-icon elementor-align-icon-left\">\n<i class=\"fas fa-file-signature\" aria-hidden=\"true\"><\/i>\n<\/span>\n<span class=\"elementor-button-text\">FICHA T\u00c9CNICA<\/span>\n<\/span>\n<\/a>\n<\/div>\n<h3>DESGASTE DASF 0\/10<\/h3>\n<h6>PA 8 PMB 45\/80-70<\/h6>\nHormig\u00f3n asf\u00e1ltico para carreteras, pistas de aeropuertos y otras \u00e1reas traficadas\n<div align=\"right\"><a class=\"elementor-button-link elementor-button elementor-size-small\" href=\"https:\/\/vallizabban.com\/wp-content\/uploads\/2020\/10\/DoP_USURA-DAFS-010-03010130-5-20.pdf\" target=\"_blank\" rel=\"noopener\">\n<span class=\"elementor-button-content-wrapper\">\n<span class=\"elementor-button-icon elementor-align-icon-left\">\n<i class=\"fas fa-file-alt\" aria-hidden=\"true\"><\/i>\n<\/span>\n<span class=\"elementor-button-text\">DOP<\/span>\n<\/span>\n<\/a>\n<a class=\"elementor-button-link elementor-button elementor-size-small\" href=\"https:\/\/vallizabban.com\/wp-content\/uploads\/2020\/10\/USURA-DAFS-010-scheda-tecnica-di-conformit%C3%A0-4-18.pdf\" target=\"_blank\" rel=\"noopener\"><span class=\"elementor-button-content-wrapper\">\n<span class=\"elementor-button-icon elementor-align-icon-left\">\n<i class=\"fas fa-file-signature\" aria-hidden=\"true\"><\/i>\n<\/span>\n<span class=\"elementor-button-text\">FICHA T\u00c9CNICA<\/span>\n<\/span>\n<\/a>\n<\/div>\n<h3>DESGASTE DASF 0\/16<\/h3>\n<h6>PA 16 PMB 45\/80-70<\/h6>\nHormig\u00f3n asf\u00e1ltico para carreteras, pistas de aeropuertos y otras \u00e1reas traficadas\n<div align=\"right\"><a class=\"elementor-button-link elementor-button elementor-size-small\" href=\"#\" target=\"_blank\" rel=\"noopener\">\n<span class=\"elementor-button-content-wrapper\">\n<span class=\"elementor-button-icon elementor-align-icon-left\">\n<i class=\"fas fa-file-alt\" aria-hidden=\"true\"><\/i>\n<\/span>\n<span class=\"elementor-button-text\">DOP<\/span>\n<\/span>\n<\/a>\n<a class=\"elementor-button-link elementor-button elementor-size-small\" href=\"https:\/\/vallizabban.com\/wp-content\/uploads\/2020\/10\/USURA-DAFS-016-scheda-tecnica-di-conformit%C3%A0-2-19.pdf?\" target=\"_blank\" rel=\"noopener\"><span class=\"elementor-button-content-wrapper\">\n<span class=\"elementor-button-icon elementor-align-icon-left\">\n<i class=\"fas fa-file-signature\" aria-hidden=\"true\"><\/i>\n<\/span>\n<span class=\"elementor-button-text\">FICHA T\u00c9CNICA<\/span>\n<\/span>\n<\/a>\n<\/div>\n<h3>DESGASTE DASF 0\/16 STRUTTURALE<\/h3>\n<h6>PA 16 PMB 45\/80-70<\/h6>\nHormig\u00f3n asf\u00e1ltico para carreteras, pistas de aeropuertos y otras \u00e1reas traficadas\n<div align=\"right\"><a class=\"elementor-button-link elementor-button elementor-size-small\" href=\"https:\/\/vallizabban.com\/wp-content\/uploads\/2021\/11\/DOP-USURA-DAFS-016-STRUTTURALE-9-21.pdf\" target=\"_blank\" rel=\"noopener\">\n<span class=\"elementor-button-content-wrapper\">\n<span class=\"elementor-button-icon elementor-align-icon-left\">\n<i class=\"fas fa-file-alt\" aria-hidden=\"true\"><\/i>\n<\/span>\n<span class=\"elementor-button-text\">DOP<\/span>\n<\/span>\n<\/a>\n<a class=\"elementor-button-link elementor-button elementor-size-small\" href=\"https:\/\/vallizabban.com\/wp-content\/uploads\/2021\/11\/ST-USURA-DAFS-016-STRUTTURALE-9-21.pdf\" target=\"_blank\" rel=\"noopener\"><span class=\"elementor-button-content-wrapper\">\n<span class=\"elementor-button-icon elementor-align-icon-left\">\n<i class=\"fas fa-file-signature\" aria-hidden=\"true\"><\/i>\n<\/span>\n<span class=\"elementor-button-text\">FICHA T\u00c9CNICA<\/span>\n<\/span>\n<\/a><\/div>\n<h3>USURA BASALTICO 0\/12 MODIFICATA<\/h3>\n<h6>AC 12,5 SURF PMB 45\/80-70<\/h6>\nHormig\u00f3n asf\u00e1ltico para carreteras, pistas de aeropuertos y otras \u00e1reas traficadas\n<div align=\"right\"><a class=\"elementor-button-link elementor-button elementor-size-small\" href=\"https:\/\/vallizabban.com\/wp-content\/uploads\/2020\/10\/DoP_USURA-BASALTICO-mm-012-MODIFICATA-03010117-5-20.pdf\" target=\"_blank\" rel=\"noopener\">\n<span class=\"elementor-button-content-wrapper\">\n<span class=\"elementor-button-icon elementor-align-icon-left\">\n<i class=\"fas fa-file-alt\" aria-hidden=\"true\"><\/i>\n<\/span>\n<span class=\"elementor-button-text\">DOP<\/span>\n<\/span>\n<\/a>\n<a class=\"elementor-button-link elementor-button elementor-size-small\" href=\"https:\/\/vallizabban.com\/wp-content\/uploads\/2020\/10\/USURA-BASALTICO-mm-012-MODIFICATA-scheda-tecnica-di-conformita-1-19.pdf\" target=\"_blank\" rel=\"noopener\"><span class=\"elementor-button-content-wrapper\">\n<span class=\"elementor-button-icon elementor-align-icon-left\">\n<i class=\"fas fa-file-signature\" aria-hidden=\"true\"><\/i>\n<\/span>\n<span class=\"elementor-button-text\">FICHA T\u00c9CNICA<\/span>\n<\/span>\n<\/a>\n<\/div>\n<h3>DESGASTE ANTIDESLIZANTE SMA 0\/6<\/h3>\n<h6>SMA 6,3 PMB 45\/80-70<\/h6>\nHormig\u00f3n asf\u00e1ltico para carreteras, pistas de aeropuertos y otras \u00e1reas traficadas\n<div align=\"right\"><a class=\"elementor-button-link elementor-button elementor-size-small\" href=\"https:\/\/vallizabban.com\/wp-content\/uploads\/2021\/05\/DOP_USURA_SMA_ANTISDRUCCIOLO_06_03010149-4-21.pdf\" target=\"_blank\" rel=\"noopener\">\n<span class=\"elementor-button-content-wrapper\">\n<span class=\"elementor-button-icon elementor-align-icon-left\">\n<i class=\"fas fa-file-alt\" aria-hidden=\"true\"><\/i>\n<\/span>\n<span class=\"elementor-button-text\">DOP<\/span>\n<\/span>\n<\/a>\n<a class=\"elementor-button-link elementor-button elementor-size-small\" href=\"https:\/\/vallizabban.com\/wp-content\/uploads\/2021\/05\/ST_USURA_SMA_ANTISDRUCCIOLO_06_4-21.pdf\" target=\"_blank\" rel=\"noopener\"><span class=\"elementor-button-content-wrapper\">\n<span class=\"elementor-button-icon elementor-align-icon-left\">\n<i class=\"fas fa-file-signature\" aria-hidden=\"true\"><\/i>\n<\/span>\n<span class=\"elementor-button-text\">FICHA T\u00c9CNICA<\/span>\n<\/span>\n<\/a>\n<\/div>\n<h3>DESGASTE ANTIDESLIZANTE SMA 0\/8<\/h3>\n<h6>SMA 8 PMB 45\/80-70<\/h6>\nHormig\u00f3n asf\u00e1ltico para carreteras, pistas de aeropuertos y otras \u00e1reas traficadas\n<div align=\"right\"><a class=\"elementor-button-link elementor-button elementor-size-small\" href=\"https:\/\/vallizabban.com\/wp-content\/uploads\/2020\/10\/DoP_USURA-SMA-ANTISDRUCCIOLO-08-03010158-5-20.pdf\" target=\"_blank\" rel=\"noopener\">\n<span class=\"elementor-button-content-wrapper\">\n<span class=\"elementor-button-icon elementor-align-icon-left\">\n<i class=\"fas fa-file-alt\" aria-hidden=\"true\"><\/i>\n<\/span>\n<span class=\"elementor-button-text\">DOP<\/span>\n<\/span>\n<\/a>\n<a class=\"elementor-button-link elementor-button elementor-size-small\" href=\"https:\/\/vallizabban.com\/wp-content\/uploads\/2020\/10\/USURA-ANTISDRUCCIOLO-SMA-08-scheda-tecnica-di-conformita-1-19.pdf\" target=\"_blank\" rel=\"noopener\"><span class=\"elementor-button-content-wrapper\">\n<span class=\"elementor-button-icon elementor-align-icon-left\">\n<i class=\"fas fa-file-signature\" aria-hidden=\"true\"><\/i>\n<\/span>\n<span class=\"elementor-button-text\">FICHA T\u00c9CNICA<\/span>\n<\/span>\n<\/a><\/div>\n<h3>DESGASTE ANTIDESLIZANTE SMA 0\/12<\/h3>\n<h6>SMA 12,5 PMB 45\/80-70<\/h6>\nHormig\u00f3n asf\u00e1ltico para carreteras, pistas de aeropuertos y otras \u00e1reas traficadas\n<div align=\"right\"><a class=\"elementor-button-link elementor-button elementor-size-small\" href=\"https:\/\/vallizabban.com\/wp-content\/uploads\/2020\/10\/DoP_USURA-SMA-ANTISDRUCCIOLO-012-03010162-5-20.pdf\" target=\"_blank\" rel=\"noopener\">\n<span class=\"elementor-button-content-wrapper\">\n<span class=\"elementor-button-icon elementor-align-icon-left\">\n<i class=\"fas fa-file-alt\" aria-hidden=\"true\"><\/i>\n<\/span>\n<span class=\"elementor-button-text\">DOP<\/span>\n<\/span>\n<\/a>\n<a class=\"elementor-button-link elementor-button elementor-size-small\" href=\"https:\/\/vallizabban.com\/wp-content\/uploads\/2020\/10\/USURA-ANTISDRUCCIOLO-SMA-012-scheda-tecnica-di-conformita-4-18.pdf\" target=\"_blank\" rel=\"noopener\"><span class=\"elementor-button-content-wrapper\">\n<span class=\"elementor-button-icon elementor-align-icon-left\">\n<i class=\"fas fa-file-signature\" aria-hidden=\"true\"><\/i>\n<\/span>\n<span class=\"elementor-button-text\">FICHA T\u00c9CNICA<\/span>\n<\/span>\n<\/a><\/div>\n<h3>DESGASTE 0\/8 BES<\/h3>\n<h6>SMA 8 PMB 25\/55-70<\/h6>\nHormig\u00f3n asf\u00e1ltico para carreteras, pistas de aeropuertos y otras \u00e1reas traficadas\n<div align=\"right\"><a class=\"elementor-button-link elementor-button elementor-size-small\" href=\"https:\/\/vallizabban.com\/wp-content\/uploads\/2021\/10\/USURA-08-BES-03010071-7-21.pdf\" target=\"_blank\" rel=\"noopener\">\n<span class=\"elementor-button-content-wrapper\">\n<span class=\"elementor-button-icon elementor-align-icon-left\">\n<i class=\"fas fa-file-alt\" aria-hidden=\"true\"><\/i>\n<\/span>\n<span class=\"elementor-button-text\">DOP<\/span>\n<\/span>\n<\/a>\n<a class=\"elementor-button-link elementor-button elementor-size-small\" href=\"https:\/\/vallizabban.com\/wp-content\/uploads\/2021\/10\/USURA-08-BES-scheda-tecnica-di-conformit%C3%A0-7-21.pdf\" target=\"_blank\" rel=\"noopener\"><span class=\"elementor-button-content-wrapper\">\n<span class=\"elementor-button-icon elementor-align-icon-left\">\n<i class=\"fas fa-file-signature\" aria-hidden=\"true\"><\/i>\n<\/span>\n<span class=\"elementor-button-text\">FICHA T\u00c9CNICA<\/span>\n<\/span>\n<\/a>\n<\/div>\n<h3>DESGASTE 0\/12 BES<\/h3>\n<h6>SMA 12,5 PMB 25\/55-70<\/h6>\nHormig\u00f3n asf\u00e1ltico para carreteras, pistas de aeropuertos y otras \u00e1reas traficadas\n<div align=\"right\"><a class=\"elementor-button-link elementor-button elementor-size-small\" href=\"https:\/\/vallizabban.com\/wp-content\/uploads\/2021\/10\/USURA-012-BES-03010084-7-21.pdf\" target=\"_blank\" rel=\"noopener\">\n<span class=\"elementor-button-content-wrapper\">\n<span class=\"elementor-button-icon elementor-align-icon-left\">\n<i class=\"fas fa-file-alt\" aria-hidden=\"true\"><\/i>\n<\/span>\n<span class=\"elementor-button-text\">DOP<\/span>\n<\/span>\n<\/a>\n<a class=\"elementor-button-link elementor-button elementor-size-small\" href=\"https:\/\/vallizabban.com\/wp-content\/uploads\/2021\/10\/USURA-012-BES-scheda-tecnica-di-conformit%C3%A0-7-21.pdf\" target=\"_blank\" rel=\"noopener\"><span class=\"elementor-button-content-wrapper\">\n<span class=\"elementor-button-icon elementor-align-icon-left\">\n<i class=\"fas fa-file-signature\" aria-hidden=\"true\"><\/i>\n<\/span>\n<span class=\"elementor-button-text\">FICHA T\u00c9CNICA<\/span>\n<\/span>\n<\/a><\/div>\n<h3>DESGASTE TRANSPARENTE VZ<\/h3>\n<h6>AC 8 SURF PMB 25\/55-75<\/h6>\nHormig\u00f3n asf\u00e1ltico para carreteras, pistas de aeropuertos y otras \u00e1reas traficadas\n<div align=\"right\"><a class=\"elementor-button-link elementor-button elementor-size-small\" href=\"#\" target=\"_blank\" rel=\"noopener\">\n<span class=\"elementor-button-content-wrapper\">\n<span class=\"elementor-button-icon elementor-align-icon-left\">\n<i class=\"fas fa-file-alt\" aria-hidden=\"true\"><\/i>\n<\/span>\n<span class=\"elementor-button-text\">DOP<\/span>\n<\/span>\n<\/a>\n<a class=\"elementor-button-link elementor-button elementor-size-small\" href=\"https:\/\/vallizabban.com\/wp-content\/uploads\/2020\/10\/DoP_USURA-TRASPARENTE-VZ-03010200-5-20.pdf\" target=\"_blank\" rel=\"noopener\"><span class=\"elementor-button-content-wrapper\">\n<span class=\"elementor-button-icon elementor-align-icon-left\">\n<i class=\"fas fa-file-signature\" aria-hidden=\"true\"><\/i>\n<\/span>\n<span class=\"elementor-button-text\">FICHA T\u00c9CNICA<\/span>\n<\/span>\n<\/a>\n<\/div>\n<\/div>\t\t\t\t\t\t\t\t<\/div>\n\t\t\t\t<\/div>\n\t\t\t\t\t<\/div>\n\t\t<\/div>\n\t\t\t\t\t<\/div>\n\t\t<\/section>\n\t\t\t\t<\/div>\n\t\t","protected":false},"excerpt":{"rendered":"<p>CONGLOMERADOS BITUMINOSOS MODIFICADOS: DESGASTE DESGASTE 0\/10 PMB HARD AC 8 SURF PMB 45\/80-70 Hormig\u00f3n asf\u00e1ltico para carreteras, pistas de aeropuertos y otras \u00e1reas traficadas DOP FICHA T\u00c9CNICA DESGASTE 0\/10 SF AC 8 SURF PMB 40\/100-55 Hormig\u00f3n asf\u00e1ltico para carreteras, pistas de aeropuertos y otras \u00e1reas traficadas DOP FICHA T\u00c9CNICA DESGASTE DASF 0\/10 PA 8 PMB [&hellip;]<\/p>\n","protected":false},"author":1,"featured_media":0,"parent":52059,"menu_order":0,"comment_status":"closed","ping_status":"closed","template":"","meta":{"footnotes":""},"class_list":["post-52099","page","type-page","status-publish","hentry"],"_links":{"self":[{"href":"https:\/\/vallizabban.com\/es\/wp-json\/wp\/v2\/pages\/52099","targetHints":{"allow":["GET"]}}],"collection":[{"href":"https:\/\/vallizabban.com\/es\/wp-json\/wp\/v2\/pages"}],"about":[{"href":"https:\/\/vallizabban.com\/es\/wp-json\/wp\/v2\/types\/page"}],"author":[{"embeddable":true,"href":"https:\/\/vallizabban.com\/es\/wp-json\/wp\/v2\/users\/1"}],"replies":[{"embeddable":true,"href":"https:\/\/vallizabban.com\/es\/wp-json\/wp\/v2\/comments?post=52099"}],"version-history":[{"count":3,"href":"https:\/\/vallizabban.com\/es\/wp-json\/wp\/v2\/pages\/52099\/revisions"}],"predecessor-version":[{"id":75683,"href":"https:\/\/vallizabban.com\/es\/wp-json\/wp\/v2\/pages\/52099\/revisions\/75683"}],"up":[{"embeddable":true,"href":"https:\/\/vallizabban.com\/es\/wp-json\/wp\/v2\/pages\/52059"}],"wp:attachment":[{"href":"https:\/\/vallizabban.com\/es\/wp-json\/wp\/v2\/media?parent=52099"}],"curies":[{"name":"wp","href":"https:\/\/api.w.org\/{rel}","templated":true}]}}