{"id":52103,"date":"2022-06-26T10:56:22","date_gmt":"2022-06-26T10:56:22","guid":{"rendered":"https:\/\/vallizabban.com\/tecnologias-viales\/tecnologias-tradicionales-intervenciones-profundas\/"},"modified":"2022-06-26T10:56:23","modified_gmt":"2022-06-26T10:56:23","slug":"tecnologias-tradicionales-intervenciones-profundas","status":"publish","type":"page","link":"https:\/\/vallizabban.com\/es\/tecnologias-viales\/tecnologias-tradicionales-intervenciones-profundas\/","title":{"rendered":"Tecnolog\u00edas Tradicionales Intervenciones Profundas"},"content":{"rendered":"\t\t<div data-elementor-type=\"wp-page\" data-elementor-id=\"52103\" class=\"elementor elementor-52103 elementor-34823\" data-elementor-post-type=\"page\">\n\t\t\t\t\t\t<section class=\"elementor-section elementor-top-section elementor-element elementor-element-3ba9e27 elementor-section-boxed elementor-section-height-default elementor-section-height-default\" data-id=\"3ba9e27\" data-element_type=\"section\" data-e-type=\"section\">\n\t\t\t\t\t\t<div class=\"elementor-container elementor-column-gap-default\">\n\t\t\t\t\t<div class=\"elementor-column elementor-col-100 elementor-top-column elementor-element elementor-element-54d08ee\" data-id=\"54d08ee\" data-element_type=\"column\" data-e-type=\"column\">\n\t\t\t<div class=\"elementor-widget-wrap elementor-element-populated\">\n\t\t\t\t\t\t<div class=\"elementor-element elementor-element-1de188e elementor-widget elementor-widget-woocommerce-breadcrumb\" data-id=\"1de188e\" data-element_type=\"widget\" data-e-type=\"widget\" data-widget_type=\"woocommerce-breadcrumb.default\">\n\t\t\t\t<div class=\"elementor-widget-container\">\n\t\t\t\t\t<nav class=\"woocommerce-breadcrumb\" aria-label=\"Breadcrumb\">Inicio<\/nav>\t\t\t\t<\/div>\n\t\t\t\t<\/div>\n\t\t\t\t\t<\/div>\n\t\t<\/div>\n\t\t\t\t\t<\/div>\n\t\t<\/section>\n\t\t\t\t<section class=\"elementor-section elementor-top-section elementor-element elementor-element-c373680 elementor-section-boxed elementor-section-height-default elementor-section-height-default\" data-id=\"c373680\" data-element_type=\"section\" data-e-type=\"section\">\n\t\t\t\t\t\t<div class=\"elementor-container elementor-column-gap-default\">\n\t\t\t\t\t<div class=\"elementor-column elementor-col-33 elementor-top-column elementor-element elementor-element-f491f0e\" data-id=\"f491f0e\" data-element_type=\"column\" data-e-type=\"column\">\n\t\t\t<div class=\"elementor-widget-wrap elementor-element-populated\">\n\t\t\t\t\t\t<div class=\"elementor-element elementor-element-27ba5b8 elementor-widget elementor-widget-wp-widget-bellows_navigation_widget\" data-id=\"27ba5b8\" data-element_type=\"widget\" data-e-type=\"widget\" data-widget_type=\"wp-widget-bellows_navigation_widget.default\">\n\t\t\t\t<div class=\"elementor-widget-container\">\n\t\t\t\t\t<nav id=\"bellows-main-5522\" class=\"bellows bellows-nojs bellows-main bellows-source-menu bellows-align-full bellows-skin-vanilla bellows-type- bellows-expand-current\"><ul id=\"menu-tecnologie\" class=\"bellows-nav\" data-bellows-config=\"main\"><li id=\"menu-item-34802\" class=\"bellows-menu-item bellows-menu-item-type-custom bellows-menu-item-object-custom bellows-menu-item-has-children bellows-menu-item-34802 bellows-item-level-0\"><a  class=\"bellows-target\"><span class=\"bellows-target-title bellows-target-text\">Tradizionali<\/span><button class=\"bellows-subtoggle\" aria-label=\"Toggle Submenu\"><i class=\"bellows-subtoggle-icon-expand fa fa-chevron-down\"><\/i><i class=\"bellows-subtoggle-icon-collapse fa fa-chevron-up\"><\/i><\/button><\/a>\n<ul class=\"bellows-submenu\">\n\t<li id=\"menu-item-37830\" class=\"bellows-menu-item bellows-menu-item-type-post_type bellows-menu-item-object-page bellows-menu-item-37830 bellows-item-level-1\"><a  href=\"https:\/\/vallizabban.com\/tecnologie-stradali\/tecnologie-tradizionali-interventi-superficiali\/\" class=\"bellows-target\"><span class=\"bellows-target-title bellows-target-text\">Tecnolog\u00edas Tradicionales intervenciones superficiales<\/span><\/a><\/li>\n\t<li id=\"menu-item-37829\" class=\"bellows-menu-item bellows-menu-item-type-post_type bellows-menu-item-object-page bellows-menu-item-37829 bellows-item-level-1\"><a  href=\"https:\/\/vallizabban.com\/tecnologie-stradali\/tecnologie-tradizionali-interventi-profondi\/\" class=\"bellows-target\"><span class=\"bellows-target-title bellows-target-text\">Tecnolog\u00edas Tradicionales Intervenciones Profundas<\/span><\/a><\/li>\n<\/ul>\n<\/li>\n<li id=\"menu-item-34803\" class=\"bellows-menu-item bellows-menu-item-type-custom bellows-menu-item-object-custom bellows-menu-item-has-children bellows-menu-item-34803 bellows-item-level-0\"><a  class=\"bellows-target\"><span class=\"bellows-target-title bellows-target-text\">Ecocompatibili<\/span><button class=\"bellows-subtoggle\" aria-label=\"Toggle Submenu\"><i class=\"bellows-subtoggle-icon-expand fa fa-chevron-down\"><\/i><i class=\"bellows-subtoggle-icon-collapse fa fa-chevron-up\"><\/i><\/button><\/a>\n<ul class=\"bellows-submenu\">\n\t<li id=\"menu-item-34858\" class=\"bellows-menu-item bellows-menu-item-type-post_type bellows-menu-item-object-page bellows-menu-item-34858 bellows-item-level-1\"><a  href=\"https:\/\/vallizabban.com\/tecnologie-stradali\/tecnologie-ecocompatibili-interventi-superficiali\/\" class=\"bellows-target\"><span class=\"bellows-target-title bellows-target-text\">Tecnolog\u00edas ecol\u00f3gicas intervenciones superficiales<\/span><\/a><\/li>\n\t<li id=\"menu-item-34857\" class=\"bellows-menu-item bellows-menu-item-type-post_type bellows-menu-item-object-page bellows-menu-item-34857 bellows-item-level-1\"><a  href=\"https:\/\/vallizabban.com\/tecnologie-stradali\/tecnologie-ecocompatibili-interventi-profondi\/\" class=\"bellows-target\"><span class=\"bellows-target-title bellows-target-text\">Tecnolog\u00ecas eco-compatibles intervenciones profundas<\/span><\/a><\/li>\n<\/ul>\n<\/li>\n<li id=\"menu-item-34855\" class=\"bellows-menu-item bellows-menu-item-type-post_type bellows-menu-item-object-page bellows-menu-item-34855 bellows-item-level-0\"><a  href=\"https:\/\/vallizabban.com\/tecnologie-stradali\/impermealizzazione\/\" class=\"bellows-target\"><span class=\"bellows-target-title bellows-target-text\">Impermeabilizaci\u00f3n<\/span><\/a><\/li>\n<li id=\"menu-item-34853\" class=\"bellows-menu-item bellows-menu-item-type-post_type bellows-menu-item-object-page bellows-menu-item-34853 bellows-item-level-0\"><a  href=\"https:\/\/vallizabban.com\/tecnologie-stradali\/trattamenti-buche\/\" class=\"bellows-target\"><span class=\"bellows-target-title bellows-target-text\">Tratamiento de Baches<\/span><\/a><\/li>\n<\/ul><\/nav>\t\t\t\t<\/div>\n\t\t\t\t<\/div>\n\t\t\t\t\t<\/div>\n\t\t<\/div>\n\t\t\t\t<div class=\"elementor-column elementor-col-66 elementor-top-column elementor-element elementor-element-efd991b\" data-id=\"efd991b\" data-element_type=\"column\" data-e-type=\"column\">\n\t\t\t<div class=\"elementor-widget-wrap elementor-element-populated\">\n\t\t\t\t\t\t<div class=\"elementor-element elementor-element-56f11e6 elementor-widget elementor-widget-text-editor\" data-id=\"56f11e6\" data-element_type=\"widget\" data-e-type=\"widget\" data-widget_type=\"text-editor.default\">\n\t\t\t\t<div class=\"elementor-widget-container\">\n\t\t\t\t\t\t\t\t\t<div class=\"tab_tecnologie\">\n<h2>TECNOLOG\u00cdAS TRADICIONALES: <b>INTERVENCIONES PROFUNDAS<\/b><\/h2>\n<h3>CONGLOMERADOS Y BINDER BITUMINOSOS B\u00c1SICOS<\/h3>\n<ul>\n \t<li>B\u00c1SICOS Y BINDER M\u00d3DULO ALTO CON PMB DRENOVAL HM\n<div align=\"right\"><a class=\"elementor-button-link elementor-button elementor-size-small\" href=\"https:\/\/vallizabban.com\/wp-content\/uploads\/2020\/12\/CAPITOLATO-BASE-E-BINDER-ALTO-MODULO-PMB-DRENOVAL-HM.pdf\" target=\"_blank\">\n<span class=\"elementor-button-content-wrapper\">\n<span class=\"elementor-button-icon elementor-align-icon-left\">\n<i class=\"fas fa-file-alt\" aria-hidden=\"true\"><\/i>\n<\/span>\n<span class=\"elementor-button-text\">ESPECIFICACIONES<\/span>\n<\/span>\n<\/a>\n<a class=\"elementor-button-link elementor-button elementor-size-small\" href=\"https:\/\/vallizabban.com\/wp-content\/uploads\/2020\/09\/ST_20-DRENOVAL-HM.pdf\" target=\"_blank\"><span class=\"elementor-button-content-wrapper\">\n<span class=\"elementor-button-icon elementor-align-icon-left\">\n<i class=\"fas fa-file-signature\" aria-hidden=\"true\"><\/i>\n<\/span>\n<span class=\"elementor-button-text\">FICHA T\u00c9CNICA<\/span>\n<\/span>\n<\/a><\/div><\/li>\n<\/ul>\n<ul>\n \t<li>BASE TIPO DURO CON PMB DRENOVAL HARD M\n<div align=\"right\"><a class=\"elementor-button-link elementor-button elementor-size-small\" href=\"https:\/\/vallizabban.com\/wp-content\/uploads\/2020\/12\/CAPITOLATO-BASE-HARD-PMB-DRENOVAL-HARD-M.pdf\" target=\"_blank\">\n<span class=\"elementor-button-content-wrapper\">\n<span class=\"elementor-button-icon elementor-align-icon-left\">\n<i class=\"fas fa-file-alt\" aria-hidden=\"true\"><\/i>\n<\/span>\n<span class=\"elementor-button-text\">ESPECIFICACIONES<\/span>\n<\/span>\n<\/a>\n<a class=\"elementor-button-link elementor-button elementor-size-small\" href=\"https:\/\/vallizabban.com\/wp-content\/uploads\/2020\/09\/ST_20-DRENOVAL-HARD-M.pdf\" target=\"_blank\"><span class=\"elementor-button-content-wrapper\">\n<span class=\"elementor-button-icon elementor-align-icon-left\">\n<i class=\"fas fa-file-signature\" aria-hidden=\"true\"><\/i>\n<\/span>\n<span class=\"elementor-button-text\">FICHA T\u00c9CNICA<\/span>\n<\/span>\n<\/a><\/div><\/li>\n<\/ul>\n<ul>\n \t<li>BASE TIPO SUAVE CON SOFT PMB tipo ANAS\n<div align=\"right\"><a class=\"elementor-button-link elementor-button elementor-size-small\" href=\"https:\/\/vallizabban.com\/wp-content\/uploads\/2020\/12\/CAPITOLATO-BASE-SOFT-PMB-DRENOVAL-SOFT-ANAS.pdf\" target=\"_blank\">\n<span class=\"elementor-button-content-wrapper\">\n<span class=\"elementor-button-icon elementor-align-icon-left\">\n<i class=\"fas fa-file-alt\" aria-hidden=\"true\"><\/i>\n<\/span>\n<span class=\"elementor-button-text\">ESPECIFICACIONES<\/span>\n<\/span>\n<\/a>\n<a class=\"elementor-button-link elementor-button elementor-size-small\" href=\"https:\/\/vallizabban.com\/wp-content\/uploads\/2020\/09\/ST_20-DRENOVAL-SOFT-tipo-ANAS.pdf\" target=\"_blank\"><span class=\"elementor-button-content-wrapper\">\n<span class=\"elementor-button-icon elementor-align-icon-left\">\n<i class=\"fas fa-file-signature\" aria-hidden=\"true\"><\/i>\n<\/span>\n<span class=\"elementor-button-text\">FICHA T\u00c9CNICA<\/span>\n<\/span>\n<\/a><\/div><\/li>\n<\/ul>\n<ul>\n \t<li>BINDER TIPO HARD CON PMB DRENOVAL HARD M\n<div align=\"right\"><a class=\"elementor-button-link elementor-button elementor-size-small\" href=\"https:\/\/vallizabban.com\/wp-content\/uploads\/2020\/12\/CAPITOLATO-BINDER-HARD-PMB-DRENOVAL-HARD-M.pdf\" target=\"_blank\">\n<span class=\"elementor-button-content-wrapper\">\n<span class=\"elementor-button-icon elementor-align-icon-left\">\n<i class=\"fas fa-file-alt\" aria-hidden=\"true\"><\/i>\n<\/span>\n<span class=\"elementor-button-text\">ESPECIFICACIONES<\/span>\n<\/span>\n<\/a>\n<a class=\"elementor-button-link elementor-button elementor-size-small\" href=\"https:\/\/vallizabban.com\/wp-content\/uploads\/2020\/09\/ST_20-DRENOVAL-HARD-M.pdf\" target=\"_blank\"><span class=\"elementor-button-content-wrapper\">\n<span class=\"elementor-button-icon elementor-align-icon-left\">\n<i class=\"fas fa-file-signature\" aria-hidden=\"true\"><\/i>\n<\/span>\n<span class=\"elementor-button-text\">FICHA T\u00c9CNICA<\/span>\n<\/span>\n<\/a><\/div><\/li>\n<\/ul>\n<ul>\n \t<li>BINDER TIPO SOFT CON PMB DRENOVAL SOFT tipo ANAS\n<div align=\"right\"><a class=\"elementor-button-link elementor-button elementor-size-small\" href=\"https:\/\/vallizabban.com\/wp-content\/uploads\/2020\/12\/CAPITOLATO-BINDER-SOFT-PMB-DRENOVAL-SOFT-ANAS.pdf\" target=\"_blank\">\n<span class=\"elementor-button-content-wrapper\">\n<span class=\"elementor-button-icon elementor-align-icon-left\">\n<i class=\"fas fa-file-alt\" aria-hidden=\"true\"><\/i>\n<\/span>\n<span class=\"elementor-button-text\">ESPECIFICACIONES<\/span>\n<\/span>\n<\/a>\n<a class=\"elementor-button-link elementor-button elementor-size-small\" href=\"https:\/\/vallizabban.com\/wp-content\/uploads\/2020\/09\/ST_20-DRENOVAL-SOFT-tipo-ANAS.pdf\" target=\"_blank\"><span class=\"elementor-button-content-wrapper\">\n<span class=\"elementor-button-icon elementor-align-icon-left\">\n<i class=\"fas fa-file-signature\" aria-hidden=\"true\"><\/i>\n<\/span>\n<span class=\"elementor-button-text\">FICHA T\u00c9CNICA<\/span>\n<\/span>\n<\/a><\/div><\/li>\n<\/ul>\n\n<h3>CAPAS DE ADERENCIA<\/h3>\n<ul>\n \t<li>CAPAS DE ADERENCIA EN POLYMER MODIFIED BITUMEN HARD EN EMULSION ACUOSA\n<div align=\"right\"><a class=\"elementor-button-link elementor-button elementor-size-small\" href=\"https:\/\/vallizabban.com\/wp-content\/uploads\/2020\/12\/CAPITOLATO-MANO-di-ATTACCO-con-EMULSIONE.pdf\" target=\"_blank\">\n<span class=\"elementor-button-content-wrapper\">\n<span class=\"elementor-button-icon elementor-align-icon-left\">\n<i class=\"fas fa-file-alt\" aria-hidden=\"true\"><\/i>\n<\/span>\n<span class=\"elementor-button-text\">ESPECIFICACIONES<\/span>\n<\/span>\n<\/a>\n<a class=\"elementor-button-link elementor-button elementor-size-small\" href=\"https:\/\/vallizabban.com\/wp-content\/uploads\/2020\/10\/ST_20-IDROBIT-55.pdf\" target=\"_blank\"><span class=\"elementor-button-content-wrapper\">\n<span class=\"elementor-button-icon elementor-align-icon-left\">\n<i class=\"fas fa-file-signature\" aria-hidden=\"true\"><\/i>\n<\/span>\n<span class=\"elementor-button-text\">FICHA T\u00c9CNICA<\/span>\n<\/span>\n<\/a><\/div><\/li>\n<\/ul>\n<\/div>\t\t\t\t\t\t\t\t<\/div>\n\t\t\t\t<\/div>\n\t\t\t\t\t<\/div>\n\t\t<\/div>\n\t\t\t\t\t<\/div>\n\t\t<\/section>\n\t\t\t\t<\/div>\n\t\t","protected":false},"excerpt":{"rendered":"<p>TECNOLOG\u00cdAS TRADICIONALES: INTERVENCIONES PROFUNDAS CONGLOMERADOS Y BINDER BITUMINOSOS B\u00c1SICOS B\u00c1SICOS Y BINDER M\u00d3DULO ALTO CON PMB DRENOVAL HM ESPECIFICACIONES FICHA T\u00c9CNICA BASE TIPO DURO CON PMB DRENOVAL HARD M ESPECIFICACIONES FICHA T\u00c9CNICA BASE TIPO SUAVE CON SOFT PMB tipo ANAS ESPECIFICACIONES FICHA T\u00c9CNICA BINDER TIPO HARD CON PMB DRENOVAL HARD M ESPECIFICACIONES FICHA T\u00c9CNICA BINDER [&hellip;]<\/p>\n","protected":false},"author":1,"featured_media":0,"parent":52059,"menu_order":0,"comment_status":"closed","ping_status":"closed","template":"","meta":{"footnotes":""},"class_list":["post-52103","page","type-page","status-publish","hentry"],"_links":{"self":[{"href":"https:\/\/vallizabban.com\/es\/wp-json\/wp\/v2\/pages\/52103","targetHints":{"allow":["GET"]}}],"collection":[{"href":"https:\/\/vallizabban.com\/es\/wp-json\/wp\/v2\/pages"}],"about":[{"href":"https:\/\/vallizabban.com\/es\/wp-json\/wp\/v2\/types\/page"}],"author":[{"embeddable":true,"href":"https:\/\/vallizabban.com\/es\/wp-json\/wp\/v2\/users\/1"}],"replies":[{"embeddable":true,"href":"https:\/\/vallizabban.com\/es\/wp-json\/wp\/v2\/comments?post=52103"}],"version-history":[{"count":0,"href":"https:\/\/vallizabban.com\/es\/wp-json\/wp\/v2\/pages\/52103\/revisions"}],"up":[{"embeddable":true,"href":"https:\/\/vallizabban.com\/es\/wp-json\/wp\/v2\/pages\/52059"}],"wp:attachment":[{"href":"https:\/\/vallizabban.com\/es\/wp-json\/wp\/v2\/media?parent=52103"}],"curies":[{"name":"wp","href":"https:\/\/api.w.org\/{rel}","templated":true}]}}