{"id":52113,"date":"2022-06-27T17:21:24","date_gmt":"2022-06-27T17:21:24","guid":{"rendered":"https:\/\/vallizabban.com\/tecnologias-viales\/desgaste-tradicional\/"},"modified":"2022-06-27T17:21:27","modified_gmt":"2022-06-27T17:21:27","slug":"desgaste-tradicional","status":"publish","type":"page","link":"https:\/\/vallizabban.com\/es\/tecnologias-viales\/desgaste-tradicional\/","title":{"rendered":"DESGASTE TRADICIONAL"},"content":{"rendered":"\t\t<div data-elementor-type=\"wp-page\" data-elementor-id=\"52113\" class=\"elementor elementor-52113 elementor-33965\" data-elementor-post-type=\"page\">\n\t\t\t\t\t\t<section class=\"elementor-section elementor-top-section elementor-element elementor-element-cccd9a3 elementor-section-boxed elementor-section-height-default elementor-section-height-default\" data-id=\"cccd9a3\" data-element_type=\"section\" data-e-type=\"section\">\n\t\t\t\t\t\t<div class=\"elementor-container elementor-column-gap-default\">\n\t\t\t\t\t<div class=\"elementor-column elementor-col-33 elementor-top-column elementor-element elementor-element-595f2b0\" data-id=\"595f2b0\" data-element_type=\"column\" data-e-type=\"column\">\n\t\t\t<div class=\"elementor-widget-wrap elementor-element-populated\">\n\t\t\t\t\t\t<div class=\"elementor-element elementor-element-2a169c1 elementor-widget elementor-widget-wp-widget-bellows_navigation_widget\" data-id=\"2a169c1\" data-element_type=\"widget\" data-e-type=\"widget\" data-widget_type=\"wp-widget-bellows_navigation_widget.default\">\n\t\t\t\t<div class=\"elementor-widget-container\">\n\t\t\t\t\t<nav id=\"bellows-main-5521\" class=\"bellows bellows-nojs bellows-main bellows-source-menu bellows-align-full bellows-skin-vanilla bellows-type- bellows-expand-current\"><ul id=\"menu-prodotti_stradali\" class=\"bellows-nav\" data-bellows-config=\"main\"><li id=\"menu-item-33915\" class=\"bellows-menu-item bellows-menu-item-type-custom bellows-menu-item-object-custom bellows-menu-item-has-children bellows-menu-item-33915 bellows-item-level-0\"><a  class=\"bellows-target\"><span class=\"bellows-target-title bellows-target-text\">Bitumi Modificati<\/span><button class=\"bellows-subtoggle\" aria-label=\"Toggle Submenu\"><i class=\"bellows-subtoggle-icon-expand fa fa-chevron-down\"><\/i><i class=\"bellows-subtoggle-icon-collapse fa fa-chevron-up\"><\/i><\/button><\/a>\n<ul class=\"bellows-submenu\">\n\t<li id=\"menu-item-33927\" class=\"bellows-menu-item bellows-menu-item-type-post_type bellows-menu-item-object-page bellows-menu-item-33927 bellows-item-level-1\"><a  href=\"https:\/\/vallizabban.com\/tecnologie-stradali\/bitumi-modificati-drenoval\/\" class=\"bellows-target\"><span class=\"bellows-target-title bellows-target-text\">DRENOVAL<\/span><\/a><\/li>\n\t<li id=\"menu-item-33960\" class=\"bellows-menu-item bellows-menu-item-type-post_type bellows-menu-item-object-page bellows-menu-item-33960 bellows-item-level-1\"><a  href=\"https:\/\/vallizabban.com\/tecnologie-stradali\/bitumi-modificati-lowval\/\" class=\"bellows-target\"><span class=\"bellows-target-title bellows-target-text\">LOWAL<\/span><\/a><\/li>\n\t<li id=\"menu-item-33962\" class=\"bellows-menu-item bellows-menu-item-type-post_type bellows-menu-item-object-page bellows-menu-item-33962 bellows-item-level-1\"><a  href=\"https:\/\/vallizabban.com\/tecnologie-stradali\/bitumi-modificati-rigenerval\/\" class=\"bellows-target\"><span class=\"bellows-target-title bellows-target-text\">RIGENERVAL<\/span><\/a><\/li>\n<\/ul>\n<\/li>\n<li id=\"menu-item-74668\" class=\"bellows-menu-item bellows-menu-item-type-custom bellows-menu-item-object-custom bellows-menu-item-74668 bellows-item-level-0\"><a  href=\"#\" class=\"bellows-target\"><span class=\"bellows-target-title bellows-target-text\">Bitumi Migliorati<\/span><\/a><\/li>\n<li id=\"menu-item-33916\" class=\"bellows-menu-item bellows-menu-item-type-custom bellows-menu-item-object-custom bellows-menu-item-has-children bellows-menu-item-33916 bellows-item-level-0\"><a  class=\"bellows-target\"><span class=\"bellows-target-title bellows-target-text\">Conglomerati bituminosi<\/span><button class=\"bellows-subtoggle\" aria-label=\"Toggle Submenu\"><i class=\"bellows-subtoggle-icon-expand fa fa-chevron-down\"><\/i><i class=\"bellows-subtoggle-icon-collapse fa fa-chevron-up\"><\/i><\/button><\/a>\n<ul class=\"bellows-submenu\">\n\t<li id=\"menu-item-33928\" class=\"bellows-menu-item bellows-menu-item-type-custom bellows-menu-item-object-custom bellows-menu-item-has-children bellows-menu-item-33928 bellows-item-level-1\"><a  class=\"bellows-target\"><span class=\"bellows-target-title bellows-target-text\">TRADIZIONALI<\/span><button class=\"bellows-subtoggle\" aria-label=\"Toggle Submenu\"><i class=\"bellows-subtoggle-icon-expand fa fa-chevron-down\"><\/i><i class=\"bellows-subtoggle-icon-collapse fa fa-chevron-up\"><\/i><\/button><\/a>\n\t<ul class=\"bellows-submenu\">\n\t\t<li id=\"menu-item-33977\" class=\"bellows-menu-item bellows-menu-item-type-post_type bellows-menu-item-object-page bellows-menu-item-33977 bellows-item-level-2\"><a  href=\"https:\/\/vallizabban.com\/tecnologie-stradali\/conglomerati-bituminosi-tradizionali-usura\/\" class=\"bellows-target\"><span class=\"bellows-target-title bellows-target-text\">DESGASTE TRADICIONAL<\/span><\/a><\/li>\n\t\t<li id=\"menu-item-33978\" class=\"bellows-menu-item bellows-menu-item-type-post_type bellows-menu-item-object-page bellows-menu-item-33978 bellows-item-level-2\"><a  href=\"https:\/\/vallizabban.com\/tecnologie-stradali\/conglomerati-bituminosi-tradizionali-binder\/\" class=\"bellows-target\"><span class=\"bellows-target-title bellows-target-text\">TRADICIONALES BINDER<\/span><\/a><\/li>\n\t\t<li id=\"menu-item-33979\" class=\"bellows-menu-item bellows-menu-item-type-post_type bellows-menu-item-object-page bellows-menu-item-33979 bellows-item-level-2\"><a  href=\"https:\/\/vallizabban.com\/tecnologie-stradali\/conglomerati-bituminosi-tradizionali-base\/\" class=\"bellows-target\"><span class=\"bellows-target-title bellows-target-text\">TRADICIONALES BASE<\/span><\/a><\/li>\n\t<\/ul>\n<\/li>\n\t<li id=\"menu-item-33963\" class=\"bellows-menu-item bellows-menu-item-type-custom bellows-menu-item-object-custom bellows-menu-item-has-children bellows-menu-item-33963 bellows-item-level-1\"><a  class=\"bellows-target\"><span class=\"bellows-target-title bellows-target-text\">MODIFICATI<\/span><button class=\"bellows-subtoggle\" aria-label=\"Toggle Submenu\"><i class=\"bellows-subtoggle-icon-expand fa fa-chevron-down\"><\/i><i class=\"bellows-subtoggle-icon-collapse fa fa-chevron-up\"><\/i><\/button><\/a>\n\t<ul class=\"bellows-submenu\">\n\t\t<li id=\"menu-item-34001\" class=\"bellows-menu-item bellows-menu-item-type-post_type bellows-menu-item-object-page bellows-menu-item-34001 bellows-item-level-2\"><a  href=\"https:\/\/vallizabban.com\/tecnologie-stradali\/conglomerati-bituminosi-modificati-usura\/\" class=\"bellows-target\"><span class=\"bellows-target-title bellows-target-text\">MODIFICADOS DESGASTE<\/span><\/a><\/li>\n\t\t<li id=\"menu-item-34002\" class=\"bellows-menu-item bellows-menu-item-type-post_type bellows-menu-item-object-page bellows-menu-item-34002 bellows-item-level-2\"><a  href=\"https:\/\/vallizabban.com\/tecnologie-stradali\/conglomerati-bituminosi-modificati-binder\/\" class=\"bellows-target\"><span class=\"bellows-target-title bellows-target-text\">MODIFICADOS BINDER<\/span><\/a><\/li>\n\t\t<li id=\"menu-item-34003\" class=\"bellows-menu-item bellows-menu-item-type-post_type bellows-menu-item-object-page bellows-menu-item-34003 bellows-item-level-2\"><a  href=\"https:\/\/vallizabban.com\/tecnologie-stradali\/conglomerati-bituminosi-modificati-base\/\" class=\"bellows-target\"><span class=\"bellows-target-title bellows-target-text\">MODIFICADOS BASE<\/span><\/a><\/li>\n\t<\/ul>\n<\/li>\n\t<li id=\"menu-item-34000\" class=\"bellows-menu-item bellows-menu-item-type-post_type bellows-menu-item-object-page bellows-menu-item-34000 bellows-item-level-1\"><a  href=\"https:\/\/vallizabban.com\/tecnologie-stradali\/conglomerati-bituminosi-a-freddo\/\" class=\"bellows-target\"><span class=\"bellows-target-title bellows-target-text\">FR\u00cdO<\/span><\/a><\/li>\n<\/ul>\n<\/li>\n<li id=\"menu-item-33917\" class=\"bellows-menu-item bellows-menu-item-type-custom bellows-menu-item-object-custom bellows-menu-item-has-children bellows-menu-item-33917 bellows-item-level-0\"><a  class=\"bellows-target\"><span class=\"bellows-target-title bellows-target-text\">Emulsioni Bituminose<\/span><button class=\"bellows-subtoggle\" aria-label=\"Toggle Submenu\"><i class=\"bellows-subtoggle-icon-expand fa fa-chevron-down\"><\/i><i class=\"bellows-subtoggle-icon-collapse fa fa-chevron-up\"><\/i><\/button><\/a>\n<ul class=\"bellows-submenu\">\n\t<li id=\"menu-item-34032\" class=\"bellows-menu-item bellows-menu-item-type-post_type bellows-menu-item-object-page bellows-menu-item-34032 bellows-item-level-1\"><a  href=\"https:\/\/vallizabban.com\/tecnologie-stradali\/emulsioni-bituminose-eco-val\/\" class=\"bellows-target\"><span class=\"bellows-target-title bellows-target-text\">ECO VAL<\/span><\/a><\/li>\n\t<li id=\"menu-item-34033\" class=\"bellows-menu-item bellows-menu-item-type-post_type bellows-menu-item-object-page bellows-menu-item-34033 bellows-item-level-1\"><a  href=\"https:\/\/vallizabban.com\/tecnologie-stradali\/emulsioni-bituminose-microtappeti\/\" class=\"bellows-target\"><span class=\"bellows-target-title bellows-target-text\">MICRO ALFOMBRAS<\/span><\/a><\/li>\n\t<li id=\"menu-item-34034\" class=\"bellows-menu-item bellows-menu-item-type-post_type bellows-menu-item-object-page bellows-menu-item-34034 bellows-item-level-1\"><a  href=\"https:\/\/vallizabban.com\/tecnologie-stradali\/emulsioni-bituminose-rigeval\/\" class=\"bellows-target\"><span class=\"bellows-target-title bellows-target-text\">RIGEVAL<\/span><\/a><\/li>\n\t<li id=\"menu-item-34035\" class=\"bellows-menu-item bellows-menu-item-type-post_type bellows-menu-item-object-page bellows-menu-item-34035 bellows-item-level-1\"><a  href=\"https:\/\/vallizabban.com\/tecnologie-stradali\/emulsioni-bituminose-helastoflex\/\" class=\"bellows-target\"><span class=\"bellows-target-title bellows-target-text\">HELASTOFLEX<\/span><\/a><\/li>\n\t<li id=\"menu-item-34036\" class=\"bellows-menu-item bellows-menu-item-type-post_type bellows-menu-item-object-page bellows-menu-item-34036 bellows-item-level-1\"><a  href=\"https:\/\/vallizabban.com\/tecnologie-stradali\/emulsioni-bituminose-helastoval\/\" class=\"bellows-target\"><span class=\"bellows-target-title bellows-target-text\">HELASTOVAL<\/span><\/a><\/li>\n\t<li id=\"menu-item-34037\" class=\"bellows-menu-item bellows-menu-item-type-post_type bellows-menu-item-object-page bellows-menu-item-34037 bellows-item-level-1\"><a  href=\"https:\/\/vallizabban.com\/tecnologie-stradali\/emulsioni-bituminose-idrobit\/\" class=\"bellows-target\"><span class=\"bellows-target-title bellows-target-text\">IDROBIT<\/span><\/a><\/li>\n<\/ul>\n<\/li>\n<li id=\"menu-item-34870\" class=\"bellows-menu-item bellows-menu-item-type-post_type bellows-menu-item-object-page bellows-menu-item-34870 bellows-item-level-0\"><a  href=\"https:\/\/vallizabban.com\/tecnologie-stradali\/geocompositi-adesival-road\/\" class=\"bellows-target\"><span class=\"bellows-target-title bellows-target-text\">Geocompuestos<\/span><\/a><\/li>\n<\/ul><\/nav>\t\t\t\t<\/div>\n\t\t\t\t<\/div>\n\t\t\t\t\t<\/div>\n\t\t<\/div>\n\t\t\t\t<div class=\"elementor-column elementor-col-66 elementor-top-column elementor-element elementor-element-193ecb1\" data-id=\"193ecb1\" data-element_type=\"column\" data-e-type=\"column\">\n\t\t\t<div class=\"elementor-widget-wrap elementor-element-populated\">\n\t\t\t\t\t\t<div class=\"elementor-element elementor-element-4e28d45 elementor-widget elementor-widget-text-editor\" data-id=\"4e28d45\" data-element_type=\"widget\" data-e-type=\"widget\" data-widget_type=\"text-editor.default\">\n\t\t\t\t<div class=\"elementor-widget-container\">\n\t\t\t\t\t\t\t\t\t<div class=\"tab_tecnologie\">\n<h2>TECNOLOG\u00cdAS ECO-COMPATIBLES: <b>INTERVENCIONES PROFUNDAS<\/b><\/h2>\n<h2>MEZCLAS ASF\u00c1LTICAS TIBIAS (Warm Mix Asphalt)<\/h2>\n<p>Las mezclas asf\u00e1lticas tibias (Warm Mix Asphalt \u2013 WMA) son mezclas bituminosas elaboradas con betunes modificados de alta laborabilidad, que permiten disminuir las temperaturas de producci\u00f3n, sin dejar de garantizar la homogeneidad de la pavimentaci\u00f3n y un adecuado grado de compactaci\u00f3n hasta los 100 \u00b0C. En las mezclas asf\u00e1lticas tibias, las temperaturas de producci\u00f3n est\u00e1n comprendidas entre 120 y 150 \u00b0C con una reducci\u00f3n de consumo de combustible de aproximadamente 1,5 kg combustible\/T y de di\u00f3xido de carbono emitido en atm\u00f3sfera de 5 kg CO2\/T. Estos conglomerados, adem\u00e1s de representar una soluci\u00f3n tecnol\u00f3gica ecosostenible, para evitar y minimizar los impactos negativos sobre las personas, las comunidades y los ecosistemas, permiten aumentar la durabilidad, ya que se reduce la oxidaci\u00f3n del bet\u00fan y se facilita la compactaci\u00f3n, aumentando la vida \u00fatil del pavimento y disminuyendo el mantenimiento extraordinario a realizar.<\/p>\n\n \t<h3>CARPETA BASE WMA Y M\u00d3DULO ALTO CON PmB LOWVAL HM40<\/h3>\n\nHormig\u00f3n asf\u00e1ltico de alto m\u00f3dulo complejo para aumentar la resistencia a la fatiga y a la deformaci\u00f3n de las carreteras con alto tr\u00e1fico de veh\u00edculos (minimizando el riesgo de formaci\u00f3n de surcos, favoreciendo la distribuci\u00f3n de cargas y aumentando la resistencia a la fatiga y al envejecimiento).\n<div align=\"right\"><a class=\"elementor-button-link elementor-button elementor-size-small\" href=\"https:\/\/vallizabban.com\/wp-content\/uploads\/2020\/12\/CAPITOLATO-BASE-E-BINDER-ALTO-MODULO-PMB-LOWVAL-HM-40.pdf\" target=\"_blank\">\n<span class=\"elementor-button-content-wrapper\">\n<span class=\"elementor-button-icon elementor-align-icon-left\">\n<i class=\"fas fa-file-alt\" aria-hidden=\"true\"><\/i>\n<\/span>\n<span class=\"elementor-button-text\">ESPECIFICACIONES<\/span>\n<\/span>\n<\/a>\n<a class=\"elementor-button-link elementor-button elementor-size-small\" href=\"https:\/\/vallizabban.com\/wp-content\/uploads\/2020\/11\/ST_20-LOWVAL-HM40.pdf\" target=\"_blank\"><span class=\"elementor-button-content-wrapper\">\n<span class=\"elementor-button-icon elementor-align-icon-left\">\n<i class=\"fas fa-file-signature\" aria-hidden=\"true\"><\/i>\n<\/span>\n<span class=\"elementor-button-text\">FICHA T\u00c9CNICA<\/span>\n<\/span>\n<\/a><\/div>\n\n\n \t<h3>WMA BASE DI TIPO SOFT CON PmB LOWVAL SF<\/h3>\n<div align=\"right\"><a class=\"elementor-button-link elementor-button elementor-size-small\" href=\"https:\/\/vallizabban.com\/wp-content\/uploads\/2020\/12\/CAPITOLATO-BASE-HARD-PMB-LOWVAL.pdf\" target=\"_blank\">\n<span class=\"elementor-button-content-wrapper\">\n<span class=\"elementor-button-icon elementor-align-icon-left\">\n<i class=\"fas fa-file-alt\" aria-hidden=\"true\"><\/i>\n<\/span>\n<span class=\"elementor-button-text\">ESPECIFICACIONES<\/span>\n<\/span>\n<\/a>\n<a class=\"elementor-button-link elementor-button elementor-size-small\" href=\"https:\/\/vallizabban.com\/wp-content\/uploads\/2020\/10\/ST_20-LOWVAL.pdf\" target=\"_blank\"><span class=\"elementor-button-content-wrapper\">\n<span class=\"elementor-button-icon elementor-align-icon-left\">\n<i class=\"fas fa-file-signature\" aria-hidden=\"true\"><\/i>\n<\/span>\n<span class=\"elementor-button-text\">FICHA T\u00c9CNICA<\/span>\n<\/span>\n<\/a><\/div>\n\n\n \t<h3>WMA BASE DI TIPO SOFT CON PmB LOWVAL SF<\/h3>\n<div align=\"right\"><a class=\"elementor-button-link elementor-button elementor-size-small\" href=\"https:\/\/vallizabban.com\/wp-content\/uploads\/2020\/12\/CAPITOLATO-BASE-SOFT-PMB-LOWVAL-SF.pdf\" target=\"_blank\">\n<span class=\"elementor-button-content-wrapper\">\n<span class=\"elementor-button-icon elementor-align-icon-left\">\n<i class=\"fas fa-file-alt\" aria-hidden=\"true\"><\/i>\n<\/span>\n<span class=\"elementor-button-text\">ESPECIFICACIONES<\/span>\n<\/span>\n<\/a>\n<a class=\"elementor-button-link elementor-button elementor-size-small\" href=\"https:\/\/vallizabban.com\/wp-content\/uploads\/2020\/10\/ST_20-LOWVAL-SF.pdf\" target=\"_blank\"><span class=\"elementor-button-content-wrapper\">\n<span class=\"elementor-button-icon elementor-align-icon-left\">\n<i class=\"fas fa-file-signature\" aria-hidden=\"true\"><\/i>\n<\/span>\n<span class=\"elementor-button-text\">FICHA T\u00c9CNICA<\/span>\n<\/span>\n<\/a><\/div>\n\n\n \t<h3>WMA BINDER DI TIPO HARD CON PmB LOWVAL<\/h3>\n<div align=\"right\"><a class=\"elementor-button-link elementor-button elementor-size-small\" href=\"https:\/\/vallizabban.com\/wp-content\/uploads\/2020\/12\/CAPITOLATO-BINDER-HARD-PMB-LOWVAL.pdf\" target=\"_blank\">\n<span class=\"elementor-button-content-wrapper\">\n<span class=\"elementor-button-icon elementor-align-icon-left\">\n<i class=\"fas fa-file-alt\" aria-hidden=\"true\"><\/i>\n<\/span>\n<span class=\"elementor-button-text\">ESPECIFICACIONES<\/span>\n<\/span>\n<\/a>\n<a class=\"elementor-button-link elementor-button elementor-size-small\" href=\"https:\/\/vallizabban.com\/wp-content\/uploads\/2020\/10\/ST_20-LOWVAL.pdf\" target=\"_blank\"><span class=\"elementor-button-content-wrapper\">\n<span class=\"elementor-button-icon elementor-align-icon-left\">\n<i class=\"fas fa-file-signature\" aria-hidden=\"true\"><\/i>\n<\/span>\n<span class=\"elementor-button-text\">FICHA T\u00c9CNICA<\/span>\n<\/span>\n<\/a><\/div>\n\n\n \t<h3> WMA BINDER DI TIPO SOFT CON PmB LOWVAL SF<\/h3>\n<div align=\"right\"><a class=\"elementor-button-link elementor-button elementor-size-small\" href=\"https:\/\/vallizabban.com\/wp-content\/uploads\/2020\/12\/CAPITOLATO-BINDER-SOFT-PMB-LOWVAL-SF.pdf\" target=\"_blank\">\n<span class=\"elementor-button-content-wrapper\">\n<span class=\"elementor-button-icon elementor-align-icon-left\">\n<i class=\"fas fa-file-alt\" aria-hidden=\"true\"><\/i>\n<\/span>\n<span class=\"elementor-button-text\">ESPECIFICACIONES<\/span>\n<\/span>\n<\/a>\n<a class=\"elementor-button-link elementor-button elementor-size-small\" href=\"https:\/\/vallizabban.com\/wp-content\/uploads\/2020\/10\/ST_20-LOWVAL-SF.pdf\" target=\"_blank\"><span class=\"elementor-button-content-wrapper\">\n<span class=\"elementor-button-icon elementor-align-icon-left\">\n<i class=\"fas fa-file-signature\" aria-hidden=\"true\"><\/i>\n<\/span>\n<span class=\"elementor-button-text\">FICHA T\u00c9CNICA<\/span>\n<\/span>\n<\/a><\/div>\n\n<div>\n<h2><br>RECICLAJE EN FR\u00cdO CON EMULSI\u00d3N BITUMINOSA<\/h2>\n<p>El reciclaje en fr\u00edo permite operar sin calentar los materiales y reutilizar hasta el 100% de los materiales reciclados, lo que garantiza no solo beneficios econ\u00f3micos y medioambientales, sino tambi\u00e9n buenos niveles de rendimiento. Las mezclas recicladas en fr\u00edo presentan un comportamiento mec\u00e1nico caracterizado por un equilibrio entre la flexibilidad, t\u00edpica del hormig\u00f3n asf\u00e1ltico en caliente, y la rigidez, caracter\u00edstica de los materiales granulares estabilizados con aglutinantes hidr\u00e1ulicos, lo que permite optimizar la duraci\u00f3n frente a la fatiga de las pavimentaciones sometidas a cargas vehiculares. El reciclado en fr\u00edo puede producirse in situ mediante un \u00abtren de reciclado\u00bb especial que suele estar compuesto por una m\u00e1quina esparcidora, un cami\u00f3n cisterna de agua, un cami\u00f3n cisterna para el bet\u00fan, una m\u00e1quina de reciclaje \u2014o pulvimixer\u2014, una m\u00e1quina niveladora, un rodillo vibratorio de un solo tambor y un rodillo de goma. O se puede realizar en planta donde se pueden obtener mayores niveles de calidad gracias a la posibilidad de utilizar agregados y material molido seleccionados en clases granulom\u00e9tricas y tener un control m\u00e1s preciso de los aglutinantes y las dosis de agua.\n<\/p>\n<\/div>\n\n \t<h3>BASE RECICLADA EN FR\u00cdO CON EMULSI\u00d3N DE BET\u00daN MODIFICADO<\/h3>\n<div align=\"right\"><a class=\"elementor-button-link elementor-button elementor-size-small\" href=\"https:\/\/vallizabban.com\/wp-content\/uploads\/2020\/12\/CAPITOLATO-di-BASE-RICICLATA-a-FREDDO-con-EMULSIONE-di-BITUME-MODIFICATO.pdf\" target=\"_blank\">\n<span class=\"elementor-button-content-wrapper\">\n<span class=\"elementor-button-icon elementor-align-icon-left\">\n<i class=\"fas fa-file-alt\" aria-hidden=\"true\"><\/i>\n<\/span>\n<span class=\"elementor-button-text\">ESPECIFICACIONES<\/span>\n<\/span>\n<\/a>\n<a class=\"elementor-button-link elementor-button elementor-size-small\" href=\"https:\/\/vallizabban.com\/wp-content\/uploads\/2020\/10\/ST_BO20-RIGEVAL.pdf\" target=\"_blank\"><span class=\"elementor-button-content-wrapper\">\n<span class=\"elementor-button-icon elementor-align-icon-left\">\n<i class=\"fas fa-file-signature\" aria-hidden=\"true\"><\/i>\n<\/span>\n<span class=\"elementor-button-text\">FICHA T\u00c9CNICA RIGEVAL<\/span>\n<\/span>\n<\/a>\n<a class=\"elementor-button-link elementor-button elementor-size-small\" href=\"https:\/\/vallizabban.com\/wp-content\/uploads\/2020\/10\/ST_BO20-RIGEVAL-CM.pdf\" target=\"_blank\"><span class=\"elementor-button-content-wrapper\">\n<span class=\"elementor-button-icon elementor-align-icon-left\">\n<i class=\"fas fa-file-signature\" aria-hidden=\"true\"><\/i>\n<\/span>\n<span class=\"elementor-button-text\">FICHA T\u00c9CNICA RIGEVAL CM<\/span>\n<\/span>\n<\/a>\n<a class=\"elementor-button-link elementor-button elementor-size-small\" href=\"https:\/\/vallizabban.com\/wp-content\/uploads\/2020\/10\/ST_BO20-RIGEVAL-LX.pdf\" target=\"_blank\"><span class=\"elementor-button-content-wrapper\">\n<span class=\"elementor-button-icon elementor-align-icon-left\">\n<i class=\"fas fa-file-signature\" aria-hidden=\"true\"><\/i>\n<\/span>\n<span class=\"elementor-button-text\">FICHA T\u00c9CNICA RIGEVAL LX<\/span>\n<\/span>\n<\/a>\n<\/div>\n\n\n \t<h3>CIMENTACI\u00d3N EN FR\u00cdO CON EMULSI\u00d3N DE BET\u00daN MODIFICADO Y CEMENTO<\/h3>\n<div align=\"right\"><a class=\"elementor-button-link elementor-button elementor-size-small\" href=\"https:\/\/vallizabban.com\/wp-content\/uploads\/2020\/12\/CAPITOLATO-FONDAZIONE-a-FREDDO-CON-EMULSIONE-di-BITUME-e-CEMENTO.pdf\" target=\"_blank\">\n<span class=\"elementor-button-content-wrapper\">\n<span class=\"elementor-button-icon elementor-align-icon-left\">\n<i class=\"fas fa-file-alt\" aria-hidden=\"true\"><\/i>\n<\/span>\n<span class=\"elementor-button-text\">ESPECIFICACIONES<\/span>\n<\/span>\n<\/a>\n<a class=\"elementor-button-link elementor-button elementor-size-small\" href=\"https:\/\/vallizabban.com\/wp-content\/uploads\/2020\/10\/ST_BO20-RIGEVAL.pdf\" target=\"_blank\"><span class=\"elementor-button-content-wrapper\">\n<span class=\"elementor-button-icon elementor-align-icon-left\">\n<i class=\"fas fa-file-signature\" aria-hidden=\"true\"><\/i>\n<\/span>\n<span class=\"elementor-button-text\">FICHA T\u00c9CNICA RIGEVAL<\/span>\n<\/span>\n<\/a>\n<a class=\"elementor-button-link elementor-button elementor-size-small\" href=\"https:\/\/vallizabban.com\/wp-content\/uploads\/2020\/10\/ST_BO20-RIGEVAL.pdf\" target=\"_blank\"><span class=\"elementor-button-content-wrapper\">\n<span class=\"elementor-button-icon elementor-align-icon-left\">\n<i class=\"fas fa-file-signature\" aria-hidden=\"true\"><\/i>\n<\/span>\n<span class=\"elementor-button-text\">FICHA T\u00c9CNICA RIGEVAL MC<\/span>\n<\/span>\n<\/a><a class=\"elementor-button-link elementor-button elementor-size-small\" href=\"#\" target=\"_blank\"><span class=\"elementor-button-content-wrapper\">\n<span class=\"elementor-button-icon elementor-align-icon-left\">\n<i class=\"fas fa-file-signature\" aria-hidden=\"true\"><\/i>\n<\/span>\n<span class=\"elementor-button-text\">FICHA T\u00c9CNICA RIGEVAL MCR<\/span>\n<\/span>\n<\/a><\/div>\n\n<\/div>\t\t\t\t\t\t\t\t<\/div>\n\t\t\t\t<\/div>\n\t\t\t\t\t<\/div>\n\t\t<\/div>\n\t\t\t\t\t<\/div>\n\t\t<\/section>\n\t\t\t\t<\/div>\n\t\t","protected":false},"excerpt":{"rendered":"<p>TECNOLOG\u00cdAS ECO-COMPATIBLES: INTERVENCIONES PROFUNDAS MEZCLAS ASF\u00c1LTICAS TIBIAS (Warm Mix Asphalt) Las mezclas asf\u00e1lticas tibias (Warm Mix Asphalt \u2013 WMA) son mezclas bituminosas elaboradas con betunes modificados de alta laborabilidad, que permiten disminuir las temperaturas de producci\u00f3n, sin dejar de garantizar la homogeneidad de la pavimentaci\u00f3n y un adecuado grado de compactaci\u00f3n hasta los 100 \u00b0C. [&hellip;]<\/p>\n","protected":false},"author":1,"featured_media":0,"parent":52059,"menu_order":0,"comment_status":"closed","ping_status":"closed","template":"","meta":{"footnotes":""},"class_list":["post-52113","page","type-page","status-publish","hentry"],"_links":{"self":[{"href":"https:\/\/vallizabban.com\/es\/wp-json\/wp\/v2\/pages\/52113","targetHints":{"allow":["GET"]}}],"collection":[{"href":"https:\/\/vallizabban.com\/es\/wp-json\/wp\/v2\/pages"}],"about":[{"href":"https:\/\/vallizabban.com\/es\/wp-json\/wp\/v2\/types\/page"}],"author":[{"embeddable":true,"href":"https:\/\/vallizabban.com\/es\/wp-json\/wp\/v2\/users\/1"}],"replies":[{"embeddable":true,"href":"https:\/\/vallizabban.com\/es\/wp-json\/wp\/v2\/comments?post=52113"}],"version-history":[{"count":0,"href":"https:\/\/vallizabban.com\/es\/wp-json\/wp\/v2\/pages\/52113\/revisions"}],"up":[{"embeddable":true,"href":"https:\/\/vallizabban.com\/es\/wp-json\/wp\/v2\/pages\/52059"}],"wp:attachment":[{"href":"https:\/\/vallizabban.com\/es\/wp-json\/wp\/v2\/media?parent=52113"}],"curies":[{"name":"wp","href":"https:\/\/api.w.org\/{rel}","templated":true}]}}