{"id":52119,"date":"2022-06-27T18:40:14","date_gmt":"2022-06-27T18:40:14","guid":{"rendered":"https:\/\/vallizabban.com\/sistemas-de-impermeabilizacion\/"},"modified":"2022-06-29T05:22:30","modified_gmt":"2022-06-29T05:22:30","slug":"sistemas-de-impermeabilizacion","status":"publish","type":"page","link":"https:\/\/vallizabban.com\/es\/sistemas-de-impermeabilizacion\/","title":{"rendered":"Sistemas de impermeabilizaci\u00f3n"},"content":{"rendered":"\t\t<div data-elementor-type=\"wp-page\" data-elementor-id=\"52119\" class=\"elementor elementor-52119 elementor-37908\" data-elementor-post-type=\"page\">\n\t\t\t\t\t\t<section class=\"elementor-section elementor-top-section elementor-element elementor-element-90ab609 elementor-section-height-min-height elementor-section-content-top elementor-section-boxed elementor-section-height-default elementor-section-items-middle\" data-id=\"90ab609\" data-element_type=\"section\" data-e-type=\"section\" data-settings=\"{&quot;background_background&quot;:&quot;classic&quot;}\">\n\t\t\t\t\t\t<div class=\"elementor-container elementor-column-gap-default\">\n\t\t\t\t\t<div class=\"elementor-column elementor-col-100 elementor-top-column elementor-element elementor-element-475c13a\" data-id=\"475c13a\" data-element_type=\"column\" data-e-type=\"column\">\n\t\t\t<div class=\"elementor-widget-wrap\">\n\t\t\t\t\t\t\t<\/div>\n\t\t<\/div>\n\t\t\t\t\t<\/div>\n\t\t<\/section>\n\t\t\t\t<section class=\"elementor-section elementor-top-section elementor-element elementor-element-1512367 elementor-section-boxed elementor-section-height-default elementor-section-height-default\" data-id=\"1512367\" data-element_type=\"section\" data-e-type=\"section\">\n\t\t\t\t\t\t<div class=\"elementor-container elementor-column-gap-default\">\n\t\t\t\t\t<div class=\"elementor-column elementor-col-100 elementor-top-column elementor-element elementor-element-78331b8\" data-id=\"78331b8\" data-element_type=\"column\" data-e-type=\"column\">\n\t\t\t<div class=\"elementor-widget-wrap elementor-element-populated\">\n\t\t\t\t\t\t<div class=\"elementor-element elementor-element-6d9c601 elementor-widget elementor-widget-heading\" data-id=\"6d9c601\" data-element_type=\"widget\" data-e-type=\"widget\" data-widget_type=\"heading.default\">\n\t\t\t\t<div class=\"elementor-widget-container\">\n\t\t\t\t\t<h1 class=\"elementor-heading-title elementor-size-default\">Sistemas de <b>impermeabilizaci\u00f3n<\/b><\/h1>\t\t\t\t<\/div>\n\t\t\t\t<\/div>\n\t\t\t\t\t<\/div>\n\t\t<\/div>\n\t\t\t\t\t<\/div>\n\t\t<\/section>\n\t\t\t\t<section class=\"elementor-section elementor-top-section elementor-element elementor-element-f3bc1ff elementor-section-boxed elementor-section-height-default elementor-section-height-default\" data-id=\"f3bc1ff\" data-element_type=\"section\" data-e-type=\"section\">\n\t\t\t\t\t\t<div class=\"elementor-container elementor-column-gap-default\">\n\t\t\t\t\t<div class=\"elementor-column elementor-col-100 elementor-top-column elementor-element elementor-element-eaa89ef\" data-id=\"eaa89ef\" data-element_type=\"column\" data-e-type=\"column\">\n\t\t\t<div class=\"elementor-widget-wrap elementor-element-populated\">\n\t\t\t\t\t\t<div class=\"elementor-element elementor-element-5da845d elementor-widget elementor-widget-text-editor\" data-id=\"5da845d\" data-element_type=\"widget\" data-e-type=\"widget\" data-widget_type=\"text-editor.default\">\n\t\t\t\t<div class=\"elementor-widget-container\">\n\t\t\t\t\t\t\t\t\t<p>Elige entre nuestas <a href=\"https:\/\/vallizabban.com\/membrane-bituminose\/\">membranas bituminosas<\/a>, productos l\u00edquidos y aislantes. Encontrar\u00e1s la soluci\u00f3n m\u00e1s apta entre nuestros casi 1000 productos.<\/p>\t\t\t\t\t\t\t\t<\/div>\n\t\t\t\t<\/div>\n\t\t\t\t\t<\/div>\n\t\t<\/div>\n\t\t\t\t\t<\/div>\n\t\t<\/section>\n\t\t\t\t<section class=\"elementor-section elementor-top-section elementor-element elementor-element-1cecf35 elementor-section-boxed elementor-section-height-default elementor-section-height-default\" data-id=\"1cecf35\" data-element_type=\"section\" data-e-type=\"section\">\n\t\t\t\t\t\t<div class=\"elementor-container elementor-column-gap-default\">\n\t\t\t\t\t<div class=\"elementor-column elementor-col-33 elementor-top-column elementor-element elementor-element-52f5f47\" data-id=\"52f5f47\" data-element_type=\"column\" data-e-type=\"column\">\n\t\t\t<div class=\"elementor-widget-wrap elementor-element-populated\">\n\t\t\t\t\t\t<section class=\"elementor-section elementor-inner-section elementor-element elementor-element-cb4d01b elementor-section-boxed elementor-section-height-default elementor-section-height-default\" data-id=\"cb4d01b\" data-element_type=\"section\" data-e-type=\"section\" data-settings=\"{&quot;background_background&quot;:&quot;classic&quot;}\">\n\t\t\t\t\t\t\t<div class=\"elementor-background-overlay\"><\/div>\n\t\t\t\t\t\t\t<div class=\"elementor-container elementor-column-gap-default\">\n\t\t\t\t\t<div class=\"elementor-column elementor-col-100 elementor-inner-column elementor-element elementor-element-e3a8778\" data-id=\"e3a8778\" data-element_type=\"column\" data-e-type=\"column\">\n\t\t\t<div class=\"elementor-widget-wrap elementor-element-populated\">\n\t\t\t\t\t\t<div class=\"elementor-element elementor-element-6f238fa elementor-widget elementor-widget-image\" data-id=\"6f238fa\" data-element_type=\"widget\" data-e-type=\"widget\" data-widget_type=\"image.default\">\n\t\t\t\t<div class=\"elementor-widget-container\">\n\t\t\t\t\t\t\t\t\t\t\t\t\t\t\t<img decoding=\"async\" src=\"https:\/\/vallizabban.com\/wp-content\/uploads\/elementor\/thumbs\/1920x300_SISTEMI_IMPERMEABILIZZAZIONE-1024x160-1-peiaivldn2cdf1540b2dg6k4x2jrlguj5v0aciuueg.jpg\" title=\"MEMBRANE BITUME POLIMERO\" alt=\"SISTEMI DI IMPERMEABILIZZAZIONE\" loading=\"lazy\" \/>\t\t\t\t\t\t\t\t\t\t\t\t\t\t\t<\/div>\n\t\t\t\t<\/div>\n\t\t\t\t<div class=\"elementor-element elementor-element-7bf054e elementor-widget elementor-widget-heading\" data-id=\"7bf054e\" data-element_type=\"widget\" data-e-type=\"widget\" data-widget_type=\"heading.default\">\n\t\t\t\t<div class=\"elementor-widget-container\">\n\t\t\t\t\t<h6 class=\"elementor-heading-title elementor-size-default\"><a href=\"https:\/\/vallizabban.com\/es\/productos-por-caracteristicas\/\">Membranas <b>de bet\u00fan pol\u00edmero<\/b><\/a><\/h6>\t\t\t\t<\/div>\n\t\t\t\t<\/div>\n\t\t\t\t\t<\/div>\n\t\t<\/div>\n\t\t\t\t\t<\/div>\n\t\t<\/section>\n\t\t\t\t\t<\/div>\n\t\t<\/div>\n\t\t\t\t<div class=\"elementor-column elementor-col-33 elementor-top-column elementor-element elementor-element-ea4636d\" data-id=\"ea4636d\" data-element_type=\"column\" data-e-type=\"column\">\n\t\t\t<div class=\"elementor-widget-wrap elementor-element-populated\">\n\t\t\t\t\t\t<section class=\"elementor-section elementor-inner-section elementor-element elementor-element-44f6cd3 elementor-section-boxed elementor-section-height-default elementor-section-height-default\" data-id=\"44f6cd3\" data-element_type=\"section\" data-e-type=\"section\">\n\t\t\t\t\t\t<div class=\"elementor-container elementor-column-gap-default\">\n\t\t\t\t\t<div class=\"elementor-column elementor-col-100 elementor-inner-column elementor-element elementor-element-9370bf9\" data-id=\"9370bf9\" data-element_type=\"column\" data-e-type=\"column\">\n\t\t\t<div class=\"elementor-widget-wrap elementor-element-populated\">\n\t\t\t\t\t\t<div class=\"elementor-element elementor-element-76c7bdf elementor-widget elementor-widget-image\" data-id=\"76c7bdf\" data-element_type=\"widget\" data-e-type=\"widget\" data-widget_type=\"image.default\">\n\t\t\t\t<div class=\"elementor-widget-container\">\n\t\t\t\t\t\t\t\t\t\t\t\t\t\t\t<img decoding=\"async\" src=\"https:\/\/vallizabban.com\/wp-content\/uploads\/elementor\/thumbs\/Liquidi-ed-accessori-po60e9zebf6nlkgl2e9gmw1eymlb4two7ll0i9e99k.png\" title=\"l\u00edquidos-y-accesorios\" alt=\"l\u00edquidos-y-accesorios\" loading=\"lazy\" \/>\t\t\t\t\t\t\t\t\t\t\t\t\t\t\t<\/div>\n\t\t\t\t<\/div>\n\t\t\t\t<div class=\"elementor-element elementor-element-8dc1aa6 elementor-widget elementor-widget-heading\" data-id=\"8dc1aa6\" data-element_type=\"widget\" data-e-type=\"widget\" data-widget_type=\"heading.default\">\n\t\t\t\t<div class=\"elementor-widget-container\">\n\t\t\t\t\t<h6 class=\"elementor-heading-title elementor-size-default\"><a href=\"https:\/\/vallizabban.com\/es\/ca\/impermeabilizantes-liquidos-pinturas-para-proteccion-y-accesorios\"><b>Impermeabilizantes l\u00edquidos<\/b>, pinturas para protecci\u00f3n y accesorios<\/a><\/h6>\t\t\t\t<\/div>\n\t\t\t\t<\/div>\n\t\t\t\t\t<\/div>\n\t\t<\/div>\n\t\t\t\t\t<\/div>\n\t\t<\/section>\n\t\t\t\t\t<\/div>\n\t\t<\/div>\n\t\t\t\t<div class=\"elementor-column elementor-col-33 elementor-top-column elementor-element elementor-element-5b41ec8\" data-id=\"5b41ec8\" data-element_type=\"column\" data-e-type=\"column\">\n\t\t\t<div class=\"elementor-widget-wrap elementor-element-populated\">\n\t\t\t\t\t\t<section class=\"elementor-section elementor-inner-section elementor-element elementor-element-8ff52ea elementor-section-boxed elementor-section-height-default elementor-section-height-default\" data-id=\"8ff52ea\" data-element_type=\"section\" data-e-type=\"section\">\n\t\t\t\t\t\t<div class=\"elementor-container elementor-column-gap-default\">\n\t\t\t\t\t<div class=\"elementor-column elementor-col-100 elementor-inner-column elementor-element elementor-element-23d559a\" data-id=\"23d559a\" data-element_type=\"column\" data-e-type=\"column\">\n\t\t\t<div class=\"elementor-widget-wrap elementor-element-populated\">\n\t\t\t\t\t\t<div class=\"elementor-element elementor-element-053524a elementor-widget elementor-widget-image\" data-id=\"053524a\" data-element_type=\"widget\" data-e-type=\"widget\" data-widget_type=\"image.default\">\n\t\t\t\t<div class=\"elementor-widget-container\">\n\t\t\t\t\t\t\t\t\t\t\t\t\t\t\t<img decoding=\"async\" src=\"https:\/\/vallizabban.com\/wp-content\/uploads\/elementor\/thumbs\/download-pgubdlpbuj0h65h7angboz6yb2b49hcxgpjk5rk8ko.jpg\" title=\"Aislantes ac\u00fasticos\" alt=\"Aislantes ac\u00fasticos\" loading=\"lazy\" \/>\t\t\t\t\t\t\t\t\t\t\t\t\t\t\t<\/div>\n\t\t\t\t<\/div>\n\t\t\t\t<div class=\"elementor-element elementor-element-9b32a55 elementor-widget elementor-widget-heading\" data-id=\"9b32a55\" data-element_type=\"widget\" data-e-type=\"widget\" data-widget_type=\"heading.default\">\n\t\t\t\t<div class=\"elementor-widget-container\">\n\t\t\t\t\t<h6 class=\"elementor-heading-title elementor-size-default\"><a href=\"http:\/\/aetolia.it\" target=\"_blank\">Aislantes <b>ac\u00fasticos<\/b><\/a><\/h6>\t\t\t\t<\/div>\n\t\t\t\t<\/div>\n\t\t\t\t\t<\/div>\n\t\t<\/div>\n\t\t\t\t\t<\/div>\n\t\t<\/section>\n\t\t\t\t\t<\/div>\n\t\t<\/div>\n\t\t\t\t\t<\/div>\n\t\t<\/section>\n\t\t\t\t<section class=\"elementor-section elementor-top-section elementor-element elementor-element-7cbbd2c elementor-section-boxed elementor-section-height-default elementor-section-height-default\" data-id=\"7cbbd2c\" data-element_type=\"section\" data-e-type=\"section\">\n\t\t\t\t\t\t<div class=\"elementor-container elementor-column-gap-default\">\n\t\t\t\t\t<div class=\"elementor-column elementor-col-100 elementor-top-column elementor-element elementor-element-b558991\" data-id=\"b558991\" data-element_type=\"column\" data-e-type=\"column\">\n\t\t\t<div class=\"elementor-widget-wrap elementor-element-populated\">\n\t\t\t\t\t\t<div class=\"elementor-element elementor-element-e068bd9 elementor-widget elementor-widget-spacer\" data-id=\"e068bd9\" data-element_type=\"widget\" data-e-type=\"widget\" data-widget_type=\"spacer.default\">\n\t\t\t\t<div class=\"elementor-widget-container\">\n\t\t\t\t\t\t\t<div class=\"elementor-spacer\">\n\t\t\t<div class=\"elementor-spacer-inner\"><\/div>\n\t\t<\/div>\n\t\t\t\t\t\t<\/div>\n\t\t\t\t<\/div>\n\t\t\t\t\t<\/div>\n\t\t<\/div>\n\t\t\t\t\t<\/div>\n\t\t<\/section>\n\t\t\t\t<section class=\"elementor-section elementor-top-section elementor-element elementor-element-d845e97 elementor-section-boxed elementor-section-height-default elementor-section-height-default\" data-id=\"d845e97\" data-element_type=\"section\" data-e-type=\"section\">\n\t\t\t\t\t\t<div class=\"elementor-container elementor-column-gap-default\">\n\t\t\t\t\t<div class=\"elementor-column elementor-col-100 elementor-top-column elementor-element elementor-element-b80bfa9\" data-id=\"b80bfa9\" data-element_type=\"column\" data-e-type=\"column\">\n\t\t\t<div class=\"elementor-widget-wrap elementor-element-populated\">\n\t\t\t\t\t\t<div class=\"elementor-element elementor-element-f29b05f elementor-widget elementor-widget-text-editor\" data-id=\"f29b05f\" data-element_type=\"widget\" data-e-type=\"widget\" data-widget_type=\"text-editor.default\">\n\t\t\t\t<div class=\"elementor-widget-container\">\n\t\t\t\t\t\t\t\t\t<p>Valli Zabban se ha establecido en la cima del sector de la impermeabilizaci\u00f3n bituminosa en la construcci\u00f3n civil e infraestructuras en Italia y en todo el mundo.<\/p><p>Desde hace m\u00e1s de un cuarto de siglo, <strong>los sistemas de impermeabilizaci\u00f3n Valli Zabban<\/strong> protegen tejados, puentes, viaductos, cimientos y todas las dem\u00e1s obras de ingenier\u00eda civil contra uno de los elementos m\u00e1s comunes, el agua, y al mismo tiempo uno de los m\u00e1s dif\u00edciles de contener. .<\/p><p>Tambi\u00e9n en este caso, el \u00e9xito se debe a la investigaci\u00f3n constante, a la vocaci\u00f3n absoluta por la innovaci\u00f3n tecnol\u00f3gica y a la calidad total, que se garantiza tanto en los productos como en los servicios ofrecidos a los clientes.<\/p>\t\t\t\t\t\t\t\t<\/div>\n\t\t\t\t<\/div>\n\t\t\t\t\t<\/div>\n\t\t<\/div>\n\t\t\t\t\t<\/div>\n\t\t<\/section>\n\t\t\t\t<section class=\"elementor-section elementor-top-section elementor-element elementor-element-fee9421 elementor-section-boxed elementor-section-height-default elementor-section-height-default\" data-id=\"fee9421\" data-element_type=\"section\" data-e-type=\"section\">\n\t\t\t\t\t\t<div class=\"elementor-container elementor-column-gap-default\">\n\t\t\t\t\t<div class=\"elementor-column elementor-col-50 elementor-top-column elementor-element elementor-element-8dd09a7\" data-id=\"8dd09a7\" data-element_type=\"column\" data-e-type=\"column\">\n\t\t\t<div class=\"elementor-widget-wrap elementor-element-populated\">\n\t\t\t\t\t\t<div class=\"elementor-element elementor-element-ad3d2bc elementor-widget elementor-widget-image\" data-id=\"ad3d2bc\" data-element_type=\"widget\" data-e-type=\"widget\" data-widget_type=\"image.default\">\n\t\t\t\t<div class=\"elementor-widget-container\">\n\t\t\t\t\t\t\t\t\t\t\t\t\t\t\t<img decoding=\"async\" src=\"https:\/\/vallizabban.com\/wp-content\/uploads\/elementor\/thumbs\/500x500-logo-gruppo-primi_bca281cdf2d5cc4035dc3d899510aad6-e1647867588122-pm6ws5boj0dnkknumts4osldbo6y5wtj39osa0ta0w.jpg\" title=\"Produttori Italiani Membrane Impermeabilizzati\" alt=\"Produttori Italiani Membrane Impermeabilizzati\" loading=\"lazy\" \/>\t\t\t\t\t\t\t\t\t\t\t\t\t\t\t<\/div>\n\t\t\t\t<\/div>\n\t\t\t\t\t<\/div>\n\t\t<\/div>\n\t\t\t\t<div class=\"elementor-column elementor-col-50 elementor-top-column elementor-element elementor-element-6467442\" data-id=\"6467442\" data-element_type=\"column\" data-e-type=\"column\">\n\t\t\t<div class=\"elementor-widget-wrap elementor-element-populated\">\n\t\t\t\t\t\t<div class=\"elementor-element elementor-element-8fae136 elementor-widget elementor-widget-text-editor\" data-id=\"8fae136\" data-element_type=\"widget\" data-e-type=\"widget\" data-widget_type=\"text-editor.default\">\n\t\t\t\t<div class=\"elementor-widget-container\">\n\t\t\t\t\t\t\t\t\t<p> <\/p><p>El sector de Sistemas de Impermeabilizaci\u00f3n forma parte de <br>Produttori Italiani Membrane Impermeabilizzanti.<\/p>\t\t\t\t\t\t\t\t<\/div>\n\t\t\t\t<\/div>\n\t\t\t\t\t<\/div>\n\t\t<\/div>\n\t\t\t\t\t<\/div>\n\t\t<\/section>\n\t\t\t\t<\/div>\n\t\t","protected":false},"excerpt":{"rendered":"<p>Sistemas de impermeabilizaci\u00f3n Elige entre nuestas membranas bituminosas, productos l\u00edquidos y aislantes. Encontrar\u00e1s la soluci\u00f3n m\u00e1s apta entre nuestros casi 1000 productos. Membranas de bet\u00fan pol\u00edmero Impermeabilizantes l\u00edquidos, pinturas para protecci\u00f3n y accesorios Aislantes ac\u00fasticos Valli Zabban se ha establecido en la cima del sector de la impermeabilizaci\u00f3n bituminosa en la construcci\u00f3n civil e infraestructuras [&hellip;]<\/p>\n","protected":false},"author":1,"featured_media":0,"parent":0,"menu_order":0,"comment_status":"closed","ping_status":"closed","template":"","meta":{"footnotes":""},"class_list":["post-52119","page","type-page","status-publish","hentry"],"_links":{"self":[{"href":"https:\/\/vallizabban.com\/es\/wp-json\/wp\/v2\/pages\/52119","targetHints":{"allow":["GET"]}}],"collection":[{"href":"https:\/\/vallizabban.com\/es\/wp-json\/wp\/v2\/pages"}],"about":[{"href":"https:\/\/vallizabban.com\/es\/wp-json\/wp\/v2\/types\/page"}],"author":[{"embeddable":true,"href":"https:\/\/vallizabban.com\/es\/wp-json\/wp\/v2\/users\/1"}],"replies":[{"embeddable":true,"href":"https:\/\/vallizabban.com\/es\/wp-json\/wp\/v2\/comments?post=52119"}],"version-history":[{"count":3,"href":"https:\/\/vallizabban.com\/es\/wp-json\/wp\/v2\/pages\/52119\/revisions"}],"predecessor-version":[{"id":56857,"href":"https:\/\/vallizabban.com\/es\/wp-json\/wp\/v2\/pages\/52119\/revisions\/56857"}],"wp:attachment":[{"href":"https:\/\/vallizabban.com\/es\/wp-json\/wp\/v2\/media?parent=52119"}],"curies":[{"name":"wp","href":"https:\/\/api.w.org\/{rel}","templated":true}]}}