{"id":52129,"date":"2022-06-27T19:00:17","date_gmt":"2022-06-27T19:00:17","guid":{"rendered":"https:\/\/vallizabban.com\/quienes-somos\/"},"modified":"2022-07-07T16:31:55","modified_gmt":"2022-07-07T16:31:55","slug":"quienes-somos","status":"publish","type":"page","link":"https:\/\/vallizabban.com\/es\/quienes-somos\/","title":{"rendered":"Qui\u00e9nes somos"},"content":{"rendered":"\t\t<div data-elementor-type=\"wp-page\" data-elementor-id=\"52129\" class=\"elementor elementor-52129 elementor-31866\" data-elementor-post-type=\"page\">\n\t\t\t\t\t\t<section class=\"elementor-section elementor-top-section elementor-element elementor-element-e1bb091 elementor-section-full_width elementor-section-height-min-height elementor-section-height-default elementor-section-items-middle\" data-id=\"e1bb091\" data-element_type=\"section\" data-e-type=\"section\" data-settings=\"{&quot;background_background&quot;:&quot;classic&quot;}\">\n\t\t\t\t\t\t<div class=\"elementor-container elementor-column-gap-default\">\n\t\t\t\t\t<div class=\"elementor-column elementor-col-100 elementor-top-column elementor-element elementor-element-906883e\" data-id=\"906883e\" data-element_type=\"column\" data-e-type=\"column\">\n\t\t\t<div class=\"elementor-widget-wrap\">\n\t\t\t\t\t\t\t<\/div>\n\t\t<\/div>\n\t\t\t\t\t<\/div>\n\t\t<\/section>\n\t\t\t\t<section class=\"elementor-section elementor-top-section elementor-element elementor-element-8a5ae09 elementor-section-boxed elementor-section-height-default elementor-section-height-default\" data-id=\"8a5ae09\" data-element_type=\"section\" data-e-type=\"section\">\n\t\t\t\t\t\t<div class=\"elementor-container elementor-column-gap-default\">\n\t\t\t\t\t<div class=\"elementor-column elementor-col-100 elementor-top-column elementor-element elementor-element-c7e8785\" data-id=\"c7e8785\" data-element_type=\"column\" data-e-type=\"column\">\n\t\t\t<div class=\"elementor-widget-wrap elementor-element-populated\">\n\t\t\t\t\t\t<div class=\"elementor-element elementor-element-b581d4f elementor-widget elementor-widget-heading\" data-id=\"b581d4f\" data-element_type=\"widget\" data-e-type=\"widget\" data-widget_type=\"heading.default\">\n\t\t\t\t<div class=\"elementor-widget-container\">\n\t\t\t\t\t<h1 class=\"elementor-heading-title elementor-size-default\"><b>Qui\u00e9nes<\/b> somos:<\/h1>\t\t\t\t<\/div>\n\t\t\t\t<\/div>\n\t\t\t\t<section class=\"elementor-section elementor-inner-section elementor-element elementor-element-e485a0b elementor-section-boxed elementor-section-height-default elementor-section-height-default\" data-id=\"e485a0b\" data-element_type=\"section\" data-e-type=\"section\">\n\t\t\t\t\t\t<div class=\"elementor-container elementor-column-gap-default\">\n\t\t\t\t\t<div class=\"elementor-column elementor-col-50 elementor-inner-column elementor-element elementor-element-0a8ea72\" data-id=\"0a8ea72\" data-element_type=\"column\" data-e-type=\"column\">\n\t\t\t<div class=\"elementor-widget-wrap elementor-element-populated\">\n\t\t\t\t\t\t<div class=\"elementor-element elementor-element-1ae293d elementor-widget elementor-widget-image\" data-id=\"1ae293d\" data-element_type=\"widget\" data-e-type=\"widget\" data-widget_type=\"image.default\">\n\t\t\t\t<div class=\"elementor-widget-container\">\n\t\t\t\t\t\t\t\t\t\t\t\t\t\t\t<img fetchpriority=\"high\" decoding=\"async\" width=\"540\" height=\"580\" src=\"https:\/\/vallizabban.com\/wp-content\/uploads\/2021\/10\/stradee.png\" class=\"attachment-large size-large wp-image-51397\" alt=\"Qui\u00e9nes somos\" \/>\t\t\t\t\t\t\t\t\t\t\t\t\t\t\t<\/div>\n\t\t\t\t<\/div>\n\t\t\t\t\t<\/div>\n\t\t<\/div>\n\t\t\t\t<div class=\"elementor-column elementor-col-50 elementor-inner-column elementor-element elementor-element-1cfe0d9\" data-id=\"1cfe0d9\" data-element_type=\"column\" data-e-type=\"column\">\n\t\t\t<div class=\"elementor-widget-wrap elementor-element-populated\">\n\t\t\t\t\t\t<div class=\"elementor-element elementor-element-109bad9 elementor-widget elementor-widget-heading\" data-id=\"109bad9\" data-element_type=\"widget\" data-e-type=\"widget\" data-widget_type=\"heading.default\">\n\t\t\t\t<div class=\"elementor-widget-container\">\n\t\t\t\t\t<h2 class=\"elementor-heading-title elementor-size-default\">La Empresa<\/h2>\t\t\t\t<\/div>\n\t\t\t\t<\/div>\n\t\t\t\t<div class=\"elementor-element elementor-element-1d6ac17 elementor-widget elementor-widget-text-editor\" data-id=\"1d6ac17\" data-element_type=\"widget\" data-e-type=\"widget\" data-widget_type=\"text-editor.default\">\n\t\t\t\t<div class=\"elementor-widget-container\">\n\t\t\t\t\t\t\t\t\t<p class=\"p1\">La historia de Valli Zabban comenz\u00f3 hace m\u00e1s de noventa a\u00f1os. En 1928 se fund\u00f3 en Bologna la empresa Idrobitume Zabban para producir, transportar y aplicar bet\u00fan.<\/p><p class=\"p1\">Unos a\u00f1os m\u00e1s tarde, en 1945, se fund\u00f3 Impresa Edile Stradale Valli Giulio &amp; C., el mayor centro de producci\u00f3n italiano de transformaci\u00f3n de bet\u00fan para la pavimentaci\u00f3n de carreteras y la impermeabilizaci\u00f3n de edificio<\/p><p class=\"p1\">En 2015 se a\u00f1ade el sector ac\u00fastico, con la fusi\u00f3n por incorporaci\u00f3n de la empresa Aetolia VZ SRL. En la actualidad, Valli Zabban es una empresa moderna, l\u00edder en Italia y en todo el mundo en la transformaci\u00f3n del bet\u00fan a trav\u00e9s de sus tres sectores: Tecnolog\u00edas Viales, <strong>Sistemas de Impermeabilizaci\u00f3n<\/strong> y <strong>Tecnolog\u00edas del Caucho<\/strong>.<\/p><p class=\"p1\">La investigaci\u00f3n tecnol\u00f3gica, la innovaci\u00f3n de productos, la atenci\u00f3n a la sostenibilidad medioambiental y la expansi\u00f3n de los mercados exteriores son los cuatro puntos cardinales de su liderazgo.<\/p>\t\t\t\t\t\t\t\t<\/div>\n\t\t\t\t<\/div>\n\t\t\t\t\t<\/div>\n\t\t<\/div>\n\t\t\t\t\t<\/div>\n\t\t<\/section>\n\t\t\t\t<section class=\"elementor-section elementor-inner-section elementor-element elementor-element-b857bf0 elementor-section-boxed elementor-section-height-default elementor-section-height-default\" data-id=\"b857bf0\" data-element_type=\"section\" data-e-type=\"section\">\n\t\t\t\t\t\t<div class=\"elementor-container elementor-column-gap-default\">\n\t\t\t\t\t<div class=\"elementor-column elementor-col-50 elementor-inner-column elementor-element elementor-element-3fa3829\" data-id=\"3fa3829\" data-element_type=\"column\" data-e-type=\"column\">\n\t\t\t<div class=\"elementor-widget-wrap elementor-element-populated\">\n\t\t\t\t\t\t<div class=\"elementor-element elementor-element-ff0db17 elementor-widget elementor-widget-image\" data-id=\"ff0db17\" data-element_type=\"widget\" data-e-type=\"widget\" data-widget_type=\"image.default\">\n\t\t\t\t<div class=\"elementor-widget-container\">\n\t\t\t\t\t\t\t\t\t\t\t\t\t\t\t<img decoding=\"async\" width=\"490\" height=\"334\" src=\"https:\/\/vallizabban.com\/wp-content\/uploads\/2021\/10\/services-4.jpeg\" class=\"attachment-large size-large wp-image-51398\" alt=\"\" \/>\t\t\t\t\t\t\t\t\t\t\t\t\t\t\t<\/div>\n\t\t\t\t<\/div>\n\t\t\t\t\t<\/div>\n\t\t<\/div>\n\t\t\t\t<div class=\"elementor-column elementor-col-50 elementor-inner-column elementor-element elementor-element-7308dd1\" data-id=\"7308dd1\" data-element_type=\"column\" data-e-type=\"column\">\n\t\t\t<div class=\"elementor-widget-wrap elementor-element-populated\">\n\t\t\t\t\t\t<div class=\"elementor-element elementor-element-84fb56d elementor-widget elementor-widget-heading\" data-id=\"84fb56d\" data-element_type=\"widget\" data-e-type=\"widget\" data-widget_type=\"heading.default\">\n\t\t\t\t<div class=\"elementor-widget-container\">\n\t\t\t\t\t<h2 class=\"elementor-heading-title elementor-size-default\">La misi\u00f3n<\/h2>\t\t\t\t<\/div>\n\t\t\t\t<\/div>\n\t\t\t\t<div class=\"elementor-element elementor-element-a561e9e elementor-widget elementor-widget-text-editor\" data-id=\"a561e9e\" data-element_type=\"widget\" data-e-type=\"widget\" data-widget_type=\"text-editor.default\">\n\t\t\t\t<div class=\"elementor-widget-container\">\n\t\t\t\t\t\t\t\t\t<p class=\"p1\">Seg\u00fan Valli Zabban, el desarrollo debe ser sostenible para el hombre y el medio ambiente. La empresa es consciente del gran compromiso que supone esta filosof\u00eda.<\/p><p class=\"p1\">Los objetivos son muchos &#8211; <strong>reducir las emisiones contaminantes, reducir el consumo de energ\u00eda y producir mediante el reciclaje y la reutilizaci\u00f3n, reduciendo los residuos y aplicando los principios de la econom\u00eda circular<\/strong>\u2014 y para alcanzar todos se requiere un alto nivel de know-how y un programa de inversiones considerables y constantes en el tiempo.<\/p><p class=\"p1\">Valli Zabban se est\u00e1 convirtiendo en sin\u00f3nimo de responsabilidad y sostenibilidad medioambiental, el m\u00e9rito es tambi\u00e9n y sobre todo del nivel profesional absoluto de sus recursos humanos, que representan el verdadero patrimonio de la empresa.<\/p>\t\t\t\t\t\t\t\t<\/div>\n\t\t\t\t<\/div>\n\t\t\t\t\t<\/div>\n\t\t<\/div>\n\t\t\t\t\t<\/div>\n\t\t<\/section>\n\t\t\t\t<section class=\"elementor-section elementor-inner-section elementor-element elementor-element-2ef7a92 elementor-section-boxed elementor-section-height-default elementor-section-height-default\" data-id=\"2ef7a92\" data-element_type=\"section\" data-e-type=\"section\">\n\t\t\t\t\t\t<div class=\"elementor-container elementor-column-gap-default\">\n\t\t\t\t\t<div class=\"elementor-column elementor-col-50 elementor-inner-column elementor-element elementor-element-d4d0bf0\" data-id=\"d4d0bf0\" data-element_type=\"column\" data-e-type=\"column\">\n\t\t\t<div class=\"elementor-widget-wrap elementor-element-populated\">\n\t\t\t\t\t\t<div class=\"elementor-element elementor-element-0f2753e elementor-widget elementor-widget-image\" data-id=\"0f2753e\" data-element_type=\"widget\" data-e-type=\"widget\" data-widget_type=\"image.default\">\n\t\t\t\t<div class=\"elementor-widget-container\">\n\t\t\t\t\t\t\t\t\t\t\t\t\t\t\t<img decoding=\"async\" width=\"700\" height=\"575\" src=\"https:\/\/vallizabban.com\/wp-content\/uploads\/2021\/10\/GettyImages-1185806208.png\" class=\"attachment-large size-large wp-image-51399\" alt=\"\" srcset=\"https:\/\/vallizabban.com\/wp-content\/uploads\/2021\/10\/GettyImages-1185806208.png 700w, https:\/\/vallizabban.com\/wp-content\/uploads\/2021\/10\/GettyImages-1185806208-600x493.png 600w\" sizes=\"(max-width: 700px) 100vw, 700px\" \/>\t\t\t\t\t\t\t\t\t\t\t\t\t\t\t<\/div>\n\t\t\t\t<\/div>\n\t\t\t\t\t<\/div>\n\t\t<\/div>\n\t\t\t\t<div class=\"elementor-column elementor-col-50 elementor-inner-column elementor-element elementor-element-41d8253\" data-id=\"41d8253\" data-element_type=\"column\" data-e-type=\"column\">\n\t\t\t<div class=\"elementor-widget-wrap elementor-element-populated\">\n\t\t\t\t\t\t<div class=\"elementor-element elementor-element-25b1b85 elementor-widget elementor-widget-heading\" data-id=\"25b1b85\" data-element_type=\"widget\" data-e-type=\"widget\" data-widget_type=\"heading.default\">\n\t\t\t\t<div class=\"elementor-widget-container\">\n\t\t\t\t\t<h2 class=\"elementor-heading-title elementor-size-default\">EL GRUPO<\/h2>\t\t\t\t<\/div>\n\t\t\t\t<\/div>\n\t\t\t\t<div class=\"elementor-element elementor-element-35b275b elementor-widget elementor-widget-text-editor\" data-id=\"35b275b\" data-element_type=\"widget\" data-e-type=\"widget\" data-widget_type=\"text-editor.default\">\n\t\t\t\t<div class=\"elementor-widget-container\">\n\t\t\t\t\t\t\t\t\t<p class=\"p1\">En los a\u00f1os ochenta, cuando el mercado estaba experimentando profundos cambios, Valli Zabban vio claramente la posibilidad y la necesidad de crecer.<\/p><p class=\"p2\">Era el momento de establecer nuevas alianzas y sinergias industriales. En 1982 la empresa pas\u00f3 a formar parte del Grupo Pontello, al que se uni\u00f3 en 1984 Calcestruzzi S.p.A. (Grupo Ferruzzi), en 1995 una participaci\u00f3n minoritaria cualificada fue adquirida por Api (Anonima Petroli Italiana) y en 1998 la participaci\u00f3n mayoritaria pas\u00f3 a Deutsche Morgan Grenfell Capital Italy &amp; Manager.<\/p><p class=\"p2\">En 2004 se abre un nuevo camino: General Beton Triveneta, empresa del Grupo Tonon, adquiere el 100% del capital de Valli Zabban.<\/p><p class=\"p2\">El Grupo Tonon, encabezado por la empresa Tonon, opera en el sector de la construcci\u00f3n general desde 1955.<\/p><p class=\"p2\"><span class=\"s1\">A lo largo de los a\u00f1os ha desarrollado sus actividades como empresa y como productora de soluciones para la construcci\u00f3n: hormig\u00f3n, hormig\u00f3n asf\u00e1ltico, impermeabilizaciones bituminosas y aislantes ac\u00fasticos, inertes, m\u00e1rmol y granito, instalaciones el\u00e9ctricas y mec\u00e1nicas,<\/span><span class=\"s2\"> productos qu\u00edmicos para hormig\u00f3n<\/span>,revoques, aislamientos t\u00e9rmicos en capas, adhesivos y servicios de colocaci\u00f3n, vertido de materiales de construcci\u00f3n que contienen amianto y muchos otros residuos especiales.<\/p><p class=\"p2\"><span class=\"s3\">El Grupo Tonon ha operado y sigue operando en el sector de la construcci\u00f3n en Italia, China, Cuba, L\u00edbano, Polonia, Ruman\u00eda, Rusia, T\u00fanez y Ucrania.<\/span><\/p>\t\t\t\t\t\t\t\t<\/div>\n\t\t\t\t<\/div>\n\t\t\t\t\t<\/div>\n\t\t<\/div>\n\t\t\t\t\t<\/div>\n\t\t<\/section>\n\t\t\t\t\t<\/div>\n\t\t<\/div>\n\t\t\t\t\t<\/div>\n\t\t<\/section>\n\t\t\t\t<section class=\"elementor-section elementor-top-section elementor-element elementor-element-d7ab510 elementor-section-boxed elementor-section-height-default elementor-section-height-default\" data-id=\"d7ab510\" data-element_type=\"section\" data-e-type=\"section\" data-settings=\"{&quot;background_background&quot;:&quot;classic&quot;}\">\n\t\t\t\t\t\t<div class=\"elementor-container elementor-column-gap-default\">\n\t\t\t\t\t<div class=\"elementor-column elementor-col-100 elementor-top-column elementor-element elementor-element-f5da936\" data-id=\"f5da936\" data-element_type=\"column\" data-e-type=\"column\">\n\t\t\t<div class=\"elementor-widget-wrap elementor-element-populated\">\n\t\t\t\t\t\t<div class=\"elementor-element elementor-element-344764a elementor-widget elementor-widget-heading\" data-id=\"344764a\" data-element_type=\"widget\" data-e-type=\"widget\" data-widget_type=\"heading.default\">\n\t\t\t\t<div class=\"elementor-widget-container\">\n\t\t\t\t\t<h3 class=\"elementor-heading-title elementor-size-default\">NUESTROS <b>SECTORES<\/b><\/h3>\t\t\t\t<\/div>\n\t\t\t\t<\/div>\n\t\t\t\t\t<\/div>\n\t\t<\/div>\n\t\t\t\t\t<\/div>\n\t\t<\/section>\n\t\t\t\t<section class=\"elementor-section elementor-top-section elementor-element elementor-element-ad5cba3 elementor-section-boxed elementor-section-height-default elementor-section-height-default\" data-id=\"ad5cba3\" data-element_type=\"section\" data-e-type=\"section\">\n\t\t\t\t\t\t<div class=\"elementor-container elementor-column-gap-default\">\n\t\t\t\t\t<div class=\"elementor-column elementor-col-33 elementor-top-column elementor-element elementor-element-ffe82e1\" data-id=\"ffe82e1\" data-element_type=\"column\" data-e-type=\"column\">\n\t\t\t<div class=\"elementor-widget-wrap elementor-element-populated\">\n\t\t\t\t\t\t<div class=\"elementor-element elementor-element-95ad019 elementor-widget elementor-widget-image\" data-id=\"95ad019\" data-element_type=\"widget\" data-e-type=\"widget\" data-widget_type=\"image.default\">\n\t\t\t\t<div class=\"elementor-widget-container\">\n\t\t\t\t\t\t\t\t\t\t\t\t\t\t\t<img loading=\"lazy\" decoding=\"async\" width=\"1000\" height=\"400\" src=\"https:\/\/vallizabban.com\/wp-content\/uploads\/2021\/10\/V_2.png\" class=\"attachment-full size-full wp-image-51402\" alt=\"\" srcset=\"https:\/\/vallizabban.com\/wp-content\/uploads\/2021\/10\/V_2.png 1000w, https:\/\/vallizabban.com\/wp-content\/uploads\/2021\/10\/V_2-600x240.png 600w\" sizes=\"(max-width: 1000px) 100vw, 1000px\" \/>\t\t\t\t\t\t\t\t\t\t\t\t\t\t\t<\/div>\n\t\t\t\t<\/div>\n\t\t\t\t<div class=\"elementor-element elementor-element-d5f6db1 elementor-widget elementor-widget-text-editor\" data-id=\"d5f6db1\" data-element_type=\"widget\" data-e-type=\"widget\" data-widget_type=\"text-editor.default\">\n\t\t\t\t<div class=\"elementor-widget-container\">\n\t\t\t\t\t\t\t\t\t<div class=\"kc-elm kc-css-56151 kc_col-sm-4 kc_column_inner kc_col-sm-4\"><div class=\"kc_wrapper kc-col-inner-container\"><div class=\"kc-elm kc-css-556373 kc_text_block\"><p>El sector de <strong>Tecnolog\u00edas Viales<\/strong> se dedica a la transformaci\u00f3n del bet\u00fan para la construcci\u00f3n y el mantenimiento ordinario y extraordinario de carreteras seguras y medioambientalmente sostenibles<\/p><p> <\/p><\/div><\/div><\/div><div class=\"kc-elm kc-css-856974 kc_col-sm-4 kc_column_inner kc_col-sm-4\"><div class=\"kc_wrapper kc-col-inner-container\"><div class=\"kc-elm kc-css-672751 kc_shortcode kc_single_image\"> <\/div><\/div><\/div>\t\t\t\t\t\t\t\t<\/div>\n\t\t\t\t<\/div>\n\t\t\t\t\t<\/div>\n\t\t<\/div>\n\t\t\t\t<div class=\"elementor-column elementor-col-33 elementor-top-column elementor-element elementor-element-6af541c\" data-id=\"6af541c\" data-element_type=\"column\" data-e-type=\"column\">\n\t\t\t<div class=\"elementor-widget-wrap elementor-element-populated\">\n\t\t\t\t\t\t<div class=\"elementor-element elementor-element-ced1de8 elementor-widget elementor-widget-image\" data-id=\"ced1de8\" data-element_type=\"widget\" data-e-type=\"widget\" data-widget_type=\"image.default\">\n\t\t\t\t<div class=\"elementor-widget-container\">\n\t\t\t\t\t\t\t\t\t\t\t\t\t\t\t<img loading=\"lazy\" decoding=\"async\" width=\"1000\" height=\"400\" src=\"https:\/\/vallizabban.com\/wp-content\/uploads\/2021\/10\/V_1.png\" class=\"attachment-full size-full wp-image-51401\" alt=\"\" srcset=\"https:\/\/vallizabban.com\/wp-content\/uploads\/2021\/10\/V_1.png 1000w, https:\/\/vallizabban.com\/wp-content\/uploads\/2021\/10\/V_1-600x240.png 600w\" sizes=\"(max-width: 1000px) 100vw, 1000px\" \/>\t\t\t\t\t\t\t\t\t\t\t\t\t\t\t<\/div>\n\t\t\t\t<\/div>\n\t\t\t\t<div class=\"elementor-element elementor-element-5f65941 elementor-widget elementor-widget-text-editor\" data-id=\"5f65941\" data-element_type=\"widget\" data-e-type=\"widget\" data-widget_type=\"text-editor.default\">\n\t\t\t\t<div class=\"elementor-widget-container\">\n\t\t\t\t\t\t\t\t\t<p>El sector de <strong>Sistemas de Impermeabilizaci\u00f3n<\/strong>, donde la empresa capitaliz\u00f3 en 1982 su cultura tecnol\u00f3gica en el conocimiento del bet\u00fan invirtiendo en un sector \u2014el de la impermeabilizaci\u00f3n en la construcci\u00f3n\u2014 donde pocos han alcanzado una posici\u00f3n de liderazgo.<\/p>\t\t\t\t\t\t\t\t<\/div>\n\t\t\t\t<\/div>\n\t\t\t\t\t<\/div>\n\t\t<\/div>\n\t\t\t\t<div class=\"elementor-column elementor-col-33 elementor-top-column elementor-element elementor-element-621dea0\" data-id=\"621dea0\" data-element_type=\"column\" data-e-type=\"column\">\n\t\t\t<div class=\"elementor-widget-wrap elementor-element-populated\">\n\t\t\t\t\t\t<div class=\"elementor-element elementor-element-92c4646 elementor-widget elementor-widget-image\" data-id=\"92c4646\" data-element_type=\"widget\" data-e-type=\"widget\" data-widget_type=\"image.default\">\n\t\t\t\t<div class=\"elementor-widget-container\">\n\t\t\t\t\t\t\t\t\t\t\t\t\t\t\t<img loading=\"lazy\" decoding=\"async\" width=\"1000\" height=\"400\" src=\"https:\/\/vallizabban.com\/wp-content\/uploads\/2021\/10\/V_3.png\" class=\"attachment-full size-full wp-image-51400\" alt=\"\" srcset=\"https:\/\/vallizabban.com\/wp-content\/uploads\/2021\/10\/V_3.png 1000w, https:\/\/vallizabban.com\/wp-content\/uploads\/2021\/10\/V_3-600x240.png 600w\" sizes=\"(max-width: 1000px) 100vw, 1000px\" \/>\t\t\t\t\t\t\t\t\t\t\t\t\t\t\t<\/div>\n\t\t\t\t<\/div>\n\t\t\t\t<div class=\"elementor-element elementor-element-1b362f1 elementor-widget elementor-widget-text-editor\" data-id=\"1b362f1\" data-element_type=\"widget\" data-e-type=\"widget\" data-widget_type=\"text-editor.default\">\n\t\t\t\t<div class=\"elementor-widget-container\">\n\t\t\t\t\t\t\t\t\t<p>El sector de <strong>Tecnolog\u00edas del Caucho<\/strong> naci\u00f3 en 2015 cuando Aetolia VZ, empresa l\u00edder en el reciclaje de caucho procedente de neum\u00e1ticos fuera de uso (NFU), especializada en el sector del aislamiento ac\u00fastico, pas\u00f3 a formar parte de Valli Zabban.<\/p>\t\t\t\t\t\t\t\t<\/div>\n\t\t\t\t<\/div>\n\t\t\t\t\t<\/div>\n\t\t<\/div>\n\t\t\t\t\t<\/div>\n\t\t<\/section>\n\t\t\t\t<\/div>\n\t\t","protected":false},"excerpt":{"rendered":"<p>Qui\u00e9nes somos: La Empresa La historia de Valli Zabban comenz\u00f3 hace m\u00e1s de noventa a\u00f1os. En 1928 se fund\u00f3 en Bologna la empresa Idrobitume Zabban para producir, transportar y aplicar bet\u00fan. Unos a\u00f1os m\u00e1s tarde, en 1945, se fund\u00f3 Impresa Edile Stradale Valli Giulio &amp; C., el mayor centro de producci\u00f3n italiano de transformaci\u00f3n de [&hellip;]<\/p>\n","protected":false},"author":1,"featured_media":0,"parent":0,"menu_order":0,"comment_status":"closed","ping_status":"closed","template":"","meta":{"footnotes":""},"class_list":["post-52129","page","type-page","status-publish","hentry"],"_links":{"self":[{"href":"https:\/\/vallizabban.com\/es\/wp-json\/wp\/v2\/pages\/52129","targetHints":{"allow":["GET"]}}],"collection":[{"href":"https:\/\/vallizabban.com\/es\/wp-json\/wp\/v2\/pages"}],"about":[{"href":"https:\/\/vallizabban.com\/es\/wp-json\/wp\/v2\/types\/page"}],"author":[{"embeddable":true,"href":"https:\/\/vallizabban.com\/es\/wp-json\/wp\/v2\/users\/1"}],"replies":[{"embeddable":true,"href":"https:\/\/vallizabban.com\/es\/wp-json\/wp\/v2\/comments?post=52129"}],"version-history":[{"count":6,"href":"https:\/\/vallizabban.com\/es\/wp-json\/wp\/v2\/pages\/52129\/revisions"}],"predecessor-version":[{"id":57208,"href":"https:\/\/vallizabban.com\/es\/wp-json\/wp\/v2\/pages\/52129\/revisions\/57208"}],"wp:attachment":[{"href":"https:\/\/vallizabban.com\/es\/wp-json\/wp\/v2\/media?parent=52129"}],"curies":[{"name":"wp","href":"https:\/\/api.w.org\/{rel}","templated":true}]}}