{"id":81022,"date":"2025-03-03T07:45:43","date_gmt":"2025-03-03T08:02:36","guid":{"rendered":"https:\/\/vallizabban.com\/p\/adesiflex-pl\/"},"modified":"2025-03-03T08:02:41","modified_gmt":"2025-03-03T08:02:41","slug":"adesiflex-pl","status":"publish","type":"product","link":"https:\/\/vallizabban.com\/es\/p\/adesiflex-pl\/","title":{"rendered":"Adesiflex PL"},"content":{"rendered":"<h4>COMPUESTO<\/h4>\n<p>Membrana adhesiva de bet\u00fan multicompuesta de alto rendimiento, con armadura de poli\u00e9ster reforzado-estabilizado. La parte superior de la membrana est\u00e1 formada por un compuesto de bet\u00fan modificado con pol\u00edmeros elastoplastom\u00e9ricos, y la parte inferior por un compuesto adhesivo elastom\u00e9rico SBS.  <\/p>\n<h4>ARMADURA<\/h4>\n<p>Poli\u00e9ster reforzado y estabilizado<\/p>\n<h4>ACABADO EXTERIOR<\/h4>\n<p>Film termo fusible o Tela de polipropileno<\/p>\n<h4>INSTALACI\u00d3N<\/h4>\n<p>Adhesiva<BR><BR><\/p>\n<h4>USAR<\/h4>\n<p>Coberturas expuestas no accesibles, coberturas t\u00e9cnicas expuestas o bajo protecci\u00f3n. Coberturas inclinadas.<\/p>\n","protected":false},"excerpt":{"rendered":"<p>Membrana adhesiva de bet\u00fan multicompuesta de alto rendimiento, con armadura de poli\u00e9ster reforzado-estabilizado. La parte superior de la membrana est\u00e1 formada por un compuesto de bet\u00fan modificado con pol\u00edmeros elastoplastom\u00e9ricos, y la parte inferior por un compuesto adhesivo elastom\u00e9rico SBS.<\/p>\n","protected":false},"featured_media":51958,"template":"","meta":[],"product_brand":[],"product_cat":[10663],"product_tag":[10533,10532],"class_list":{"0":"post-81022","1":"product","2":"type-product","3":"status-publish","4":"has-post-thumbnail","6":"product_cat-multicompuesto","7":"product_tag-cimientos","8":"product_tag-coberturas","9":"pa_flessibilita-a-freddo-15-25-es","10":"pa_modalita-di-posa-autoadhesiva","11":"pa_superficie-superiore-tela-polimerica","13":"first","14":"instock","15":"purchasable","16":"product-type-variable"},"_links":{"self":[{"href":"https:\/\/vallizabban.com\/es\/wp-json\/wp\/v2\/product\/81022","targetHints":{"allow":["GET"]}}],"collection":[{"href":"https:\/\/vallizabban.com\/es\/wp-json\/wp\/v2\/product"}],"about":[{"href":"https:\/\/vallizabban.com\/es\/wp-json\/wp\/v2\/types\/product"}],"wp:featuredmedia":[{"embeddable":true,"href":"https:\/\/vallizabban.com\/es\/wp-json\/wp\/v2\/media\/51958"}],"wp:attachment":[{"href":"https:\/\/vallizabban.com\/es\/wp-json\/wp\/v2\/media?parent=81022"}],"wp:term":[{"taxonomy":"product_brand","embeddable":true,"href":"https:\/\/vallizabban.com\/es\/wp-json\/wp\/v2\/product_brand?post=81022"},{"taxonomy":"product_cat","embeddable":true,"href":"https:\/\/vallizabban.com\/es\/wp-json\/wp\/v2\/product_cat?post=81022"},{"taxonomy":"product_tag","embeddable":true,"href":"https:\/\/vallizabban.com\/es\/wp-json\/wp\/v2\/product_tag?post=81022"}],"curies":[{"name":"wp","href":"https:\/\/api.w.org\/{rel}","templated":true}]}}