{"id":81032,"date":"2025-03-03T07:45:57","date_gmt":"2025-03-03T08:02:44","guid":{"rendered":"https:\/\/vallizabban.com\/p\/adetile-strip\/"},"modified":"2025-03-03T08:02:46","modified_gmt":"2025-03-03T08:02:46","slug":"adetile-strip","status":"publish","type":"product","link":"https:\/\/vallizabban.com\/es\/p\/adetile-strip\/","title":{"rendered":"Adetile Strip"},"content":{"rendered":"<h4>COMPUESTO<\/h4>\n<p>Membrana adhesiva de bet\u00fan multicompuesta APP\/SBS de alto rendimiento, con armadura de poli\u00e9ster reforzado-estabilizado. La parte superior de la membrana est\u00e1 formada por un compuesto de bet\u00fan modificado con pol\u00edmeros elastoplastom\u00e9ricos, y la parte inferior por un compuesto adhesivo elastom\u00e9rico SBS. Esta membrana es adecuada para recibir directamente azulejos encolados. <\/p>\n<h4>ARMADURA<\/h4>\n<p>Poli\u00e9ster reforzado y estabilizado<\/p>\n<h4>ACABADO EXTERIOR<\/h4>\n<p>Micro-Gr\u00e1nulos mineral sobre toda la superficie sin banda de solape lateral.<\/p>\n<h4>INSTALACI\u00d3N<\/h4>\n<p>Instalaci\u00f3n adhesiva sin solapes laterales y de cabeza. Las juntas se fijan con impermeabilizante l\u00edquido ValPur Fast o Idroval El\u00e1stic.<BR><BR><\/p>\n<h4>USAR<\/h4>\n<p>Terrazas y balcones con piso de gres cer\u00e1mico encolados encima con mortero adhesivo de capa fina.<\/p>\n","protected":false},"excerpt":{"rendered":"<p>Membrana adhesiva de bet\u00fan multicompuesta APP\/SBS de alto rendimiento, con armadura de poli\u00e9ster reforzado-estabilizado. La parte superior de la membrana est\u00e1 formada por un compuesto de bet\u00fan modificado con pol\u00edmeros elastoplastom\u00e9ricos, y la parte inferior por un compuesto adhesivo elastom\u00e9rico SBS. Esta membrana es adecuada para recibir directamente azulejos encolados.<\/p>\n","protected":false},"featured_media":0,"template":"","meta":[],"product_brand":[],"product_cat":[],"product_tag":[10532],"class_list":{"0":"post-81032","1":"product","2":"type-product","3":"status-publish","5":"product_tag-coberturas","6":"pa_flessibilita-a-freddo-15-es","7":"pa_modalita-di-posa-autoadhesiva","8":"pa_superficie-superiore-pizarra-mineral","10":"first","11":"instock","12":"product-type-variable"},"_links":{"self":[{"href":"https:\/\/vallizabban.com\/es\/wp-json\/wp\/v2\/product\/81032","targetHints":{"allow":["GET"]}}],"collection":[{"href":"https:\/\/vallizabban.com\/es\/wp-json\/wp\/v2\/product"}],"about":[{"href":"https:\/\/vallizabban.com\/es\/wp-json\/wp\/v2\/types\/product"}],"wp:attachment":[{"href":"https:\/\/vallizabban.com\/es\/wp-json\/wp\/v2\/media?parent=81032"}],"wp:term":[{"taxonomy":"product_brand","embeddable":true,"href":"https:\/\/vallizabban.com\/es\/wp-json\/wp\/v2\/product_brand?post=81032"},{"taxonomy":"product_cat","embeddable":true,"href":"https:\/\/vallizabban.com\/es\/wp-json\/wp\/v2\/product_cat?post=81032"},{"taxonomy":"product_tag","embeddable":true,"href":"https:\/\/vallizabban.com\/es\/wp-json\/wp\/v2\/product_tag?post=81032"}],"curies":[{"name":"wp","href":"https:\/\/api.w.org\/{rel}","templated":true}]}}