{"id":81119,"date":"2025-03-03T07:47:04","date_gmt":"2025-03-03T08:04:07","guid":{"rendered":"https:\/\/vallizabban.com\/p\/elastopro-pl\/"},"modified":"2025-03-03T08:04:08","modified_gmt":"2025-03-03T08:04:08","slug":"elastopro-pl","status":"publish","type":"product","link":"https:\/\/vallizabban.com\/es\/p\/elastopro-pl\/","title":{"rendered":"Elastopro PL"},"content":{"rendered":"<h4>COMPUESTO<\/h4>\n<p>Membrana fabricada con bet\u00fan destilado modificado con copol\u00edmeros elastom\u00e9ricos y poliolefinas metaloc\u00e9nicas, armadura de poli\u00e9ster reforzado-estabilizado, para trabajos nuevos y restructuraciones. <\/p>\n<h4>ARMADURA<\/h4>\n<p>Poli\u00e9ster reforzado y estabilizado<\/p>\n<h4>ACABADO EXTERIOR<\/h4>\n<p>Film termo fusible<\/p>\n<h4>INSTALACI\u00d3N<\/h4>\n<p>Soldada en total adherencia<BR><BR><\/p>\n<h4>USAR<\/h4>\n<p>Coberturas expuestas no accesibles, coberturas t\u00e9cnicas expuestas o bajo protecci\u00f3n. Trabajos de Cimentaciones.<\/p>\n","protected":false},"excerpt":{"rendered":"<p>Membrana fabricada con bet\u00fan destilado modificado con copol\u00edmeros elastom\u00e9ricos y poliolefinas metaloc\u00e9nicas, armadura de poli\u00e9ster reforzado-estabilizado, para trabajos nuevos y restructuraciones.<\/p>\n","protected":false},"featured_media":51980,"template":"","meta":[],"product_brand":[],"product_cat":[10657],"product_tag":[10533,10532],"class_list":{"0":"post-81119","1":"product","2":"type-product","3":"status-publish","4":"has-post-thumbnail","6":"product_cat-elastomerico-sbs-es","7":"product_tag-cimientos","8":"product_tag-coberturas","9":"pa_flessibilita-a-freddo-20-es","10":"pa_modalita-di-posa-con-llama-es","11":"pa_superficie-superiore-tela-polimerica","13":"first","14":"instock","15":"purchasable","16":"product-type-variable"},"_links":{"self":[{"href":"https:\/\/vallizabban.com\/es\/wp-json\/wp\/v2\/product\/81119","targetHints":{"allow":["GET"]}}],"collection":[{"href":"https:\/\/vallizabban.com\/es\/wp-json\/wp\/v2\/product"}],"about":[{"href":"https:\/\/vallizabban.com\/es\/wp-json\/wp\/v2\/types\/product"}],"wp:featuredmedia":[{"embeddable":true,"href":"https:\/\/vallizabban.com\/es\/wp-json\/wp\/v2\/media\/51980"}],"wp:attachment":[{"href":"https:\/\/vallizabban.com\/es\/wp-json\/wp\/v2\/media?parent=81119"}],"wp:term":[{"taxonomy":"product_brand","embeddable":true,"href":"https:\/\/vallizabban.com\/es\/wp-json\/wp\/v2\/product_brand?post=81119"},{"taxonomy":"product_cat","embeddable":true,"href":"https:\/\/vallizabban.com\/es\/wp-json\/wp\/v2\/product_cat?post=81119"},{"taxonomy":"product_tag","embeddable":true,"href":"https:\/\/vallizabban.com\/es\/wp-json\/wp\/v2\/product_tag?post=81119"}],"curies":[{"name":"wp","href":"https:\/\/api.w.org\/{rel}","templated":true}]}}