{"id":81126,"date":"2025-03-03T07:47:04","date_gmt":"2025-03-03T08:04:07","guid":{"rendered":"https:\/\/vallizabban.com\/p\/elastoval-pl-super-33\/"},"modified":"2025-03-03T08:04:15","modified_gmt":"2025-03-03T08:04:15","slug":"elastoval-pl-super-33","status":"publish","type":"product","link":"https:\/\/vallizabban.com\/es\/p\/elastoval-pl-super-33\/","title":{"rendered":"Elastoval PL Super 33"},"content":{"rendered":"<h4>COMPUESTO<\/h4>\n<p>Membrana de alto rendimiento fabricada con bet\u00fan destilado modificado con elastomero SBS y armadura de poli\u00e9ster reforzado-estabilizado. Este producto est\u00e1 conforme  para coberturas planas, para puentes, viaductos y aparcamientos y para trabajos de cimentaci\u00f3n.   &#8211; <\/p>\n<h4>ARMADURA<\/h4>\n<p>Poli\u00e9ster reforzado y estabilizado<\/p>\n<h4>ACABADO EXTERIOR<\/h4>\n<p>Film termo fusible<\/p>\n<h4>INSTALACI\u00d3N<\/h4>\n<p>Soldada en total adherencia<BR><BR><\/p>\n<h4>USAR<\/h4>\n<p>Coberturas t\u00e9cnicas. Coberturas de rodamiento. Aparcamientos, puentes y viaductos con estrato de hormig\u00f3n asf\u00e1ltico aplicado directamente sobre la membrana. Cimentaciones.<\/p>\n","protected":false},"excerpt":{"rendered":"<p>Membrana de alto rendimiento fabricada con bet\u00fan destilado modificado con elastomero SBS y armadura de poli\u00e9ster reforzado-estabilizado. Este producto est\u00e1 conforme  para coberturas planas, para puentes, viaductos y aparcamientos y para trabajos de cimentaci\u00f3n.   &#8211;<\/p>\n","protected":false},"featured_media":51985,"template":"","meta":[],"product_brand":[],"product_cat":[10657],"product_tag":[10533,10532,10534],"class_list":{"0":"post-81126","1":"product","2":"type-product","3":"status-publish","4":"has-post-thumbnail","6":"product_cat-elastomerico-sbs-es","7":"product_tag-cimientos","8":"product_tag-coberturas","9":"product_tag-puentes-y-viaductos","10":"pa_flessibilita-a-freddo-25-es","11":"pa_modalita-di-posa-con-llama-es","12":"pa_superficie-superiore-suave","14":"first","15":"instock","16":"purchasable","17":"product-type-variable"},"_links":{"self":[{"href":"https:\/\/vallizabban.com\/es\/wp-json\/wp\/v2\/product\/81126","targetHints":{"allow":["GET"]}}],"collection":[{"href":"https:\/\/vallizabban.com\/es\/wp-json\/wp\/v2\/product"}],"about":[{"href":"https:\/\/vallizabban.com\/es\/wp-json\/wp\/v2\/types\/product"}],"wp:featuredmedia":[{"embeddable":true,"href":"https:\/\/vallizabban.com\/es\/wp-json\/wp\/v2\/media\/51985"}],"wp:attachment":[{"href":"https:\/\/vallizabban.com\/es\/wp-json\/wp\/v2\/media?parent=81126"}],"wp:term":[{"taxonomy":"product_brand","embeddable":true,"href":"https:\/\/vallizabban.com\/es\/wp-json\/wp\/v2\/product_brand?post=81126"},{"taxonomy":"product_cat","embeddable":true,"href":"https:\/\/vallizabban.com\/es\/wp-json\/wp\/v2\/product_cat?post=81126"},{"taxonomy":"product_tag","embeddable":true,"href":"https:\/\/vallizabban.com\/es\/wp-json\/wp\/v2\/product_tag?post=81126"}],"curies":[{"name":"wp","href":"https:\/\/api.w.org\/{rel}","templated":true}]}}