{"id":81133,"date":"2025-03-03T07:47:18","date_gmt":"2025-03-03T08:04:14","guid":{"rendered":"https:\/\/vallizabban.com\/p\/erecta-4pl\/"},"modified":"2025-03-03T08:04:17","modified_gmt":"2025-03-03T08:04:17","slug":"erecta-4pl","status":"publish","type":"product","link":"https:\/\/vallizabban.com\/es\/p\/erecta-4pl\/","title":{"rendered":"Erecta 4PL"},"content":{"rendered":"<h4>COMPUESTO<\/h4>\n<p>Membrana de alto rendimiento fabricada con bet\u00fan destilado modificado con polimeros elastoplastom\u00e9ricos y armadura de poli\u00e9ster reforzado-estabilizado, para trabajos de cimentaci\u00f3n.  <\/p>\n<h4>ARMADURA<\/h4>\n<p>Poli\u00e9ster reforzado y estabilizado<\/p>\n<h4>ACABADO EXTERIOR<\/h4>\n<p>Tela de polipropileno<\/p>\n<h4>INSTALACI\u00d3N<\/h4>\n<p>Soldada en total adherencia<BR><BR><\/p>\n<h4>USAR<\/h4>\n<p>Trabajos de Cimentaciones.<\/p>\n","protected":false},"excerpt":{"rendered":"<p>Membrana de alto rendimiento fabricada con bet\u00fan destilado modificado con polimeros elastoplastom\u00e9ricos y armadura de poli\u00e9ster reforzado-estabilizado, para trabajos de cimentaci\u00f3n.<\/p>\n","protected":false},"featured_media":51989,"template":"","meta":[],"product_brand":[],"product_cat":[10658],"product_tag":[10533,10532],"class_list":{"0":"post-81133","1":"product","2":"type-product","3":"status-publish","4":"has-post-thumbnail","6":"product_cat-elastoplastomerico-app-es","7":"product_tag-cimientos","8":"product_tag-coberturas","9":"pa_flessibilita-a-freddo-10-es","10":"pa_modalita-di-posa-con-llama-es","11":"pa_superficie-superiore-tela-polimerica","13":"first","14":"instock","15":"product-type-variable"},"_links":{"self":[{"href":"https:\/\/vallizabban.com\/es\/wp-json\/wp\/v2\/product\/81133","targetHints":{"allow":["GET"]}}],"collection":[{"href":"https:\/\/vallizabban.com\/es\/wp-json\/wp\/v2\/product"}],"about":[{"href":"https:\/\/vallizabban.com\/es\/wp-json\/wp\/v2\/types\/product"}],"wp:featuredmedia":[{"embeddable":true,"href":"https:\/\/vallizabban.com\/es\/wp-json\/wp\/v2\/media\/51989"}],"wp:attachment":[{"href":"https:\/\/vallizabban.com\/es\/wp-json\/wp\/v2\/media?parent=81133"}],"wp:term":[{"taxonomy":"product_brand","embeddable":true,"href":"https:\/\/vallizabban.com\/es\/wp-json\/wp\/v2\/product_brand?post=81133"},{"taxonomy":"product_cat","embeddable":true,"href":"https:\/\/vallizabban.com\/es\/wp-json\/wp\/v2\/product_cat?post=81133"},{"taxonomy":"product_tag","embeddable":true,"href":"https:\/\/vallizabban.com\/es\/wp-json\/wp\/v2\/product_tag?post=81133"}],"curies":[{"name":"wp","href":"https:\/\/api.w.org\/{rel}","templated":true}]}}