{"id":81145,"date":"2025-03-03T07:47:18","date_gmt":"2025-03-03T08:04:20","guid":{"rendered":"https:\/\/vallizabban.com\/p\/extragum-minerale-classic-pl\/"},"modified":"2025-03-03T08:04:24","modified_gmt":"2025-03-03T08:04:24","slug":"extragum-minerale-classic-pl","status":"publish","type":"product","link":"https:\/\/vallizabban.com\/es\/p\/extragum-minerale-classic-pl\/","title":{"rendered":"Extragum Minerale Classic PL"},"content":{"rendered":"<h4>COMPUESTO<\/h4>\n<p>Membrana de alto rendimiento fabricada con bet\u00fan destilado modificado con poliolefinas APAO y armadura de poli\u00e9ster reforzado-estabilizado. Este producto est\u00e1 destinado a trabajos nuevos y restructuraciones. <\/p>\n<h4>ARMADURA<\/h4>\n<p>Poli\u00e9ster reforzado y estabilizado<\/p>\n<h4>ACABADO EXTERIOR<\/h4>\n<p>Pizarra mineral \/ Gr\u00e1nulos mineral esferoidal<\/p>\n<h4>INSTALACI\u00d3N<\/h4>\n<p>Soldada en total adherencia<BR><BR><\/p>\n<h4>USAR<\/h4>\n<p>Coberturas expuestas no accesibles, coberturas t\u00e9cnicas expuestas o bajo protecci\u00f3n. Coberturas inclinadas.<\/p>\n","protected":false},"excerpt":{"rendered":"<p>Membrana de alto rendimiento fabricada con bet\u00fan destilado modificado con poliolefinas APAO y armadura de poli\u00e9ster reforzado-estabilizado. Este producto est\u00e1 destinado a trabajos nuevos y restructuraciones.<\/p>\n","protected":false},"featured_media":51996,"template":"","meta":[],"product_brand":[],"product_cat":[10662],"product_tag":[10532,10536],"class_list":{"0":"post-81145","1":"product","2":"type-product","3":"status-publish","4":"has-post-thumbnail","6":"product_cat-metaloceno-apao","7":"product_tag-coberturas","8":"product_tag-subyacer","9":"pa_flessibilita-a-freddo-20-es","10":"pa_modalita-di-posa-con-llama-es","11":"pa_superficie-superiore-pizarra-mineral","13":"first","14":"instock","15":"product-type-variable"},"_links":{"self":[{"href":"https:\/\/vallizabban.com\/es\/wp-json\/wp\/v2\/product\/81145","targetHints":{"allow":["GET"]}}],"collection":[{"href":"https:\/\/vallizabban.com\/es\/wp-json\/wp\/v2\/product"}],"about":[{"href":"https:\/\/vallizabban.com\/es\/wp-json\/wp\/v2\/types\/product"}],"wp:featuredmedia":[{"embeddable":true,"href":"https:\/\/vallizabban.com\/es\/wp-json\/wp\/v2\/media\/51996"}],"wp:attachment":[{"href":"https:\/\/vallizabban.com\/es\/wp-json\/wp\/v2\/media?parent=81145"}],"wp:term":[{"taxonomy":"product_brand","embeddable":true,"href":"https:\/\/vallizabban.com\/es\/wp-json\/wp\/v2\/product_brand?post=81145"},{"taxonomy":"product_cat","embeddable":true,"href":"https:\/\/vallizabban.com\/es\/wp-json\/wp\/v2\/product_cat?post=81145"},{"taxonomy":"product_tag","embeddable":true,"href":"https:\/\/vallizabban.com\/es\/wp-json\/wp\/v2\/product_tag?post=81145"}],"curies":[{"name":"wp","href":"https:\/\/api.w.org\/{rel}","templated":true}]}}