{"id":81168,"date":"2025-03-03T07:47:28","date_gmt":"2025-03-03T08:04:36","guid":{"rendered":"https:\/\/vallizabban.com\/p\/gummiflex-antiradice-pla\/"},"modified":"2025-03-03T08:04:42","modified_gmt":"2025-03-03T08:04:42","slug":"gummiflex-antiradice-pla","status":"publish","type":"product","link":"https:\/\/vallizabban.com\/es\/p\/gummiflex-antiradice-pla\/","title":{"rendered":"Gummiflex Antiradice PLA"},"content":{"rendered":"<h4>COMPUESTO<\/h4>\n<p>Membrana de alto rendimiento fabricada con bet\u00fan destilado modificado con polimeros elastoplastom\u00e9ricos, aditivo antirra\u00edces y armadura de poli\u00e9ster reforzado-estabilizado, para trabajos nuevos y restructuraciones. <\/p>\n<h4>ARMADURA<\/h4>\n<p>Poli\u00e9ster reforzado y estabilizado<\/p>\n<h4>ACABADO EXTERIOR<\/h4>\n<p>Film termo fusible<\/p>\n<h4>INSTALACI\u00d3N<\/h4>\n<p>Soldada en total adherencia<BR><BR><\/p>\n<h4>USAR<\/h4>\n<p>Techo verde. Trabajos de Cimentaciones.<\/p>\n","protected":false},"excerpt":{"rendered":"<p>Membrana de alto rendimiento fabricada con bet\u00fan destilado modificado con polimeros elastoplastom\u00e9ricos, aditivo antirra\u00edces y armadura de poli\u00e9ster reforzado-estabilizado, para trabajos nuevos y restructuraciones.<\/p>\n","protected":false},"featured_media":52000,"template":"","meta":[],"product_brand":[],"product_cat":[10658],"product_tag":[10529,10533,10532],"class_list":{"0":"post-81168","1":"product","2":"type-product","3":"status-publish","4":"has-post-thumbnail","6":"product_cat-elastoplastomerico-app-es","7":"product_tag-anti-raices","8":"product_tag-cimientos","9":"product_tag-coberturas","10":"pa_flessibilita-a-freddo-10-es","11":"pa_modalita-di-posa-con-llama-es","12":"pa_superficie-superiore-suave","14":"first","15":"instock","16":"product-type-variable"},"_links":{"self":[{"href":"https:\/\/vallizabban.com\/es\/wp-json\/wp\/v2\/product\/81168","targetHints":{"allow":["GET"]}}],"collection":[{"href":"https:\/\/vallizabban.com\/es\/wp-json\/wp\/v2\/product"}],"about":[{"href":"https:\/\/vallizabban.com\/es\/wp-json\/wp\/v2\/types\/product"}],"wp:featuredmedia":[{"embeddable":true,"href":"https:\/\/vallizabban.com\/es\/wp-json\/wp\/v2\/media\/52000"}],"wp:attachment":[{"href":"https:\/\/vallizabban.com\/es\/wp-json\/wp\/v2\/media?parent=81168"}],"wp:term":[{"taxonomy":"product_brand","embeddable":true,"href":"https:\/\/vallizabban.com\/es\/wp-json\/wp\/v2\/product_brand?post=81168"},{"taxonomy":"product_cat","embeddable":true,"href":"https:\/\/vallizabban.com\/es\/wp-json\/wp\/v2\/product_cat?post=81168"},{"taxonomy":"product_tag","embeddable":true,"href":"https:\/\/vallizabban.com\/es\/wp-json\/wp\/v2\/product_tag?post=81168"}],"curies":[{"name":"wp","href":"https:\/\/api.w.org\/{rel}","templated":true}]}}