{"id":81170,"date":"2025-03-03T07:47:43","date_gmt":"2025-03-03T08:04:43","guid":{"rendered":"https:\/\/vallizabban.com\/p\/gummiflex-antiradon-pl\/"},"modified":"2025-03-03T08:04:44","modified_gmt":"2025-03-03T08:04:44","slug":"gummiflex-antiradon-pl","status":"publish","type":"product","link":"https:\/\/vallizabban.com\/es\/p\/gummiflex-antiradon-pl\/","title":{"rendered":"Gummiflex Antiradon PL"},"content":{"rendered":"<h4>COMPUESTO<\/h4>\n<p>Membrana impermeable con funci\u00f3n de barrera contra gases, COV, gas rad\u00f3n y humedad ascendente, de bet\u00fan modificado con pol\u00edmeros elastoplastom\u00e9ricos y armadura de poli\u00e9ster renforzado estabilizado, conforme a la norma EN 13969 para cimentaciones y obras subterr\u00e1neas. Barrera de vapor conforme a la norma EN 13970.  <\/p>\n<h4>ARMADURA<\/h4>\n<p>Poli\u00e9ster reforzado y estabilizado<\/p>\n<h4>ACABADO EXTERIOR<\/h4>\n<p>Arena fina<\/p>\n<h4>INSTALACI\u00d3N<\/h4>\n<p>Soldada en total adherencia<BR><BR><\/p>\n<h4>USAR<\/h4>\n<p>Losas de cimentaci\u00f3n, muros bajo el nivel del terreno, obras subterr\u00e1neas. Barrera de vapor.<\/p>\n","protected":false},"excerpt":{"rendered":"<p>Membrana impermeable con funci\u00f3n de barrera contra gases, COV, gas rad\u00f3n y humedad ascendente, de bet\u00fan modificado con pol\u00edmeros elastoplastom\u00e9ricos y armadura de poli\u00e9ster renforzado estabilizado, conforme a la norma EN 13969 para cimentaciones y obras subterr\u00e1neas. Barrera de vapor conforme a la norma EN 13970.<\/p>\n","protected":false},"featured_media":52001,"template":"","meta":[],"product_brand":[],"product_cat":[10658],"product_tag":[10530,10533],"class_list":{"0":"post-81170","1":"product","2":"type-product","3":"status-publish","4":"has-post-thumbnail","6":"product_cat-elastoplastomerico-app-es","7":"product_tag-barreras-contra-el-gas-radon","8":"product_tag-cimientos","9":"pa_flessibilita-a-freddo-10-es","10":"pa_modalita-di-posa-con-llama-es","11":"pa_superficie-superiore-suave","13":"first","14":"instock","15":"product-type-variable"},"_links":{"self":[{"href":"https:\/\/vallizabban.com\/es\/wp-json\/wp\/v2\/product\/81170","targetHints":{"allow":["GET"]}}],"collection":[{"href":"https:\/\/vallizabban.com\/es\/wp-json\/wp\/v2\/product"}],"about":[{"href":"https:\/\/vallizabban.com\/es\/wp-json\/wp\/v2\/types\/product"}],"wp:featuredmedia":[{"embeddable":true,"href":"https:\/\/vallizabban.com\/es\/wp-json\/wp\/v2\/media\/52001"}],"wp:attachment":[{"href":"https:\/\/vallizabban.com\/es\/wp-json\/wp\/v2\/media?parent=81170"}],"wp:term":[{"taxonomy":"product_brand","embeddable":true,"href":"https:\/\/vallizabban.com\/es\/wp-json\/wp\/v2\/product_brand?post=81170"},{"taxonomy":"product_cat","embeddable":true,"href":"https:\/\/vallizabban.com\/es\/wp-json\/wp\/v2\/product_cat?post=81170"},{"taxonomy":"product_tag","embeddable":true,"href":"https:\/\/vallizabban.com\/es\/wp-json\/wp\/v2\/product_tag?post=81170"}],"curies":[{"name":"wp","href":"https:\/\/api.w.org\/{rel}","templated":true}]}}