{"id":81172,"date":"2025-03-03T07:47:43","date_gmt":"2025-03-03T08:04:43","guid":{"rendered":"https:\/\/vallizabban.com\/p\/gummiflex-minerale-pl\/"},"modified":"2025-03-03T08:04:47","modified_gmt":"2025-03-03T08:04:47","slug":"gummiflex-minerale-pl","status":"publish","type":"product","link":"https:\/\/vallizabban.com\/es\/p\/gummiflex-minerale-pl\/","title":{"rendered":"Gummiflex Minerale PL"},"content":{"rendered":"<h4>COMPUESTO<\/h4>\n<p>Membrana fabricada con bet\u00fan destilado modificado con pol\u00edmeros elastoplastom\u00e9ricos y armadura de poli\u00e9ster reforzado-estabilizado, para trabajos nuevos y restructuraciones. <\/p>\n<h4>ARMADURA<\/h4>\n<p>Poli\u00e9ster reforzado y estabilizado<\/p>\n<h4>ACABADO EXTERIOR<\/h4>\n<p>Pizarra mineral \/ Gr\u00e1nulos mineral esferoidal<\/p>\n<h4>INSTALACI\u00d3N<\/h4>\n<p>Soldada en total adherencia<BR><BR><\/p>\n<h4>USAR<\/h4>\n<p>Coberturas expuestas no accesibles, coberturas t\u00e9cnicas expuestas o bajo protecci\u00f3n. Coberturas inclinadas.<\/p>\n","protected":false},"excerpt":{"rendered":"<p>Membrana fabricada con bet\u00fan destilado modificado con pol\u00edmeros elastoplastom\u00e9ricos y armadura de poli\u00e9ster reforzado-estabilizado, para trabajos nuevos y restructuraciones.<\/p>\n","protected":false},"featured_media":52004,"template":"","meta":[],"product_brand":[],"product_cat":[10658],"product_tag":[10532],"class_list":{"0":"post-81172","1":"product","2":"type-product","3":"status-publish","4":"has-post-thumbnail","6":"product_cat-elastoplastomerico-app-es","7":"product_tag-coberturas","8":"pa_flessibilita-a-freddo-10-es","9":"pa_modalita-di-posa-con-llama-es","10":"pa_peso-kg-mq-3-5-4-0-4-5-5-0-es","11":"pa_superficie-superiore-pizarra-mineral","13":"first","14":"instock","15":"purchasable","16":"product-type-variable"},"_links":{"self":[{"href":"https:\/\/vallizabban.com\/es\/wp-json\/wp\/v2\/product\/81172","targetHints":{"allow":["GET"]}}],"collection":[{"href":"https:\/\/vallizabban.com\/es\/wp-json\/wp\/v2\/product"}],"about":[{"href":"https:\/\/vallizabban.com\/es\/wp-json\/wp\/v2\/types\/product"}],"wp:featuredmedia":[{"embeddable":true,"href":"https:\/\/vallizabban.com\/es\/wp-json\/wp\/v2\/media\/52004"}],"wp:attachment":[{"href":"https:\/\/vallizabban.com\/es\/wp-json\/wp\/v2\/media?parent=81172"}],"wp:term":[{"taxonomy":"product_brand","embeddable":true,"href":"https:\/\/vallizabban.com\/es\/wp-json\/wp\/v2\/product_brand?post=81172"},{"taxonomy":"product_cat","embeddable":true,"href":"https:\/\/vallizabban.com\/es\/wp-json\/wp\/v2\/product_cat?post=81172"},{"taxonomy":"product_tag","embeddable":true,"href":"https:\/\/vallizabban.com\/es\/wp-json\/wp\/v2\/product_tag?post=81172"}],"curies":[{"name":"wp","href":"https:\/\/api.w.org\/{rel}","templated":true}]}}