{"id":81211,"date":"2025-03-03T07:48:10","date_gmt":"2025-03-03T08:05:20","guid":{"rendered":"https:\/\/vallizabban.com\/p\/gummival-hp-biarmato-by-gorgati\/"},"modified":"2025-03-03T08:05:22","modified_gmt":"2025-03-03T08:05:22","slug":"gummival-hp-biarmato-by-gorgati","status":"publish","type":"product","link":"https:\/\/vallizabban.com\/es\/p\/gummival-hp-biarmato-by-gorgati\/","title":{"rendered":"Gummival HP Biarmato by Gorgati"},"content":{"rendered":"<h4>COMPUESTO<\/h4>\n<p>Membrana de alto rendimiento fabricada con bet\u00fan destilado modificado con poliolefinas APAO, con doble armadura de poli\u00e9ster reforzado-estabilizado y tejido de vidrio, para coberturas planas con aplicaci\u00f3n en fr\u00edo mediante cola adhesiva especial. Este producto est\u00e1 destinado a trabajos nuevos y restructuraciones. <\/p>\n<h4>ARMADURA<\/h4>\n<p>Poli\u00e9ster reforzado y estabilizado y tessudo de vidro<\/p>\n<h4>ACABADO EXTERIOR<\/h4>\n<p>Arena fina<\/p>\n<h4>INSTALACI\u00d3N<\/h4>\n<p>Applicada en total adherencia con cola bituminosa adhesiva<BR><BR><\/p>\n<h4>USAR<\/h4>\n<p>Coberturas expuestas no accesibles, coberturas t\u00e9cnicas expuestas o bajo protecci\u00f3n.<\/p>\n","protected":false},"excerpt":{"rendered":"<p>Membrana de alto rendimiento fabricada con bet\u00fan destilado modificado con poliolefinas APAO, con doble armadura de poli\u00e9ster reforzado-estabilizado y tejido de vidrio, para coberturas planas con aplicaci\u00f3n en fr\u00edo mediante cola adhesiva especial. Este producto est\u00e1 destinado a trabajos nuevos y restructuraciones.<\/p>\n","protected":false},"featured_media":52016,"template":"","meta":[],"product_brand":[],"product_cat":[10662],"product_tag":[10533,10532],"class_list":{"0":"post-81211","1":"product","2":"type-product","3":"status-publish","4":"has-post-thumbnail","6":"product_cat-metaloceno-apao","7":"product_tag-cimientos","8":"product_tag-coberturas","9":"pa_flessibilita-a-freddo-20-es","10":"pa_modalita-di-posa-con-adhesivo","11":"pa_superficie-superiore-suave","13":"first","14":"instock","15":"product-type-variable"},"_links":{"self":[{"href":"https:\/\/vallizabban.com\/es\/wp-json\/wp\/v2\/product\/81211","targetHints":{"allow":["GET"]}}],"collection":[{"href":"https:\/\/vallizabban.com\/es\/wp-json\/wp\/v2\/product"}],"about":[{"href":"https:\/\/vallizabban.com\/es\/wp-json\/wp\/v2\/types\/product"}],"wp:featuredmedia":[{"embeddable":true,"href":"https:\/\/vallizabban.com\/es\/wp-json\/wp\/v2\/media\/52016"}],"wp:attachment":[{"href":"https:\/\/vallizabban.com\/es\/wp-json\/wp\/v2\/media?parent=81211"}],"wp:term":[{"taxonomy":"product_brand","embeddable":true,"href":"https:\/\/vallizabban.com\/es\/wp-json\/wp\/v2\/product_brand?post=81211"},{"taxonomy":"product_cat","embeddable":true,"href":"https:\/\/vallizabban.com\/es\/wp-json\/wp\/v2\/product_cat?post=81211"},{"taxonomy":"product_tag","embeddable":true,"href":"https:\/\/vallizabban.com\/es\/wp-json\/wp\/v2\/product_tag?post=81211"}],"curies":[{"name":"wp","href":"https:\/\/api.w.org\/{rel}","templated":true}]}}