{"id":81280,"date":"2025-03-03T07:48:56","date_gmt":"2025-03-03T08:06:29","guid":{"rendered":"https:\/\/vallizabban.com\/p\/multival-pro-4-tr\/"},"modified":"2025-03-03T08:06:30","modified_gmt":"2025-03-03T08:06:30","slug":"multival-pro-4-tr","status":"publish","type":"product","link":"https:\/\/vallizabban.com\/es\/p\/multival-pro-4-tr\/","title":{"rendered":"Multival Pro 4 TR"},"content":{"rendered":"<h4>COMPUESTO<\/h4>\n<p>Membrana de bet\u00fan multicompuesta APAO\/SBS de alto rendimiento con armadura de poli\u00e9ster reforzado-estabilizado. La parte superior de la membrana est\u00e1 formada por un compuesto de bet\u00fan modificado con poliolefinas APAO, y la parte inferior por un compuesto elastom\u00e9rico SBS. <\/p>\n<h4>ARMADURA<\/h4>\n<p>Poli\u00e9ster reforzado y estabilizado<\/p>\n<h4>ACABADO EXTERIOR<\/h4>\n<p>Tela de polipropileno<\/p>\n<h4>INSTALACI\u00d3N<\/h4>\n<p>Soldada en total adherencia<BR><BR><\/p>\n<h4>USAR<\/h4>\n<p>Coberturas expuestas no accesibles, coberturas t\u00e9cnicas expuestas o bajo protecci\u00f3n. Trabajos de Cimentaciones.<\/p>\n","protected":false},"excerpt":{"rendered":"<p>Membrana de bet\u00fan multicompuesta APAO\/SBS de alto rendimiento con armadura de poli\u00e9ster reforzado-estabilizado. La parte superior de la membrana est\u00e1 formada por un compuesto de bet\u00fan modificado con poliolefinas APAO, y la parte inferior por un compuesto elastom\u00e9rico SBS.<\/p>\n","protected":false},"featured_media":52029,"template":"","meta":[],"product_brand":[],"product_cat":[10663],"product_tag":[10533,10532],"class_list":{"0":"post-81280","1":"product","2":"type-product","3":"status-publish","4":"has-post-thumbnail","6":"product_cat-multicompuesto","7":"product_tag-cimientos","8":"product_tag-coberturas","9":"pa_flessibilita-a-freddo-15-25-2-es","10":"pa_modalita-di-posa-con-llama-es","11":"pa_superficie-superiore-tela-polimerica","12":"pa_tipologia-armatura-poliester-f-c-estabilizado","14":"first","15":"instock","16":"product-type-variable"},"_links":{"self":[{"href":"https:\/\/vallizabban.com\/es\/wp-json\/wp\/v2\/product\/81280","targetHints":{"allow":["GET"]}}],"collection":[{"href":"https:\/\/vallizabban.com\/es\/wp-json\/wp\/v2\/product"}],"about":[{"href":"https:\/\/vallizabban.com\/es\/wp-json\/wp\/v2\/types\/product"}],"wp:featuredmedia":[{"embeddable":true,"href":"https:\/\/vallizabban.com\/es\/wp-json\/wp\/v2\/media\/52029"}],"wp:attachment":[{"href":"https:\/\/vallizabban.com\/es\/wp-json\/wp\/v2\/media?parent=81280"}],"wp:term":[{"taxonomy":"product_brand","embeddable":true,"href":"https:\/\/vallizabban.com\/es\/wp-json\/wp\/v2\/product_brand?post=81280"},{"taxonomy":"product_cat","embeddable":true,"href":"https:\/\/vallizabban.com\/es\/wp-json\/wp\/v2\/product_cat?post=81280"},{"taxonomy":"product_tag","embeddable":true,"href":"https:\/\/vallizabban.com\/es\/wp-json\/wp\/v2\/product_tag?post=81280"}],"curies":[{"name":"wp","href":"https:\/\/api.w.org\/{rel}","templated":true}]}}