{"id":81284,"date":"2025-03-03T07:48:56","date_gmt":"2025-03-03T08:06:29","guid":{"rendered":"https:\/\/vallizabban.com\/p\/multival-remake\/"},"modified":"2025-03-03T08:06:38","modified_gmt":"2025-03-03T08:06:38","slug":"multival-remake","status":"publish","type":"product","link":"https:\/\/vallizabban.com\/es\/p\/multival-remake\/","title":{"rendered":"Multival Remake"},"content":{"rendered":"<h4>COMPUESTO<\/h4>\n<p>Membrana de bet\u00fan multicompuesta APAO\/SBS de alto rendimiento con armadura de poli\u00e9ster reforzado-estabilizado. La parte superior de la membrana est\u00e1 formada por un compuesto de bet\u00fan modificado con poliolefinas APAO, y la parte inferior por un compuesto elastom\u00e9rico SBS. <\/p>\n<h4>ARMADURA<\/h4>\n<p>Poli\u00e9ster reforzado y estabilizado y tessudo de vidro<\/p>\n<h4>ACABADO EXTERIOR<\/h4>\n<p>Pizarra mineral \/ Gr\u00e1nulos mineral esferoidal<\/p>\n<h4>INSTALACI\u00d3N<\/h4>\n<p>Soldada en total adherencia<BR><BR><\/p>\n<h4>USAR<\/h4>\n<p>Coberturas expuestas no accesibles, coberturas t\u00e9cnicas expuestas o bajo protecci\u00f3n.<\/p>\n","protected":false},"excerpt":{"rendered":"<p>Membrana de bet\u00fan multicompuesta APAO\/SBS de alto rendimiento con armadura de poli\u00e9ster reforzado-estabilizado. La parte superior de la membrana est\u00e1 formada por un compuesto de bet\u00fan modificado con poliolefinas APAO, y la parte inferior por un compuesto elastom\u00e9rico SBS.<\/p>\n","protected":false},"featured_media":52032,"template":"","meta":[],"product_brand":[],"product_cat":[10663],"product_tag":[10532],"class_list":{"0":"post-81284","1":"product","2":"type-product","3":"status-publish","4":"has-post-thumbnail","6":"product_cat-multicompuesto","7":"product_tag-coberturas","8":"pa_flessibilita-a-freddo-20-20-es","9":"pa_modalita-di-posa-con-llama-es","10":"pa_superficie-superiore-pizarra-mineral","12":"first","13":"instock","14":"purchasable","15":"product-type-variable"},"_links":{"self":[{"href":"https:\/\/vallizabban.com\/es\/wp-json\/wp\/v2\/product\/81284","targetHints":{"allow":["GET"]}}],"collection":[{"href":"https:\/\/vallizabban.com\/es\/wp-json\/wp\/v2\/product"}],"about":[{"href":"https:\/\/vallizabban.com\/es\/wp-json\/wp\/v2\/types\/product"}],"wp:featuredmedia":[{"embeddable":true,"href":"https:\/\/vallizabban.com\/es\/wp-json\/wp\/v2\/media\/52032"}],"wp:attachment":[{"href":"https:\/\/vallizabban.com\/es\/wp-json\/wp\/v2\/media?parent=81284"}],"wp:term":[{"taxonomy":"product_brand","embeddable":true,"href":"https:\/\/vallizabban.com\/es\/wp-json\/wp\/v2\/product_brand?post=81284"},{"taxonomy":"product_cat","embeddable":true,"href":"https:\/\/vallizabban.com\/es\/wp-json\/wp\/v2\/product_cat?post=81284"},{"taxonomy":"product_tag","embeddable":true,"href":"https:\/\/vallizabban.com\/es\/wp-json\/wp\/v2\/product_tag?post=81284"}],"curies":[{"name":"wp","href":"https:\/\/api.w.org\/{rel}","templated":true}]}}