{"id":81290,"date":"2025-03-03T07:49:11","date_gmt":"2025-03-03T08:06:36","guid":{"rendered":"https:\/\/vallizabban.com\/p\/multival-remake-strip\/"},"modified":"2025-03-03T08:06:38","modified_gmt":"2025-03-03T08:06:38","slug":"multival-remake-strip","status":"publish","type":"product","link":"https:\/\/vallizabban.com\/es\/p\/multival-remake-strip\/","title":{"rendered":"Multival Remake Strip"},"content":{"rendered":"<h4>COMPUESTO<\/h4>\n<p>Membrana termo-adhesiva multicompuesta APAO\/SBS de alto rendimiento. Este producto est\u00e1 dise\u00f1ado como capa \u00fanica para cubiertas planas tanto de obra nueva como de rehabilitaci\u00f3n. La superficie inferior est\u00e1 provista de tiras termoadhesivas. <\/p>\n<h4>ARMADURA<\/h4>\n<p>Poli\u00e9ster reforzado y estabilizado y tessudo de vidro<\/p>\n<h4>ACABADO EXTERIOR<\/h4>\n<p>Pizarra mineral \/ Gr\u00e1nulos mineral esferoidal<\/p>\n<h4>INSTALACI\u00d3N<\/h4>\n<p>Instalaci\u00f3n termo-adhesiva activada con quemador de llama<BR><BR><\/p>\n<h4>USAR<\/h4>\n<p>Coberturas expuestas no accesibles, coberturas t\u00e9cnicas expuestas o bajo protecci\u00f3n.<\/p>\n","protected":false},"excerpt":{"rendered":"<p>Membrana termo-adhesiva multicompuesta APAO\/SBS de alto rendimiento. Este producto est\u00e1 dise\u00f1ado como capa \u00fanica para cubiertas planas tanto de obra nueva como de rehabilitaci\u00f3n. La superficie inferior est\u00e1 provista de tiras termoadhesivas.<\/p>\n","protected":false},"featured_media":0,"template":"","meta":[],"product_brand":[],"product_cat":[],"product_tag":[10533,10532,10536],"class_list":{"0":"post-81290","1":"product","2":"type-product","3":"status-publish","5":"product_tag-cimientos","6":"product_tag-coberturas","7":"product_tag-subyacer","8":"pa_flessibilita-a-freddo-20-es","9":"pa_modalita-di-posa-con-llama-es","11":"first","12":"instock","13":"product-type-variable"},"_links":{"self":[{"href":"https:\/\/vallizabban.com\/es\/wp-json\/wp\/v2\/product\/81290","targetHints":{"allow":["GET"]}}],"collection":[{"href":"https:\/\/vallizabban.com\/es\/wp-json\/wp\/v2\/product"}],"about":[{"href":"https:\/\/vallizabban.com\/es\/wp-json\/wp\/v2\/types\/product"}],"wp:attachment":[{"href":"https:\/\/vallizabban.com\/es\/wp-json\/wp\/v2\/media?parent=81290"}],"wp:term":[{"taxonomy":"product_brand","embeddable":true,"href":"https:\/\/vallizabban.com\/es\/wp-json\/wp\/v2\/product_brand?post=81290"},{"taxonomy":"product_cat","embeddable":true,"href":"https:\/\/vallizabban.com\/es\/wp-json\/wp\/v2\/product_cat?post=81290"},{"taxonomy":"product_tag","embeddable":true,"href":"https:\/\/vallizabban.com\/es\/wp-json\/wp\/v2\/product_tag?post=81290"}],"curies":[{"name":"wp","href":"https:\/\/api.w.org\/{rel}","templated":true}]}}