{"id":81302,"date":"2025-03-03T07:49:11","date_gmt":"2025-03-03T08:06:45","guid":{"rendered":"https:\/\/vallizabban.com\/p\/overflex-pl\/"},"modified":"2025-03-03T08:06:48","modified_gmt":"2025-03-03T08:06:48","slug":"overflex-pl","status":"publish","type":"product","link":"https:\/\/vallizabban.com\/es\/p\/overflex-pl\/","title":{"rendered":"Overflex PL"},"content":{"rendered":"<h4>COMPUESTO<\/h4>\n<p>Membrana fabricada con bet\u00fan destilado modificado con polimeros elastoplastom\u00e9ricos y armadura de poli\u00e9ster reforzado-estabilizado, para trabajos nuevos y restructuraciones. <\/p>\n<h4>ARMADURA<\/h4>\n<p>Poli\u00e9ster reforzado y estabilizado<\/p>\n<h4>ACABADO EXTERIOR<\/h4>\n<p>Arena fina<\/p>\n<h4>INSTALACI\u00d3N<\/h4>\n<p>Soldada en total adherencia<BR><BR><\/p>\n<h4>USAR<\/h4>\n<p>Coberturas expuestas no accesibles, coberturas t\u00e9cnicas expuestas o bajo protecci\u00f3n. Trabajos de Cimentaciones.<\/p>\n","protected":false},"excerpt":{"rendered":"<p>Membrana fabricada con bet\u00fan destilado modificado con polimeros elastoplastom\u00e9ricos y armadura de poli\u00e9ster reforzado-estabilizado, para trabajos nuevos y restructuraciones.<\/p>\n","protected":false},"featured_media":0,"template":"","meta":[],"product_brand":[],"product_cat":[],"product_tag":[10533,10532],"class_list":{"0":"post-81302","1":"product","2":"type-product","3":"status-publish","5":"product_tag-cimientos","6":"product_tag-coberturas","7":"pa_flessibilita-a-freddo-10-es","8":"pa_modalita-di-posa-con-llama-es","9":"pa_superficie-superiore-suave","11":"first","12":"instock","13":"product-type-variable"},"_links":{"self":[{"href":"https:\/\/vallizabban.com\/es\/wp-json\/wp\/v2\/product\/81302","targetHints":{"allow":["GET"]}}],"collection":[{"href":"https:\/\/vallizabban.com\/es\/wp-json\/wp\/v2\/product"}],"about":[{"href":"https:\/\/vallizabban.com\/es\/wp-json\/wp\/v2\/types\/product"}],"wp:attachment":[{"href":"https:\/\/vallizabban.com\/es\/wp-json\/wp\/v2\/media?parent=81302"}],"wp:term":[{"taxonomy":"product_brand","embeddable":true,"href":"https:\/\/vallizabban.com\/es\/wp-json\/wp\/v2\/product_brand?post=81302"},{"taxonomy":"product_cat","embeddable":true,"href":"https:\/\/vallizabban.com\/es\/wp-json\/wp\/v2\/product_cat?post=81302"},{"taxonomy":"product_tag","embeddable":true,"href":"https:\/\/vallizabban.com\/es\/wp-json\/wp\/v2\/product_tag?post=81302"}],"curies":[{"name":"wp","href":"https:\/\/api.w.org\/{rel}","templated":true}]}}