{"id":81307,"date":"2025-03-03T07:49:11","date_gmt":"2025-03-03T08:06:45","guid":{"rendered":"https:\/\/vallizabban.com\/p\/perfoval\/"},"modified":"2025-03-03T08:06:51","modified_gmt":"2025-03-03T08:06:51","slug":"perfoval","status":"publish","type":"product","link":"https:\/\/vallizabban.com\/es\/p\/perfoval\/","title":{"rendered":"Perfoval"},"content":{"rendered":"<h4>COMPUESTO<\/h4>\n<p>Membrana fabricada con betumen destilado modificado con pol\u00edmeros elastoplastom\u00e9ricos acoplada con geotextil en la parte inferior para sistemas de fijaci\u00f3n mec\u00e1nica, utilizada para obra nueva y rehabilitaci\u00f3n. <\/p>\n<h4>ARMADURA<\/h4>\n<p>Poli\u00e9ster reforzado y estabilizado<\/p>\n<h4>ACABADO EXTERIOR<\/h4>\n<p>Film termo fusible o Tela de polipropileno<\/p>\n<h4>INSTALACI\u00d3N<\/h4>\n<p>Fijaci\u00f3n mec\u00e1nica<BR><BR><\/p>\n<h4>USAR<\/h4>\n<p>Coberturas expuestas no accesibles, coberturas t\u00e9cnicas expuestas o bajo protecci\u00f3n.<\/p>\n","protected":false},"excerpt":{"rendered":"<p>Membrana fabricada con betumen destilado modificado con pol\u00edmeros elastoplastom\u00e9ricos acoplada con geotextil en la parte inferior para sistemas de fijaci\u00f3n mec\u00e1nica, utilizada para obra nueva y rehabilitaci\u00f3n.<\/p>\n","protected":false},"featured_media":52035,"template":"","meta":[],"product_brand":[],"product_cat":[10658],"product_tag":[],"class_list":{"0":"post-81307","1":"product","2":"type-product","3":"status-publish","4":"has-post-thumbnail","6":"product_cat-elastoplastomerico-app-es","7":"pa_flessibilita-a-freddo-npd-es","8":"pa_modalita-di-posa-con-llama-es","9":"pa_superficie-superiore-suave","10":"pa_tipologia-armatura-velo-de-vidrio","12":"first","13":"instock","14":"product-type-variable"},"_links":{"self":[{"href":"https:\/\/vallizabban.com\/es\/wp-json\/wp\/v2\/product\/81307","targetHints":{"allow":["GET"]}}],"collection":[{"href":"https:\/\/vallizabban.com\/es\/wp-json\/wp\/v2\/product"}],"about":[{"href":"https:\/\/vallizabban.com\/es\/wp-json\/wp\/v2\/types\/product"}],"wp:featuredmedia":[{"embeddable":true,"href":"https:\/\/vallizabban.com\/es\/wp-json\/wp\/v2\/media\/52035"}],"wp:attachment":[{"href":"https:\/\/vallizabban.com\/es\/wp-json\/wp\/v2\/media?parent=81307"}],"wp:term":[{"taxonomy":"product_brand","embeddable":true,"href":"https:\/\/vallizabban.com\/es\/wp-json\/wp\/v2\/product_brand?post=81307"},{"taxonomy":"product_cat","embeddable":true,"href":"https:\/\/vallizabban.com\/es\/wp-json\/wp\/v2\/product_cat?post=81307"},{"taxonomy":"product_tag","embeddable":true,"href":"https:\/\/vallizabban.com\/es\/wp-json\/wp\/v2\/product_tag?post=81307"}],"curies":[{"name":"wp","href":"https:\/\/api.w.org\/{rel}","templated":true}]}}