{"id":81330,"date":"2025-03-03T07:49:39","date_gmt":"2025-03-03T08:07:14","guid":{"rendered":"https:\/\/vallizabban.com\/p\/professional-20-minerale-fire-defence\/"},"modified":"2025-03-03T08:07:21","modified_gmt":"2025-03-03T08:07:21","slug":"professional-20-minerale-fire-defence","status":"publish","type":"product","link":"https:\/\/vallizabban.com\/es\/p\/professional-20-minerale-fire-defence\/","title":{"rendered":"Professional 20 Minerale Fire Defence"},"content":{"rendered":"<h4>COMPUESTO<\/h4>\n<p>Membrana de alto rendimiento fabricada con bet\u00fan destilado modificado con con poliolefinas APAO, aditivo ign\u00edfugo y armadura de poli\u00e9ster reforzado-estabilizado, para trabajos nuevos y restructuraciones. <\/p>\n<h4>ARMADURA<\/h4>\n<p>Poli\u00e9ster reforzado y estabilizado<\/p>\n<h4>ACABADO EXTERIOR<\/h4>\n<p>Pizarra mineral \/ Gr\u00e1nulos mineral esferoidal<\/p>\n<h4>INSTALACI\u00d3N<\/h4>\n<p>Soldada en total adherencia<BR><BR><\/p>\n<h4>USAR<\/h4>\n<p>Coberturas expuestas no accesibles, coberturas t\u00e9cnicas expuestas .<\/p>\n","protected":false},"excerpt":{"rendered":"<p>Membrana de alto rendimiento fabricada con bet\u00fan destilado modificado con con poliolefinas APAO, aditivo ign\u00edfugo y armadura de poli\u00e9ster reforzado-estabilizado, para trabajos nuevos y restructuraciones.<\/p>\n","protected":false},"featured_media":52041,"template":"","meta":[],"product_brand":[],"product_cat":[10662],"product_tag":[10532,10535,10536],"class_list":{"0":"post-81330","1":"product","2":"type-product","3":"status-publish","4":"has-post-thumbnail","6":"product_cat-metaloceno-apao","7":"product_tag-coberturas","8":"product_tag-resistencia-al-fuego","9":"product_tag-subyacer","10":"pa_flessibilita-a-freddo-20-es","11":"pa_modalita-di-posa-con-llama-es","12":"pa_superficie-superiore-pizarra-mineral","14":"first","15":"instock","16":"purchasable","17":"product-type-variable"},"_links":{"self":[{"href":"https:\/\/vallizabban.com\/es\/wp-json\/wp\/v2\/product\/81330","targetHints":{"allow":["GET"]}}],"collection":[{"href":"https:\/\/vallizabban.com\/es\/wp-json\/wp\/v2\/product"}],"about":[{"href":"https:\/\/vallizabban.com\/es\/wp-json\/wp\/v2\/types\/product"}],"wp:featuredmedia":[{"embeddable":true,"href":"https:\/\/vallizabban.com\/es\/wp-json\/wp\/v2\/media\/52041"}],"wp:attachment":[{"href":"https:\/\/vallizabban.com\/es\/wp-json\/wp\/v2\/media?parent=81330"}],"wp:term":[{"taxonomy":"product_brand","embeddable":true,"href":"https:\/\/vallizabban.com\/es\/wp-json\/wp\/v2\/product_brand?post=81330"},{"taxonomy":"product_cat","embeddable":true,"href":"https:\/\/vallizabban.com\/es\/wp-json\/wp\/v2\/product_cat?post=81330"},{"taxonomy":"product_tag","embeddable":true,"href":"https:\/\/vallizabban.com\/es\/wp-json\/wp\/v2\/product_tag?post=81330"}],"curies":[{"name":"wp","href":"https:\/\/api.w.org\/{rel}","templated":true}]}}