{"id":81346,"date":"2025-03-03T07:49:39","date_gmt":"2025-03-03T08:07:24","guid":{"rendered":"https:\/\/vallizabban.com\/p\/rileval-alu\/"},"modified":"2025-03-03T08:07:32","modified_gmt":"2025-03-03T08:07:32","slug":"rileval-alu","status":"publish","type":"product","link":"https:\/\/vallizabban.com\/es\/p\/rileval-alu\/","title":{"rendered":"Rileval Alu"},"content":{"rendered":"<h4>COMPUESTO<\/h4>\n<p>Membrana barrera de vapor fabricada con bet\u00fan modificado y armadura compuesta de fibra de vidrio y pel\u00edcula de aluminio, para trabajos nuevos y restructuraciones. La superficie superior termoadhesiva permite la adhesi\u00f3n directa de paneles termoaislantes. <\/p>\n<h4>ARMADURA<\/h4>\n<p>Fibra de vidrio y pel\u00edcula de aluminio<\/p>\n<h4>ACABADO EXTERIOR<\/h4>\n<p>Con elementos  termoadhesivos romboidal<\/p>\n<h4>INSTALACI\u00d3N<\/h4>\n<p>Soldada en total adherencia y activaci\u00f3n con fuego de la superficie superior termoadhesiva<BR><BR><\/p>\n<h4>USAR<\/h4>\n<p>Coberturas con aislamiento<\/p>\n","protected":false},"excerpt":{"rendered":"<p>Membrana barrera de vapor fabricada con bet\u00fan modificado y armadura compuesta de fibra de vidrio y pel\u00edcula de aluminio, para trabajos nuevos y restructuraciones. La superficie superior termoadhesiva permite la adhesi\u00f3n directa de paneles termoaislantes.<\/p>\n","protected":false},"featured_media":52043,"template":"","meta":[],"product_brand":[],"product_cat":[10658],"product_tag":[10531],"class_list":{"0":"post-81346","1":"product","2":"type-product","3":"status-publish","4":"has-post-thumbnail","6":"product_cat-elastoplastomerico-app-es","7":"product_tag-barreras-contra-el-vapor","8":"pa_all-a-trazione-l-t-n-5cm-4-4-es","9":"pa_flessibilita-a-freddo-15-es","10":"pa_modalita-di-posa-con-llama-es","11":"pa_superficie-superiore-suave","12":"pa_tipologia-armatura-poliester-estabilizado","14":"first","15":"instock","16":"product-type-variable"},"_links":{"self":[{"href":"https:\/\/vallizabban.com\/es\/wp-json\/wp\/v2\/product\/81346","targetHints":{"allow":["GET"]}}],"collection":[{"href":"https:\/\/vallizabban.com\/es\/wp-json\/wp\/v2\/product"}],"about":[{"href":"https:\/\/vallizabban.com\/es\/wp-json\/wp\/v2\/types\/product"}],"wp:featuredmedia":[{"embeddable":true,"href":"https:\/\/vallizabban.com\/es\/wp-json\/wp\/v2\/media\/52043"}],"wp:attachment":[{"href":"https:\/\/vallizabban.com\/es\/wp-json\/wp\/v2\/media?parent=81346"}],"wp:term":[{"taxonomy":"product_brand","embeddable":true,"href":"https:\/\/vallizabban.com\/es\/wp-json\/wp\/v2\/product_brand?post=81346"},{"taxonomy":"product_cat","embeddable":true,"href":"https:\/\/vallizabban.com\/es\/wp-json\/wp\/v2\/product_cat?post=81346"},{"taxonomy":"product_tag","embeddable":true,"href":"https:\/\/vallizabban.com\/es\/wp-json\/wp\/v2\/product_tag?post=81346"}],"curies":[{"name":"wp","href":"https:\/\/api.w.org\/{rel}","templated":true}]}}