{"id":81347,"date":"2025-03-03T07:49:39","date_gmt":"2025-03-03T08:07:24","guid":{"rendered":"https:\/\/vallizabban.com\/p\/rileval-foundation\/"},"modified":"2025-03-03T08:07:32","modified_gmt":"2025-03-03T08:07:32","slug":"rileval-foundation","status":"publish","type":"product","link":"https:\/\/vallizabban.com\/es\/p\/rileval-foundation\/","title":{"rendered":"Rileval Foundation"},"content":{"rendered":"<h4>COMPUESTO<\/h4>\n<p>Membrana de alto rendimiento fabricada con bet\u00fan destilado modificado con pol\u00edmeros elastoplastom\u00e9ricos y armadura de poli\u00e9ster reforzado-estabilizado, para la impermeabilizaci\u00f3n de obras de cimentaci\u00f3n. Permite el encolado directo de paneles aislantes de protecci\u00f3n en la superficie superior. <\/p>\n<h4>ARMADURA<\/h4>\n<p>Poli\u00e9ster reforzado y estabilizado<\/p>\n<h4>ACABADO EXTERIOR<\/h4>\n<p>Con elementos  termoadhesivos romboidal<\/p>\n<h4>INSTALACI\u00d3N<\/h4>\n<p>Soldada en total adherencia y activaci\u00f3n con fuego de la superficie superior termoadhesiva<BR><BR><\/p>\n<h4>USAR<\/h4>\n<p>Trabajos de cimentaci\u00f3n seg\u00fan la norma EN13969.<\/p>\n","protected":false},"excerpt":{"rendered":"<p>Membrana de alto rendimiento fabricada con bet\u00fan destilado modificado con pol\u00edmeros elastoplastom\u00e9ricos y armadura de poli\u00e9ster reforzado-estabilizado, para la impermeabilizaci\u00f3n de obras de cimentaci\u00f3n. Permite el encolado directo de paneles aislantes de protecci\u00f3n en la superficie superior.<\/p>\n","protected":false},"featured_media":52044,"template":"","meta":[],"product_brand":[],"product_cat":[10658],"product_tag":[10533],"class_list":{"0":"post-81347","1":"product","2":"type-product","3":"status-publish","4":"has-post-thumbnail","6":"product_cat-elastoplastomerico-app-es","7":"product_tag-cimientos","8":"pa_flessibilita-a-freddo-15-es","9":"pa_modalita-di-posa-con-llama-es","10":"pa_superficie-superiore-suave","12":"first","13":"instock","14":"product-type-variable"},"_links":{"self":[{"href":"https:\/\/vallizabban.com\/es\/wp-json\/wp\/v2\/product\/81347","targetHints":{"allow":["GET"]}}],"collection":[{"href":"https:\/\/vallizabban.com\/es\/wp-json\/wp\/v2\/product"}],"about":[{"href":"https:\/\/vallizabban.com\/es\/wp-json\/wp\/v2\/types\/product"}],"wp:featuredmedia":[{"embeddable":true,"href":"https:\/\/vallizabban.com\/es\/wp-json\/wp\/v2\/media\/52044"}],"wp:attachment":[{"href":"https:\/\/vallizabban.com\/es\/wp-json\/wp\/v2\/media?parent=81347"}],"wp:term":[{"taxonomy":"product_brand","embeddable":true,"href":"https:\/\/vallizabban.com\/es\/wp-json\/wp\/v2\/product_brand?post=81347"},{"taxonomy":"product_cat","embeddable":true,"href":"https:\/\/vallizabban.com\/es\/wp-json\/wp\/v2\/product_cat?post=81347"},{"taxonomy":"product_tag","embeddable":true,"href":"https:\/\/vallizabban.com\/es\/wp-json\/wp\/v2\/product_tag?post=81347"}],"curies":[{"name":"wp","href":"https:\/\/api.w.org\/{rel}","templated":true}]}}