{"id":81349,"date":"2025-03-03T07:49:54","date_gmt":"2025-03-03T08:07:34","guid":{"rendered":"https:\/\/vallizabban.com\/p\/sottotetto-pl\/"},"modified":"2025-03-03T08:07:36","modified_gmt":"2025-03-03T08:07:36","slug":"sottotetto-pl","status":"publish","type":"product","link":"https:\/\/vallizabban.com\/es\/p\/sottotetto-pl\/","title":{"rendered":"Sottotetto PL"},"content":{"rendered":"<h4>COMPUESTO<\/h4>\n<p>Membrana fabricada con bet\u00fan destilado modificado con pol\u00edmeros plastom\u00e9ricos y armadura de poli\u00e9ster reforzado-estabilizado, para trabajos nuevos y restructuraciones. <\/p>\n<h4>ARMADURA<\/h4>\n<p>Poli\u00e9ster reforzado y estabilizado<\/p>\n<h4>ACABADO EXTERIOR<\/h4>\n<p>Pizarra mineral \/ Gr\u00e1nulos mineral esferoidal<\/p>\n<h4>INSTALACI\u00d3N<\/h4>\n<p>Soldada en total adherencia<BR><BR><\/p>\n<h4>USAR<\/h4>\n<p>Coberturas inclinadas.<\/p>\n","protected":false},"excerpt":{"rendered":"<p>Membrana fabricada con bet\u00fan destilado modificado con pol\u00edmeros plastom\u00e9ricos y armadura de poli\u00e9ster reforzado-estabilizado, para trabajos nuevos y restructuraciones.<\/p>\n","protected":false},"featured_media":52046,"template":"","meta":[],"product_brand":[],"product_cat":[10664],"product_tag":[10536],"class_list":{"0":"post-81349","1":"product","2":"type-product","3":"status-publish","4":"has-post-thumbnail","6":"product_cat-plastomerico-app-es","7":"product_tag-subyacer","8":"pa_flessibilita-a-freddo-5-es","9":"pa_modalita-di-posa-con-llama-es","10":"pa_superficie-superiore-pizarra-mineral","12":"first","13":"instock","14":"purchasable","15":"product-type-variable"},"_links":{"self":[{"href":"https:\/\/vallizabban.com\/es\/wp-json\/wp\/v2\/product\/81349","targetHints":{"allow":["GET"]}}],"collection":[{"href":"https:\/\/vallizabban.com\/es\/wp-json\/wp\/v2\/product"}],"about":[{"href":"https:\/\/vallizabban.com\/es\/wp-json\/wp\/v2\/types\/product"}],"wp:featuredmedia":[{"embeddable":true,"href":"https:\/\/vallizabban.com\/es\/wp-json\/wp\/v2\/media\/52046"}],"wp:attachment":[{"href":"https:\/\/vallizabban.com\/es\/wp-json\/wp\/v2\/media?parent=81349"}],"wp:term":[{"taxonomy":"product_brand","embeddable":true,"href":"https:\/\/vallizabban.com\/es\/wp-json\/wp\/v2\/product_brand?post=81349"},{"taxonomy":"product_cat","embeddable":true,"href":"https:\/\/vallizabban.com\/es\/wp-json\/wp\/v2\/product_cat?post=81349"},{"taxonomy":"product_tag","embeddable":true,"href":"https:\/\/vallizabban.com\/es\/wp-json\/wp\/v2\/product_tag?post=81349"}],"curies":[{"name":"wp","href":"https:\/\/api.w.org\/{rel}","templated":true}]}}