{"id":81352,"date":"2025-03-03T07:49:54","date_gmt":"2025-03-03T08:07:34","guid":{"rendered":"https:\/\/vallizabban.com\/p\/starter-nl\/"},"modified":"2025-03-03T08:07:38","modified_gmt":"2025-03-03T08:07:38","slug":"starter-nl","status":"publish","type":"product","link":"https:\/\/vallizabban.com\/es\/p\/starter-nl\/","title":{"rendered":"STARTER NL"},"content":{"rendered":"<h4>COMPUESTO<\/h4>\n<p>Membrana fabricada con betumen destilado modificado con pol\u00edmeros elastoplastom\u00e9ricos acoplada con geotextil en la parte inferior para sistemas de fijaci\u00f3n mec\u00e1nica, utilizada para obra nueva y rehabilitaci\u00f3n. <\/p>\n<h4>ARMADURA<\/h4>\n<p>Poli\u00e9ster reforzado y estabilizado<\/p>\n<h4>ACABADO EXTERIOR<\/h4>\n<p>Film termo fusible o Tela de polipropileno<\/p>\n<h4>INSTALACI\u00d3N<\/h4>\n<p>Fijaci\u00f3n mec\u00e1nica<BR><BR><\/p>\n<h4>USAR<\/h4>\n<p>Coberturas expuestas no accesibles, coberturas t\u00e9cnicas expuestas o bajo protecci\u00f3n. Coberturas inclinadas.<\/p>\n","protected":false},"excerpt":{"rendered":"<p>Membrana fabricada con betumen destilado modificado con pol\u00edmeros elastoplastom\u00e9ricos acoplada con geotextil en la parte inferior para sistemas de fijaci\u00f3n mec\u00e1nica, utilizada para obra nueva y rehabilitaci\u00f3n.<\/p>\n","protected":false},"featured_media":0,"template":"","meta":[],"product_brand":[],"product_cat":[10658],"product_tag":[10532],"class_list":{"0":"post-81352","1":"product","2":"type-product","3":"status-publish","5":"product_cat-elastoplastomerico-app-es","6":"product_tag-coberturas","7":"pa_flessibilita-a-freddo-10-es","8":"pa_modalita-di-posa-con-llama-es","9":"pa_tipologia-armatura-poliester-estabilizado","11":"first","12":"instock","13":"purchasable","14":"product-type-variable"},"_links":{"self":[{"href":"https:\/\/vallizabban.com\/es\/wp-json\/wp\/v2\/product\/81352","targetHints":{"allow":["GET"]}}],"collection":[{"href":"https:\/\/vallizabban.com\/es\/wp-json\/wp\/v2\/product"}],"about":[{"href":"https:\/\/vallizabban.com\/es\/wp-json\/wp\/v2\/types\/product"}],"wp:attachment":[{"href":"https:\/\/vallizabban.com\/es\/wp-json\/wp\/v2\/media?parent=81352"}],"wp:term":[{"taxonomy":"product_brand","embeddable":true,"href":"https:\/\/vallizabban.com\/es\/wp-json\/wp\/v2\/product_brand?post=81352"},{"taxonomy":"product_cat","embeddable":true,"href":"https:\/\/vallizabban.com\/es\/wp-json\/wp\/v2\/product_cat?post=81352"},{"taxonomy":"product_tag","embeddable":true,"href":"https:\/\/vallizabban.com\/es\/wp-json\/wp\/v2\/product_tag?post=81352"}],"curies":[{"name":"wp","href":"https:\/\/api.w.org\/{rel}","templated":true}]}}