{"id":81354,"date":"2025-03-03T07:49:54","date_gmt":"2025-03-03T08:07:34","guid":{"rendered":"https:\/\/vallizabban.com\/p\/termoval-aluvap-strip\/"},"modified":"2025-03-03T08:07:38","modified_gmt":"2025-03-03T08:07:38","slug":"termoval-aluvap-strip","status":"publish","type":"product","link":"https:\/\/vallizabban.com\/es\/p\/termoval-aluvap-strip\/","title":{"rendered":"Termoval ALUVap Strip"},"content":{"rendered":"<h4>COMPUESTO<\/h4>\n<p>Membrana barrera de vapor termo-adhesiva de alto rendimiento, con armadura de poli\u00e9ster reforzado-estabilizado. La parte superior est\u00e1 provista de tiras termoadhesivas para permitir una uni\u00f3n termoadhesiva directa de l&#8217;aislamiento. <\/p>\n<h4>ARMADURA<\/h4>\n<p>Poli\u00e9ster reforzado y estabilizado<\/p>\n<h4>ACABADO EXTERIOR<\/h4>\n<p>Tiras termoadhesivas + Pelicula de silicona removible<\/p>\n<h4>INSTALACI\u00d3N<\/h4>\n<p>Soldada en total adherencia<BR><BR><\/p>\n<h4>USAR<\/h4>\n<p>Coberturas expuestas no accesibles, coberturas t\u00e9cnicas expuestas o bajo protecci\u00f3n.<\/p>\n","protected":false},"excerpt":{"rendered":"<p>Membrana barrera de vapor termo-adhesiva de alto rendimiento, con armadura de poli\u00e9ster reforzado-estabilizado. La parte superior est\u00e1 provista de tiras termoadhesivas para permitir una uni\u00f3n termoadhesiva directa de l&#8217;aislamiento.<\/p>\n","protected":false},"featured_media":0,"template":"","meta":[],"product_brand":[],"product_cat":[],"product_tag":[10531],"class_list":{"0":"post-81354","1":"product","2":"type-product","3":"status-publish","5":"product_tag-barreras-contra-el-vapor","6":"pa_flessibilita-a-freddo-15-es","7":"pa_modalita-di-posa-termoadhesivo","8":"pa_superficie-superiore-suave","10":"first","11":"instock","12":"product-type-variable"},"_links":{"self":[{"href":"https:\/\/vallizabban.com\/es\/wp-json\/wp\/v2\/product\/81354","targetHints":{"allow":["GET"]}}],"collection":[{"href":"https:\/\/vallizabban.com\/es\/wp-json\/wp\/v2\/product"}],"about":[{"href":"https:\/\/vallizabban.com\/es\/wp-json\/wp\/v2\/types\/product"}],"wp:attachment":[{"href":"https:\/\/vallizabban.com\/es\/wp-json\/wp\/v2\/media?parent=81354"}],"wp:term":[{"taxonomy":"product_brand","embeddable":true,"href":"https:\/\/vallizabban.com\/es\/wp-json\/wp\/v2\/product_brand?post=81354"},{"taxonomy":"product_cat","embeddable":true,"href":"https:\/\/vallizabban.com\/es\/wp-json\/wp\/v2\/product_cat?post=81354"},{"taxonomy":"product_tag","embeddable":true,"href":"https:\/\/vallizabban.com\/es\/wp-json\/wp\/v2\/product_tag?post=81354"}],"curies":[{"name":"wp","href":"https:\/\/api.w.org\/{rel}","templated":true}]}}