{"id":81358,"date":"2025-03-03T07:49:54","date_gmt":"2025-03-03T08:07:34","guid":{"rendered":"https:\/\/vallizabban.com\/p\/termoval-strip\/"},"modified":"2025-03-03T08:07:43","modified_gmt":"2025-03-03T08:07:43","slug":"termoval-strip","status":"publish","type":"product","link":"https:\/\/vallizabban.com\/es\/p\/termoval-strip\/","title":{"rendered":"Termoval Strip"},"content":{"rendered":"<h4>COMPUESTO<\/h4>\n<p>Membrana termo-adhesiva de bet\u00fan multicompuesta de alto rendimiento, con armadura de poli\u00e9ster reforzado-estabilizado. Este producto est\u00e1 dise\u00f1ado como estrato base para cubiertas planas tanto de obra nueva como de rehabilitaci\u00f3n. La superficie inferior est\u00e1 provista de tiras termoadhesivas.  <\/p>\n<h4>ARMADURA<\/h4>\n<p>Poli\u00e9ster reforzado y estabilizado<\/p>\n<h4>ACABADO EXTERIOR<\/h4>\n<p>Pelicula termo fusible<\/p>\n<h4>INSTALACI\u00d3N<\/h4>\n<p>Termo-Adhesiva<BR><BR><\/p>\n<h4>USAR<\/h4>\n<p>Coberturas expuestas no accesibles, coberturas t\u00e9cnicas expuestas o bajo protecci\u00f3n.<\/p>\n","protected":false},"excerpt":{"rendered":"<p>Membrana termo-adhesiva de bet\u00fan multicompuesta de alto rendimiento, con armadura de poli\u00e9ster reforzado-estabilizado. Este producto est\u00e1 dise\u00f1ado como estrato base para cubiertas planas tanto de obra nueva como de rehabilitaci\u00f3n. La superficie inferior est\u00e1 provista de tiras termoadhesivas.<\/p>\n","protected":false},"featured_media":0,"template":"","meta":[],"product_brand":[],"product_cat":[],"product_tag":[10532],"class_list":{"0":"post-81358","1":"product","2":"type-product","3":"status-publish","5":"product_tag-coberturas","6":"pa_flessibilita-a-freddo-15-es","7":"pa_modalita-di-posa-termoadhesivo","8":"pa_superficie-superiore-suave","10":"first","11":"instock","12":"purchasable","13":"product-type-variable"},"_links":{"self":[{"href":"https:\/\/vallizabban.com\/es\/wp-json\/wp\/v2\/product\/81358","targetHints":{"allow":["GET"]}}],"collection":[{"href":"https:\/\/vallizabban.com\/es\/wp-json\/wp\/v2\/product"}],"about":[{"href":"https:\/\/vallizabban.com\/es\/wp-json\/wp\/v2\/types\/product"}],"wp:attachment":[{"href":"https:\/\/vallizabban.com\/es\/wp-json\/wp\/v2\/media?parent=81358"}],"wp:term":[{"taxonomy":"product_brand","embeddable":true,"href":"https:\/\/vallizabban.com\/es\/wp-json\/wp\/v2\/product_brand?post=81358"},{"taxonomy":"product_cat","embeddable":true,"href":"https:\/\/vallizabban.com\/es\/wp-json\/wp\/v2\/product_cat?post=81358"},{"taxonomy":"product_tag","embeddable":true,"href":"https:\/\/vallizabban.com\/es\/wp-json\/wp\/v2\/product_tag?post=81358"}],"curies":[{"name":"wp","href":"https:\/\/api.w.org\/{rel}","templated":true}]}}