{"id":81360,"date":"2025-03-03T07:49:54","date_gmt":"2025-03-03T08:07:41","guid":{"rendered":"https:\/\/vallizabban.com\/p\/termoval-vap-strip\/"},"modified":"2025-03-03T08:07:43","modified_gmt":"2025-03-03T08:07:43","slug":"termoval-vap-strip","status":"publish","type":"product","link":"https:\/\/vallizabban.com\/es\/p\/termoval-vap-strip\/","title":{"rendered":"Termoval Vap Strip"},"content":{"rendered":"<h4>COMPUESTO<\/h4>\n<p>Membrana barrera de vapor termo-adhesiva de alto rendimiento, con armadura de poli\u00e9ster reforzado-estabilizado. La parte superior est\u00e1 provista de tiras termoadhesivas para permitir una uni\u00f3n termoadhesiva directa de l&#8217;aislamiento. <\/p>\n<h4>ARMADURA<\/h4>\n<p>Poli\u00e9ster reforzado y estabilizado<\/p>\n<h4>ACABADO EXTERIOR<\/h4>\n<p>Tiras termoadhesivas + Pelicula siliconado removible<\/p>\n<h4>INSTALACI\u00d3N<\/h4>\n<p>Soldada en total adherencia<BR><BR><\/p>\n<h4>USAR<\/h4>\n<p>Coberturas expuestas no accesibles, coberturas t\u00e9cnicas expuestas o bajo protecci\u00f3n.<\/p>\n","protected":false},"excerpt":{"rendered":"<p>Membrana barrera de vapor termo-adhesiva de alto rendimiento, con armadura de poli\u00e9ster reforzado-estabilizado. La parte superior est\u00e1 provista de tiras termoadhesivas para permitir una uni\u00f3n termoadhesiva directa de l&#8217;aislamiento.<\/p>\n","protected":false},"featured_media":0,"template":"","meta":[],"product_brand":[],"product_cat":[],"product_tag":[10533,10532,10536],"class_list":{"0":"post-81360","1":"product","2":"type-product","3":"status-publish","5":"product_tag-cimientos","6":"product_tag-coberturas","7":"product_tag-subyacer","8":"pa_flessibilita-a-freddo-15-es","9":"pa_modalita-di-posa-termoadhesivo","11":"first","12":"instock","13":"product-type-variable"},"_links":{"self":[{"href":"https:\/\/vallizabban.com\/es\/wp-json\/wp\/v2\/product\/81360","targetHints":{"allow":["GET"]}}],"collection":[{"href":"https:\/\/vallizabban.com\/es\/wp-json\/wp\/v2\/product"}],"about":[{"href":"https:\/\/vallizabban.com\/es\/wp-json\/wp\/v2\/types\/product"}],"wp:attachment":[{"href":"https:\/\/vallizabban.com\/es\/wp-json\/wp\/v2\/media?parent=81360"}],"wp:term":[{"taxonomy":"product_brand","embeddable":true,"href":"https:\/\/vallizabban.com\/es\/wp-json\/wp\/v2\/product_brand?post=81360"},{"taxonomy":"product_cat","embeddable":true,"href":"https:\/\/vallizabban.com\/es\/wp-json\/wp\/v2\/product_cat?post=81360"},{"taxonomy":"product_tag","embeddable":true,"href":"https:\/\/vallizabban.com\/es\/wp-json\/wp\/v2\/product_tag?post=81360"}],"curies":[{"name":"wp","href":"https:\/\/api.w.org\/{rel}","templated":true}]}}