{"id":81361,"date":"2025-03-03T07:49:54","date_gmt":"2025-03-03T08:07:41","guid":{"rendered":"https:\/\/vallizabban.com\/p\/vaporval\/"},"modified":"2025-03-03T08:07:53","modified_gmt":"2025-03-03T08:07:53","slug":"vaporval","status":"publish","type":"product","link":"https:\/\/vallizabban.com\/es\/p\/vaporval\/","title":{"rendered":"Vaporval"},"content":{"rendered":"<h4>COMPUESTO<\/h4>\n<p>Membrana barrera de vapor fabricada con bet\u00fan destilado modificado con pol\u00edmeros elastoplastom\u00e9ricos y armadura compuesta de poli\u00e9ster reforzado-estabilizado y pel\u00edcula de aluminio, para trabajos nuevos y restructuraciones. <\/p>\n<h4>ARMADURA<\/h4>\n<p>Fibra de vidrio y pel\u00edcula de aluminio<\/p>\n<h4>ACABADO EXTERIOR<\/h4>\n<p>Arena fina<\/p>\n<h4>INSTALACI\u00d3N<\/h4>\n<p>Soldada en total adherencia<BR><BR><\/p>\n<h4>USAR<\/h4>\n<p>Coberturas con aislamiento<\/p>\n","protected":false},"excerpt":{"rendered":"<p>Membrana barrera de vapor fabricada con bet\u00fan destilado modificado con pol\u00edmeros elastoplastom\u00e9ricos y armadura compuesta de poli\u00e9ster reforzado-estabilizado y pel\u00edcula de aluminio, para trabajos nuevos y restructuraciones.<\/p>\n","protected":false},"featured_media":52048,"template":"","meta":[],"product_brand":[],"product_cat":[10658],"product_tag":[10531],"class_list":{"0":"post-81361","1":"product","2":"type-product","3":"status-publish","4":"has-post-thumbnail","6":"product_cat-elastoplastomerico-app-es","7":"product_tag-barreras-contra-el-vapor","8":"pa_flessibilita-a-freddo-10-es","9":"pa_modalita-di-posa-con-llama-es","10":"pa_superficie-superiore-suave","11":"pa_tipologia-armatura-poliester-estabilizado","13":"first","14":"instock","15":"purchasable","16":"product-type-variable"},"_links":{"self":[{"href":"https:\/\/vallizabban.com\/es\/wp-json\/wp\/v2\/product\/81361","targetHints":{"allow":["GET"]}}],"collection":[{"href":"https:\/\/vallizabban.com\/es\/wp-json\/wp\/v2\/product"}],"about":[{"href":"https:\/\/vallizabban.com\/es\/wp-json\/wp\/v2\/types\/product"}],"wp:featuredmedia":[{"embeddable":true,"href":"https:\/\/vallizabban.com\/es\/wp-json\/wp\/v2\/media\/52048"}],"wp:attachment":[{"href":"https:\/\/vallizabban.com\/es\/wp-json\/wp\/v2\/media?parent=81361"}],"wp:term":[{"taxonomy":"product_brand","embeddable":true,"href":"https:\/\/vallizabban.com\/es\/wp-json\/wp\/v2\/product_brand?post=81361"},{"taxonomy":"product_cat","embeddable":true,"href":"https:\/\/vallizabban.com\/es\/wp-json\/wp\/v2\/product_cat?post=81361"},{"taxonomy":"product_tag","embeddable":true,"href":"https:\/\/vallizabban.com\/es\/wp-json\/wp\/v2\/product_tag?post=81361"}],"curies":[{"name":"wp","href":"https:\/\/api.w.org\/{rel}","templated":true}]}}