{"id":82898,"date":"2025-09-23T15:01:35","date_gmt":"2025-09-23T15:01:35","guid":{"rendered":"https:\/\/vallizabban.com\/p\/adesiflex-mineral-pl-2\/"},"modified":"2025-09-23T15:01:36","modified_gmt":"2025-09-23T15:01:36","slug":"adesiflex-mineral-pl-2","status":"publish","type":"product","link":"https:\/\/vallizabban.com\/es\/p\/adesiflex-mineral-pl-2\/","title":{"rendered":"Adesiflex Mineral PL"},"content":{"rendered":"<h4>COMPUESTO<\/h4>\n<p>Membrana adhesiva de bet\u00fan multicompuesta de alto rendimiento, con armadura de poli\u00e9ster reforzado-estabilizado. La parte superior de la membrana est\u00e1 formada por un compuesto de bet\u00fan modificado con pol\u00edmeros elastoplastom\u00e9ricos, y la parte inferior por un compuesto adhesivo elastom\u00e9rico SBS.  <\/p>\n<h4>ARMADURA<\/h4>\n<p>Poli\u00e9ster reforzado y estabilizado<\/p>\n<h4>ACABADO EXTERIOR<\/h4>\n<p>Pizarra mineral \/ Gr\u00e1nulos mineral esferoidal<\/p>\n<h4>INSTALACI\u00d3N<\/h4>\n<p>Adhesiva<BR><BR><\/p>\n<h4>USAR<\/h4>\n<p>Coberturas expuestas no accesibles, coberturas t\u00e9cnicas expuestas. Coberturas inclinadas.<\/p>\n","protected":false},"excerpt":{"rendered":"<p>Membrana adhesiva de bet\u00fan multicompuesta de alto rendimiento, con armadura de poli\u00e9ster reforzado-estabilizado. La parte superior de la membrana est\u00e1 formada por un compuesto de bet\u00fan modificado con pol\u00edmeros elastoplastom\u00e9ricos, y la parte inferior por un compuesto adhesivo elastom\u00e9rico SBS.<\/p>\n","protected":false},"featured_media":0,"template":"","meta":[],"product_brand":[],"product_cat":[10663],"product_tag":[10532,10536],"class_list":{"0":"post-82898","1":"product","2":"type-product","3":"status-publish","5":"product_cat-multicompuesto","6":"product_tag-coberturas","7":"product_tag-subyacer","8":"pa_all-a-trazione-l-t-n-5cm-40-40-de-2","9":"pa_carico-a-trazione-l-t-n-5cm-550-400-fr","10":"pa_carico-lacerazioni-l-t-9177-de","11":"pa_flessibilita-a-freddo-15-25-es","12":"pa_metri-per-pezzo-10-fr","13":"pa_modalita-di-posa-autoadhesiva","14":"pa_pallet-9204-de","15":"pa_peso-kg-mq-3-5-4-0-4-5-fr","16":"pa_pezzi-per-bancale-10683","17":"pa_spessore-nominale-mm-9191-fr","18":"pa_superficie-inferiore-9174-fr","19":"pa_superficie-superiore-9201-de","20":"pa_tipologia-armatura-9203-de","22":"first","23":"outofstock","24":"product-type-variable"},"_links":{"self":[{"href":"https:\/\/vallizabban.com\/es\/wp-json\/wp\/v2\/product\/82898","targetHints":{"allow":["GET"]}}],"collection":[{"href":"https:\/\/vallizabban.com\/es\/wp-json\/wp\/v2\/product"}],"about":[{"href":"https:\/\/vallizabban.com\/es\/wp-json\/wp\/v2\/types\/product"}],"wp:attachment":[{"href":"https:\/\/vallizabban.com\/es\/wp-json\/wp\/v2\/media?parent=82898"}],"wp:term":[{"taxonomy":"product_brand","embeddable":true,"href":"https:\/\/vallizabban.com\/es\/wp-json\/wp\/v2\/product_brand?post=82898"},{"taxonomy":"product_cat","embeddable":true,"href":"https:\/\/vallizabban.com\/es\/wp-json\/wp\/v2\/product_cat?post=82898"},{"taxonomy":"product_tag","embeddable":true,"href":"https:\/\/vallizabban.com\/es\/wp-json\/wp\/v2\/product_tag?post=82898"}],"curies":[{"name":"wp","href":"https:\/\/api.w.org\/{rel}","templated":true}]}}