{"id":82902,"date":"2025-09-23T15:01:35","date_gmt":"2025-09-23T15:01:35","guid":{"rendered":"https:\/\/vallizabban.com\/p\/bendagum-pl-2\/"},"modified":"2025-09-23T15:01:37","modified_gmt":"2025-09-23T15:01:37","slug":"bendagum-pl-2","status":"publish","type":"product","link":"https:\/\/vallizabban.com\/es\/p\/bendagum-pl-2\/","title":{"rendered":"Bendagum PL"},"content":{"rendered":"<h4>COMPUESTO<\/h4>\n<p>Membrana fabricada con bet\u00fan destilado modificado con pol\u00edmeros plastom\u00e9ricos y armadura de poli\u00e9ster reforzado-estabilizado, para trabajos nuevos y restructuraciones. <\/p>\n<h4>ARMADURA<\/h4>\n<p>Poli\u00e9ster reforzado y estabilizado<\/p>\n<h4>ACABADO EXTERIOR<\/h4>\n<p>Arena fina \/ Film termo fusible<\/p>\n<h4>INSTALACI\u00d3N<\/h4>\n<p>Soldada en total adherencia<BR><BR><\/p>\n<h4>USAR<\/h4>\n<p>Coberturas expuestas no accesibles, coberturas t\u00e9cnicas expuestas o bajo protecci\u00f3n. Trabajos de Cimentaciones solo para la versi\u00f3n 4PL.<\/p>\n","protected":false},"excerpt":{"rendered":"<p>Membrana fabricada con bet\u00fan destilado modificado con pol\u00edmeros plastom\u00e9ricos y armadura de poli\u00e9ster reforzado-estabilizado, para trabajos nuevos y restructuraciones.<\/p>\n","protected":false},"featured_media":0,"template":"","meta":[],"product_brand":[],"product_cat":[10664],"product_tag":[10533,10532],"class_list":{"0":"post-82902","1":"product","2":"type-product","3":"status-publish","5":"product_cat-plastomerico-app-es","6":"product_tag-cimientos","7":"product_tag-coberturas","8":"pa_all-a-trazione-l-t-n-5cm-30-30-fr","9":"pa_carico-a-trazione-l-t-n-5cm-450-330-de-2","10":"pa_carico-lacerazioni-l-t-9177-de","11":"pa_flessibilita-a-freddo-5-es","12":"pa_metri-per-pezzo-10-fr","13":"pa_modalita-di-posa-con-llama-es","14":"pa_pallet-114x114-fumigati-tacco-ribassato","15":"pa_peso-kg-mq-npd-fr","16":"pa_pezzi-per-bancale-10685","17":"pa_spessore-nominale-mm-9191-fr","18":"pa_superficie-inferiore-cartene-vz","19":"pa_superficie-superiore-suave","20":"pa_tipologia-armatura-poliestere-f-c-rinforzato","22":"first","23":"outofstock","24":"product-type-variable"},"_links":{"self":[{"href":"https:\/\/vallizabban.com\/es\/wp-json\/wp\/v2\/product\/82902","targetHints":{"allow":["GET"]}}],"collection":[{"href":"https:\/\/vallizabban.com\/es\/wp-json\/wp\/v2\/product"}],"about":[{"href":"https:\/\/vallizabban.com\/es\/wp-json\/wp\/v2\/types\/product"}],"wp:attachment":[{"href":"https:\/\/vallizabban.com\/es\/wp-json\/wp\/v2\/media?parent=82902"}],"wp:term":[{"taxonomy":"product_brand","embeddable":true,"href":"https:\/\/vallizabban.com\/es\/wp-json\/wp\/v2\/product_brand?post=82902"},{"taxonomy":"product_cat","embeddable":true,"href":"https:\/\/vallizabban.com\/es\/wp-json\/wp\/v2\/product_cat?post=82902"},{"taxonomy":"product_tag","embeddable":true,"href":"https:\/\/vallizabban.com\/es\/wp-json\/wp\/v2\/product_tag?post=82902"}],"curies":[{"name":"wp","href":"https:\/\/api.w.org\/{rel}","templated":true}]}}