{"id":82921,"date":"2025-09-23T15:01:49","date_gmt":"2025-09-23T15:01:49","guid":{"rendered":"https:\/\/vallizabban.com\/p\/elastoval-mineral-pl-f\/"},"modified":"2025-09-23T15:01:51","modified_gmt":"2025-09-23T15:01:51","slug":"elastoval-mineral-pl-f","status":"publish","type":"product","link":"https:\/\/vallizabban.com\/es\/p\/elastoval-mineral-pl-f\/","title":{"rendered":"Elastoval Mineral PL F"},"content":{"rendered":"<h4>COMPUESTO<\/h4>\n<p>Membrana de alto rendimiento fabricada con bet\u00fan destilado modificado con elastomero SBS, aditivo ign\u00edfugo y armadura de poli\u00e9ster reforzado-estabilizado, para trabajos nuevos y restructuraciones. <\/p>\n<h4>ARMADURA<\/h4>\n<p>Poli\u00e9ster reforzado y estabilizado<\/p>\n<h4>ACABADO EXTERIOR<\/h4>\n<p>Pizarra mineral \/ Gr\u00e1nulos mineral esferoidal<\/p>\n<h4>INSTALACI\u00d3N<\/h4>\n<p>Soldada en total adherencia<BR><BR><\/p>\n<h4>USAR<\/h4>\n<p>Coberturas expuestas no accesibles, coberturas t\u00e9cnicas expuestas o bajo protecci\u00f3n.<\/p>\n","protected":false},"excerpt":{"rendered":"<p>Membrana de alto rendimiento fabricada con bet\u00fan destilado modificado con elastomero SBS, aditivo ign\u00edfugo y armadura de poli\u00e9ster reforzado-estabilizado, para trabajos nuevos y restructuraciones.<\/p>\n","protected":false},"featured_media":51706,"template":"","meta":[],"product_brand":[],"product_cat":[10657],"product_tag":[10532],"class_list":{"0":"post-82921","1":"product","2":"type-product","3":"status-publish","4":"has-post-thumbnail","6":"product_cat-elastomerico-sbs-es","7":"product_tag-coberturas","8":"pa_all-a-trazione-l-t-n-5cm-50-50-fr","9":"pa_carico-a-trazione-l-t-n-5cm-875-750","10":"pa_carico-lacerazioni-l-t-9177-de","11":"pa_flessibilita-a-freddo-25-es","12":"pa_metri-per-pezzo-8-fr","13":"pa_modalita-di-posa-con-llama-es","14":"pa_pallet-80-x120-fondo-plastica","15":"pa_peso-kg-mq-npd-fr","16":"pa_pezzi-per-bancale-10723","17":"pa_spessore-nominale-mm-9191-fr","18":"pa_superficie-inferiore-cartene-vz","19":"pa_superficie-superiore-blanco-ultra-reflectante","20":"pa_tipologia-armatura-poliestere-f-c-rinforzato","22":"first","23":"outofstock","24":"product-type-variable"},"_links":{"self":[{"href":"https:\/\/vallizabban.com\/es\/wp-json\/wp\/v2\/product\/82921","targetHints":{"allow":["GET"]}}],"collection":[{"href":"https:\/\/vallizabban.com\/es\/wp-json\/wp\/v2\/product"}],"about":[{"href":"https:\/\/vallizabban.com\/es\/wp-json\/wp\/v2\/types\/product"}],"wp:featuredmedia":[{"embeddable":true,"href":"https:\/\/vallizabban.com\/es\/wp-json\/wp\/v2\/media\/51706"}],"wp:attachment":[{"href":"https:\/\/vallizabban.com\/es\/wp-json\/wp\/v2\/media?parent=82921"}],"wp:term":[{"taxonomy":"product_brand","embeddable":true,"href":"https:\/\/vallizabban.com\/es\/wp-json\/wp\/v2\/product_brand?post=82921"},{"taxonomy":"product_cat","embeddable":true,"href":"https:\/\/vallizabban.com\/es\/wp-json\/wp\/v2\/product_cat?post=82921"},{"taxonomy":"product_tag","embeddable":true,"href":"https:\/\/vallizabban.com\/es\/wp-json\/wp\/v2\/product_tag?post=82921"}],"curies":[{"name":"wp","href":"https:\/\/api.w.org\/{rel}","templated":true}]}}