{"id":82926,"date":"2025-09-23T15:01:49","date_gmt":"2025-09-23T15:01:49","guid":{"rendered":"https:\/\/vallizabban.com\/p\/extragum-pl-super-33-2\/"},"modified":"2025-09-23T15:01:55","modified_gmt":"2025-09-23T15:01:55","slug":"extragum-pl-super-33-2","status":"publish","type":"product","link":"https:\/\/vallizabban.com\/es\/p\/extragum-pl-super-33-2\/","title":{"rendered":"Extragum  PL Super 33"},"content":{"rendered":"<h4>COMPUESTO<\/h4>\n<p>Membrana de alto rendimiento fabricada con bet\u00fan destilado modificado con poliolefinas APAO y armadura de poli\u00e9ster reforzado-estabilizado. Este producto est\u00e1 conforme  para coberturas planas, para puentes, viaductos y aparcamientos y para trabajos de cimentaci\u00f3n.  &#8211; <\/p>\n<h4>ARMADURA<\/h4>\n<p>Poli\u00e9ster reforzado y estabilizado<\/p>\n<h4>ACABADO EXTERIOR<\/h4>\n<p>Arena fina<\/p>\n<h4>INSTALACI\u00d3N<\/h4>\n<p>Soldada en total adherencia<BR><BR><\/p>\n<h4>USAR<\/h4>\n<p>Coberturas t\u00e9cnicas. Coberturas de rodamiento. Aparcamientos, puentes y viaductos con estrato de hormig\u00f3n asf\u00e1ltico aplicado directamente sobre la membrana. Cimentaciones.<\/p>\n","protected":false},"excerpt":{"rendered":"<p>Membrana de alto rendimiento fabricada con bet\u00fan destilado modificado con poliolefinas APAO y armadura de poli\u00e9ster reforzado-estabilizado. Este producto est\u00e1 conforme  para coberturas planas, para puentes, viaductos y aparcamientos y para trabajos de cimentaci\u00f3n.  &#8211;<\/p>\n","protected":false},"featured_media":0,"template":"","meta":[],"product_brand":[],"product_cat":[10662],"product_tag":[10533,10532,10534],"class_list":{"0":"post-82926","1":"product","2":"type-product","3":"status-publish","5":"product_cat-metaloceno-apao","6":"product_tag-cimientos","7":"product_tag-coberturas","8":"product_tag-puentes-y-viaductos","9":"pa_all-a-trazione-l-t-n-5cm-50-50-fr","10":"pa_carico-a-trazione-l-t-n-5cm-1200-1200","11":"pa_carico-lacerazioni-l-t-9177-de","12":"pa_flessibilita-a-freddo-20-es","13":"pa_metri-per-pezzo-10-fr","14":"pa_modalita-di-posa-con-llama-es","15":"pa_pallet-9204-de","16":"pa_pallet-114x114-fondo-plastica","17":"pa_peso-kg-mq-npd-fr","18":"pa_pezzi-per-bancale-10690","19":"pa_pezzi-per-bancale-10682","20":"pa_spessore-nominale-mm-9191-fr","21":"pa_superficie-inferiore-9174-fr","22":"pa_superficie-inferiore-cartene-vz","23":"pa_superficie-superiore-9201-de","24":"pa_superficie-superiore-suave","25":"pa_tipologia-armatura-9203-de","26":"pa_tipologia-armatura-poliestere-f-c-rinforzato","28":"first","29":"instock","30":"product-type-variable"},"_links":{"self":[{"href":"https:\/\/vallizabban.com\/es\/wp-json\/wp\/v2\/product\/82926","targetHints":{"allow":["GET"]}}],"collection":[{"href":"https:\/\/vallizabban.com\/es\/wp-json\/wp\/v2\/product"}],"about":[{"href":"https:\/\/vallizabban.com\/es\/wp-json\/wp\/v2\/types\/product"}],"wp:attachment":[{"href":"https:\/\/vallizabban.com\/es\/wp-json\/wp\/v2\/media?parent=82926"}],"wp:term":[{"taxonomy":"product_brand","embeddable":true,"href":"https:\/\/vallizabban.com\/es\/wp-json\/wp\/v2\/product_brand?post=82926"},{"taxonomy":"product_cat","embeddable":true,"href":"https:\/\/vallizabban.com\/es\/wp-json\/wp\/v2\/product_cat?post=82926"},{"taxonomy":"product_tag","embeddable":true,"href":"https:\/\/vallizabban.com\/es\/wp-json\/wp\/v2\/product_tag?post=82926"}],"curies":[{"name":"wp","href":"https:\/\/api.w.org\/{rel}","templated":true}]}}