{"id":82942,"date":"2025-09-23T15:02:02","date_gmt":"2025-09-23T15:02:02","guid":{"rendered":"https:\/\/vallizabban.com\/p\/gummival-4pl-super-33-25-2\/"},"modified":"2025-09-23T15:02:08","modified_gmt":"2025-09-23T15:02:08","slug":"gummival-4pl-super-33-25-2","status":"publish","type":"product","link":"https:\/\/vallizabban.com\/es\/p\/gummival-4pl-super-33-25-2\/","title":{"rendered":"Gummival 4PL Super 33\/25"},"content":{"rendered":"<h4>COMPUESTO<\/h4>\n<p>Membrana de alto rendimiento fabricada con bet\u00fan destilado modificado con polimeros elastoplastom\u00e9ricos y armadura de poli\u00e9ster reforzado-estabilizado, conforme a las normas EN 14695 para puentes, viaductos y aparcamientos.   &#8211; <\/p>\n<h4>ARMADURA<\/h4>\n<p>Poli\u00e9ster reforzado y estabilizado<\/p>\n<h4>ACABADO EXTERIOR<\/h4>\n<p>Tela de polipropileno<\/p>\n<h4>INSTALACI\u00d3N<\/h4>\n<p>Soldada en total adherencia<BR><BR><\/p>\n<h4>USAR<\/h4>\n<p>Coberturas t\u00e9cnicas. Coberturas de rodamiento. Aparcamientos, puentes y viaductos con estrato de hormig\u00f3n asf\u00e1ltico aplicado directamente sobre la membrana.<\/p>\n","protected":false},"excerpt":{"rendered":"<p>Membrana de alto rendimiento fabricada con bet\u00fan destilado modificado con polimeros elastoplastom\u00e9ricos y armadura de poli\u00e9ster reforzado-estabilizado, conforme a las normas EN 14695 para puentes, viaductos y aparcamientos.   &#8211;<\/p>\n","protected":false},"featured_media":51735,"template":"","meta":[],"product_brand":[],"product_cat":[10658],"product_tag":[10533,10532],"class_list":{"0":"post-82942","1":"product","2":"type-product","3":"status-publish","4":"has-post-thumbnail","6":"product_cat-elastoplastomerico-app-es","7":"product_tag-cimientos","8":"product_tag-coberturas","9":"pa_all-a-trazione-l-t-n-5cm-50-50-fr","10":"pa_carico-a-trazione-l-t-n-5cm-1200-1150","11":"pa_carico-lacerazioni-l-t-9177-de","12":"pa_flessibilita-a-freddo-15-es","13":"pa_metri-per-pezzo-10-fr","14":"pa_metri-per-pezzo-6-es-2","15":"pa_modalita-di-posa-con-llama-es","16":"pa_pallet-114x114-fondo-plastica","17":"pa_pallet-80-x120-fondo-plastica","18":"pa_peso-kg-mq-4-0-fr","19":"pa_pezzi-per-bancale-10722","20":"pa_pezzi-per-bancale-10682","21":"pa_spessore-nominale-mm-9191-fr","22":"pa_superficie-inferiore-cartene-vz","23":"pa_superficie-superiore-suave","24":"pa_superficie-superiore-tela-polimerica","25":"pa_tipologia-armatura-poliestere-f-c-rinforzato","27":"first","28":"instock","29":"product-type-variable"},"_links":{"self":[{"href":"https:\/\/vallizabban.com\/es\/wp-json\/wp\/v2\/product\/82942","targetHints":{"allow":["GET"]}}],"collection":[{"href":"https:\/\/vallizabban.com\/es\/wp-json\/wp\/v2\/product"}],"about":[{"href":"https:\/\/vallizabban.com\/es\/wp-json\/wp\/v2\/types\/product"}],"wp:featuredmedia":[{"embeddable":true,"href":"https:\/\/vallizabban.com\/es\/wp-json\/wp\/v2\/media\/51735"}],"wp:attachment":[{"href":"https:\/\/vallizabban.com\/es\/wp-json\/wp\/v2\/media?parent=82942"}],"wp:term":[{"taxonomy":"product_brand","embeddable":true,"href":"https:\/\/vallizabban.com\/es\/wp-json\/wp\/v2\/product_brand?post=82942"},{"taxonomy":"product_cat","embeddable":true,"href":"https:\/\/vallizabban.com\/es\/wp-json\/wp\/v2\/product_cat?post=82942"},{"taxonomy":"product_tag","embeddable":true,"href":"https:\/\/vallizabban.com\/es\/wp-json\/wp\/v2\/product_tag?post=82942"}],"curies":[{"name":"wp","href":"https:\/\/api.w.org\/{rel}","templated":true}]}}