{"id":82957,"date":"2025-09-23T15:02:10","date_gmt":"2025-09-23T15:02:10","guid":{"rendered":"https:\/\/vallizabban.com\/p\/optima-minerale-2\/"},"modified":"2025-09-23T15:02:16","modified_gmt":"2025-09-23T15:02:16","slug":"optima-minerale-2","status":"publish","type":"product","link":"https:\/\/vallizabban.com\/es\/p\/optima-minerale-2\/","title":{"rendered":"Optima Minerale"},"content":{"rendered":"<h4>COMPUESTO<\/h4>\n<p>Membrana de alto rendimiento fabricada con bet\u00fan destilado modificado con poliolefinas APAO y armadura de poli\u00e9ster reforzado-estabilizado. Este producto est\u00e1 destinado a trabajos nuevos y restructuraciones. <\/p>\n<h4>ARMADURA<\/h4>\n<p>Poli\u00e9ster reforzado y estabilizado<\/p>\n<h4>ACABADO EXTERIOR<\/h4>\n<p>Pizarra mineral \/ Gr\u00e1nulos mineral esferoidal<\/p>\n<h4>INSTALACI\u00d3N<\/h4>\n<p>Soldada en total adherencia<BR><BR><\/p>\n<h4>USAR<\/h4>\n<p>Coberturas t\u00e9cnicas expuestas o bajo protecci\u00f3n. Trabajos de Cimentaciones.<\/p>\n","protected":false},"excerpt":{"rendered":"<p>Membrana de alto rendimiento fabricada con bet\u00fan destilado modificado con poliolefinas APAO y armadura de poli\u00e9ster reforzado-estabilizado. Este producto est\u00e1 destinado a trabajos nuevos y restructuraciones.<\/p>\n","protected":false},"featured_media":0,"template":"","meta":[],"product_brand":[],"product_cat":[10662],"product_tag":[10532],"class_list":{"0":"post-82957","1":"product","2":"type-product","3":"status-publish","5":"product_cat-metaloceno-apao","6":"product_tag-coberturas","7":"pa_all-a-trazione-l-t-n-5cm-50-50-fr","8":"pa_carico-a-trazione-l-t-n-5cm-900-750","9":"pa_carico-lacerazioni-l-t-9177-de","10":"pa_flessibilita-a-freddo-25-es","11":"pa_metri-per-pezzo-8-fr","12":"pa_modalita-di-posa-con-llama-es","13":"pa_pallet-114x114-fondo-plastica","14":"pa_peso-kg-mq-5-2-de","15":"pa_pezzi-per-bancale-10690","16":"pa_spessore-nominale-mm-9191-fr","17":"pa_superficie-inferiore-cartene-vz","18":"pa_superficie-superiore-pizarra-mineral","19":"pa_tipologia-armatura-poliestere-f-c-rinforzato","21":"first","22":"outofstock","23":"product-type-variable"},"_links":{"self":[{"href":"https:\/\/vallizabban.com\/es\/wp-json\/wp\/v2\/product\/82957","targetHints":{"allow":["GET"]}}],"collection":[{"href":"https:\/\/vallizabban.com\/es\/wp-json\/wp\/v2\/product"}],"about":[{"href":"https:\/\/vallizabban.com\/es\/wp-json\/wp\/v2\/types\/product"}],"wp:attachment":[{"href":"https:\/\/vallizabban.com\/es\/wp-json\/wp\/v2\/media?parent=82957"}],"wp:term":[{"taxonomy":"product_brand","embeddable":true,"href":"https:\/\/vallizabban.com\/es\/wp-json\/wp\/v2\/product_brand?post=82957"},{"taxonomy":"product_cat","embeddable":true,"href":"https:\/\/vallizabban.com\/es\/wp-json\/wp\/v2\/product_cat?post=82957"},{"taxonomy":"product_tag","embeddable":true,"href":"https:\/\/vallizabban.com\/es\/wp-json\/wp\/v2\/product_tag?post=82957"}],"curies":[{"name":"wp","href":"https:\/\/api.w.org\/{rel}","templated":true}]}}